{"id":44835,"date":"2023-12-01T11:41:44","date_gmt":"2023-12-01T10:41:44","guid":{"rendered":"https:\/\/www.jazsurface.com\/?post_type=product&#038;p=44835"},"modified":"2024-01-25T13:19:23","modified_gmt":"2024-01-25T12:19:23","slug":"sanding-discs-with-velcro-velour-strap","status":"publish","type":"product","link":"https:\/\/www.jazsurface.com\/us\/brushes-for-polishing\/sanding-discs-with-velcro-velour-strap\/","title":{"rendered":"Sanding Discs with Velcro Velour Strap"},"content":{"rendered":"<div class=\"wpb-content-wrapper\"><p>[vc_row dfd_enable_overlay=&#8221;&#8221;][vc_column][vc_column_text el_class=&#8221;textDescripProducto&#8221;]Ideal for fine sanding of panels before deburring or varnish application.[\/vc_column_text][\/vc_column][\/vc_row]<\/p>\n<\/div>","protected":false},"excerpt":{"rendered":"<p>[vc_row dfd_enable_overlay=&#8221;&#8221;][vc_column][vc_column_text el_class=&#8221;textDescripProducto&#8221;]Ideal for fine sanding of panels before deburring or varnish application.[\/vc_column_text][\/vc_column][\/vc_row]<\/p>\n","protected":false},"featured_media":43342,"template":"","meta":{"_acf_changed":false,"ngg_post_thumbnail":0},"product_brand":[],"product_cat":[523,540],"product_tag":[],"class_list":{"0":"post-44835","1":"product","2":"type-product","3":"status-publish","4":"has-post-thumbnail","6":"product_cat-brushes-for-polishing-us","7":"product_cat-wheel-cup-and-end-brushes-for-orbital-sander","9":"first","10":"instock","11":"shipping-taxable","12":"product-type-simple"},"acf":[],"yoast_head":"<!-- This site is optimized with the Yoast SEO plugin v27.5 - https:\/\/yoast.com\/product\/yoast-seo-wordpress\/ -->\n<title>Sanding Discs with Velcro Velour Strap para el tratamiento de superficies - Jaz<\/title>\n<meta name=\"description\" content=\"Los Cepillos BS para piezas de revoluci\u00f3n facilitan la limpieza de la pieza sin desmontarla. Ideal para trabajos de mantenimiento, eliminaci\u00f3n de rebabas, \u00f3xido, pintura, etc.\" \/>\n<meta name=\"robots\" content=\"index, follow, max-snippet:-1, max-image-preview:large, max-video-preview:-1\" \/>\n<link rel=\"canonical\" href=\"https:\/\/www.jazsurface.com\/us\/brushes-for-polishing\/sanding-discs-with-velcro-velour-strap\/\" \/>\n<meta property=\"og:locale\" content=\"en_US\" \/>\n<meta property=\"og:type\" content=\"article\" \/>\n<meta property=\"og:title\" content=\"Sanding Discs with Velcro Velour Strap para el tratamiento de superficies - Jaz\" \/>\n<meta property=\"og:description\" content=\"Los Cepillos BS para piezas de revoluci\u00f3n facilitan la limpieza de la pieza sin desmontarla. Ideal para trabajos de mantenimiento, eliminaci\u00f3n de rebabas, \u00f3xido, pintura, etc.\" \/>\n<meta property=\"og:url\" content=\"https:\/\/www.jazsurface.com\/us\/brushes-for-polishing\/sanding-discs-with-velcro-velour-strap\/\" \/>\n<meta property=\"og:site_name\" content=\"Jaz\" \/>\n<meta property=\"article:modified_time\" content=\"2024-01-25T12:19:23+00:00\" \/>\n<meta property=\"og:image\" content=\"https:\/\/www.jazsurface.com\/wp-content\/uploads\/2023\/11\/jaz-cepillos-pulidos-discos-lija-con-velcro-velour1.jpg\" \/>\n\t<meta property=\"og:image:width\" content=\"1000\" \/>\n\t<meta property=\"og:image:height\" content=\"1000\" \/>\n\t<meta property=\"og:image:type\" content=\"image\/jpeg\" \/>\n<meta name=\"twitter:card\" content=\"summary_large_image\" \/>\n<meta name=\"twitter:label1\" content=\"Est. reading time\" \/>\n\t<meta name=\"twitter:data1\" content=\"1 minute\" \/>\n<script type=\"application\/ld+json\" class=\"yoast-schema-graph\">{\"@context\":\"https:\\\/\\\/schema.org\",\"@graph\":[{\"@type\":\"WebPage\",\"@id\":\"https:\\\/\\\/www.jazsurface.com\\\/us\\\/brushes-for-polishing\\\/sanding-discs-with-velcro-velour-strap\\\/\",\"url\":\"https:\\\/\\\/www.jazsurface.com\\\/us\\\/brushes-for-polishing\\\/sanding-discs-with-velcro-velour-strap\\\/\",\"name\":\"Sanding Discs with Velcro Velour Strap para el tratamiento de superficies - Jaz\",\"isPartOf\":{\"@id\":\"https:\\\/\\\/www.jazsurface.com\\\/us\\\/#website\"},\"primaryImageOfPage\":{\"@id\":\"https:\\\/\\\/www.jazsurface.com\\\/us\\\/brushes-for-polishing\\\/sanding-discs-with-velcro-velour-strap\\\/#primaryimage\"},\"image\":{\"@id\":\"https:\\\/\\\/www.jazsurface.com\\\/us\\\/brushes-for-polishing\\\/sanding-discs-with-velcro-velour-strap\\\/#primaryimage\"},\"thumbnailUrl\":\"https:\\\/\\\/www.jazsurface.com\\\/wp-content\\\/uploads\\\/2023\\\/11\\\/jaz-cepillos-pulidos-discos-lija-con-velcro-velour1.jpg\",\"datePublished\":\"2023-12-01T10:41:44+00:00\",\"dateModified\":\"2024-01-25T12:19:23+00:00\",\"description\":\"Los Cepillos BS para piezas de revoluci\u00f3n facilitan la limpieza de la pieza sin desmontarla. Ideal para trabajos de mantenimiento, eliminaci\u00f3n de rebabas, \u00f3xido, pintura, etc.\",\"breadcrumb\":{\"@id\":\"https:\\\/\\\/www.jazsurface.com\\\/us\\\/brushes-for-polishing\\\/sanding-discs-with-velcro-velour-strap\\\/#breadcrumb\"},\"inLanguage\":\"en-US\",\"potentialAction\":[{\"@type\":\"ReadAction\",\"target\":[\"https:\\\/\\\/www.jazsurface.com\\\/us\\\/brushes-for-polishing\\\/sanding-discs-with-velcro-velour-strap\\\/\"]}]},{\"@type\":\"ImageObject\",\"inLanguage\":\"en-US\",\"@id\":\"https:\\\/\\\/www.jazsurface.com\\\/us\\\/brushes-for-polishing\\\/sanding-discs-with-velcro-velour-strap\\\/#primaryimage\",\"url\":\"https:\\\/\\\/www.jazsurface.com\\\/wp-content\\\/uploads\\\/2023\\\/11\\\/jaz-cepillos-pulidos-discos-lija-con-velcro-velour1.jpg\",\"contentUrl\":\"https:\\\/\\\/www.jazsurface.com\\\/wp-content\\\/uploads\\\/2023\\\/11\\\/jaz-cepillos-pulidos-discos-lija-con-velcro-velour1.jpg\",\"width\":1000,\"height\":1000,\"caption\":\"Discos de Lija con Velcro Velour\"},{\"@type\":\"BreadcrumbList\",\"@id\":\"https:\\\/\\\/www.jazsurface.com\\\/us\\\/brushes-for-polishing\\\/sanding-discs-with-velcro-velour-strap\\\/#breadcrumb\",\"itemListElement\":[{\"@type\":\"ListItem\",\"position\":1,\"name\":\"Portada\",\"item\":\"https:\\\/\\\/www.jazsurface.com\\\/us\\\/\"},{\"@type\":\"ListItem\",\"position\":2,\"name\":\"Products\",\"item\":\"https:\\\/\\\/www.jazsurface.com\\\/us\\\/products-usa\\\/\"},{\"@type\":\"ListItem\",\"position\":3,\"name\":\"Sanding Discs with Velcro Velour Strap\"}]},{\"@type\":\"WebSite\",\"@id\":\"https:\\\/\\\/www.jazsurface.com\\\/us\\\/#website\",\"url\":\"https:\\\/\\\/www.jazsurface.com\\\/us\\\/\",\"name\":\"Jaz\",\"description\":\"Especialistas en el tratamiento de superficies\",\"potentialAction\":[{\"@type\":\"SearchAction\",\"target\":{\"@type\":\"EntryPoint\",\"urlTemplate\":\"https:\\\/\\\/www.jazsurface.com\\\/us\\\/?s={search_term_string}\"},\"query-input\":{\"@type\":\"PropertyValueSpecification\",\"valueRequired\":true,\"valueName\":\"search_term_string\"}}],\"inLanguage\":\"en-US\"}]}<\/script>\n<!-- \/ Yoast SEO plugin. -->","yoast_head_json":{"title":"Sanding Discs with Velcro Velour Strap para el tratamiento de superficies - Jaz","description":"Los Cepillos BS para piezas de revoluci\u00f3n facilitan la limpieza de la pieza sin desmontarla. Ideal para trabajos de mantenimiento, eliminaci\u00f3n de rebabas, \u00f3xido, pintura, etc.","robots":{"index":"index","follow":"follow","max-snippet":"max-snippet:-1","max-image-preview":"max-image-preview:large","max-video-preview":"max-video-preview:-1"},"canonical":"https:\/\/www.jazsurface.com\/us\/brushes-for-polishing\/sanding-discs-with-velcro-velour-strap\/","og_locale":"en_US","og_type":"article","og_title":"Sanding Discs with Velcro Velour Strap para el tratamiento de superficies - Jaz","og_description":"Los Cepillos BS para piezas de revoluci\u00f3n facilitan la limpieza de la pieza sin desmontarla. Ideal para trabajos de mantenimiento, eliminaci\u00f3n de rebabas, \u00f3xido, pintura, etc.","og_url":"https:\/\/www.jazsurface.com\/us\/brushes-for-polishing\/sanding-discs-with-velcro-velour-strap\/","og_site_name":"Jaz","article_modified_time":"2024-01-25T12:19:23+00:00","og_image":[{"width":1000,"height":1000,"url":"https:\/\/www.jazsurface.com\/wp-content\/uploads\/2023\/11\/jaz-cepillos-pulidos-discos-lija-con-velcro-velour1.jpg","type":"image\/jpeg"}],"twitter_card":"summary_large_image","twitter_misc":{"Est. reading time":"1 minute"},"schema":{"@context":"https:\/\/schema.org","@graph":[{"@type":"WebPage","@id":"https:\/\/www.jazsurface.com\/us\/brushes-for-polishing\/sanding-discs-with-velcro-velour-strap\/","url":"https:\/\/www.jazsurface.com\/us\/brushes-for-polishing\/sanding-discs-with-velcro-velour-strap\/","name":"Sanding Discs with Velcro Velour Strap para el tratamiento de superficies - Jaz","isPartOf":{"@id":"https:\/\/www.jazsurface.com\/us\/#website"},"primaryImageOfPage":{"@id":"https:\/\/www.jazsurface.com\/us\/brushes-for-polishing\/sanding-discs-with-velcro-velour-strap\/#primaryimage"},"image":{"@id":"https:\/\/www.jazsurface.com\/us\/brushes-for-polishing\/sanding-discs-with-velcro-velour-strap\/#primaryimage"},"thumbnailUrl":"https:\/\/www.jazsurface.com\/wp-content\/uploads\/2023\/11\/jaz-cepillos-pulidos-discos-lija-con-velcro-velour1.jpg","datePublished":"2023-12-01T10:41:44+00:00","dateModified":"2024-01-25T12:19:23+00:00","description":"Los Cepillos BS para piezas de revoluci\u00f3n facilitan la limpieza de la pieza sin desmontarla. Ideal para trabajos de mantenimiento, eliminaci\u00f3n de rebabas, \u00f3xido, pintura, etc.","breadcrumb":{"@id":"https:\/\/www.jazsurface.com\/us\/brushes-for-polishing\/sanding-discs-with-velcro-velour-strap\/#breadcrumb"},"inLanguage":"en-US","potentialAction":[{"@type":"ReadAction","target":["https:\/\/www.jazsurface.com\/us\/brushes-for-polishing\/sanding-discs-with-velcro-velour-strap\/"]}]},{"@type":"ImageObject","inLanguage":"en-US","@id":"https:\/\/www.jazsurface.com\/us\/brushes-for-polishing\/sanding-discs-with-velcro-velour-strap\/#primaryimage","url":"https:\/\/www.jazsurface.com\/wp-content\/uploads\/2023\/11\/jaz-cepillos-pulidos-discos-lija-con-velcro-velour1.jpg","contentUrl":"https:\/\/www.jazsurface.com\/wp-content\/uploads\/2023\/11\/jaz-cepillos-pulidos-discos-lija-con-velcro-velour1.jpg","width":1000,"height":1000,"caption":"Discos de Lija con Velcro Velour"},{"@type":"BreadcrumbList","@id":"https:\/\/www.jazsurface.com\/us\/brushes-for-polishing\/sanding-discs-with-velcro-velour-strap\/#breadcrumb","itemListElement":[{"@type":"ListItem","position":1,"name":"Portada","item":"https:\/\/www.jazsurface.com\/us\/"},{"@type":"ListItem","position":2,"name":"Products","item":"https:\/\/www.jazsurface.com\/us\/products-usa\/"},{"@type":"ListItem","position":3,"name":"Sanding Discs with Velcro Velour Strap"}]},{"@type":"WebSite","@id":"https:\/\/www.jazsurface.com\/us\/#website","url":"https:\/\/www.jazsurface.com\/us\/","name":"Jaz","description":"Especialistas en el tratamiento de superficies","potentialAction":[{"@type":"SearchAction","target":{"@type":"EntryPoint","urlTemplate":"https:\/\/www.jazsurface.com\/us\/?s={search_term_string}"},"query-input":{"@type":"PropertyValueSpecification","valueRequired":true,"valueName":"search_term_string"}}],"inLanguage":"en-US"}]}},"_links":{"self":[{"href":"https:\/\/www.jazsurface.com\/us\/wp-json\/wp\/v2\/product\/44835","targetHints":{"allow":["GET"]}}],"collection":[{"href":"https:\/\/www.jazsurface.com\/us\/wp-json\/wp\/v2\/product"}],"about":[{"href":"https:\/\/www.jazsurface.com\/us\/wp-json\/wp\/v2\/types\/product"}],"wp:featuredmedia":[{"embeddable":true,"href":"https:\/\/www.jazsurface.com\/us\/wp-json\/wp\/v2\/media\/43342"}],"wp:attachment":[{"href":"https:\/\/www.jazsurface.com\/us\/wp-json\/wp\/v2\/media?parent=44835"}],"wp:term":[{"taxonomy":"product_brand","embeddable":true,"href":"https:\/\/www.jazsurface.com\/us\/wp-json\/wp\/v2\/product_brand?post=44835"},{"taxonomy":"product_cat","embeddable":true,"href":"https:\/\/www.jazsurface.com\/us\/wp-json\/wp\/v2\/product_cat?post=44835"},{"taxonomy":"product_tag","embeddable":true,"href":"https:\/\/www.jazsurface.com\/us\/wp-json\/wp\/v2\/product_tag?post=44835"}],"curies":[{"name":"wp","href":"https:\/\/api.w.org\/{rel}","templated":true}]}}