{"id":37079,"date":"2019-05-21T10:25:53","date_gmt":"2019-05-21T08:25:53","guid":{"rendered":"https:\/\/www.jazsurface.com\/productos\/uncategorized\/rigid-metal-strip\/"},"modified":"2021-04-14T12:10:40","modified_gmt":"2021-04-14T10:10:40","slug":"rigid-metal-strip","status":"publish","type":"product","link":"https:\/\/www.jazsurface.com\/us\/non-sparking-surface-treatment\/rigid-metal-strip\/","title":{"rendered":"Rigid metal STRIPs"},"content":{"rendered":"<div class=\"wpb-content-wrapper\"><p>[vc_row][vc_column][vc_column_text]Stainless steel or Brass coated steel model. STRIP brushes allow the user a fast adaptation, since the profiles can be cut, drilled, machined, etc.[\/vc_column_text]<div class=\"dfd-spacer-module\"  data-units=\"px\" data-wide_resolution=\"1280\" data-wide_size=\"30\" data-normal_resolution=\"1024\" data-normal_size=\"20\" data-tablet_resolution=\"800\" data-tablet_size=\"20\" data-mobile_resolution=\"480\" data-mobile_size=\"20\" style=\"height: 30px;\"><\/div><div class=\"dfd-heading-shortcode\"><div class=\"dfd-heading-module-wrap  text-left style_01 dfd-heading-69e4d9ad3526f dfd-disable-resposive-headings\" id=\"dfd-heading-69e4d9ad3526f\" ><div class=\"inline-block\"><div class=\"dfd-heading-module\"><h2 class=\"widget-title dfd-title \" style=\"font-size: 18px; line-height: 22px; \">Stainless steel model<\/h2><\/div><\/div><\/div><script type=\"text\/javascript\">\r\n\t\t\t\t\t\t\t\t\t(function($) {\r\n\t\t\t\t\t\t\t\t\t\t$(\"head\").append(\"<style>.dfd-heading-69e4d9ad3526f .dfd-heading-module .widget-title {margin-bottom:15px;}.dfd-heading-69e4d9ad3526f.dfd-heading-module-wrap .dfd-heading-module .dfd-heading-delimiter {margin-top:10px;margin-bottom:10px;}<\/style>\");\r\n\t\t\t\t\t\t\t\t\t})(jQuery);\r\n\t\t\t\t\t\t\t\t<\/script><\/div>[vc_column_text]Metal Strip with the \u201cU\u201d of stainless steel AISI 304L and stainless steel wires.<br \/>\nIt is used in food industry, and in processes where corrosion is critical.[\/vc_column_text]<div class=\"dfd-spacer-module\"  data-units=\"px\" data-wide_resolution=\"1280\" data-wide_size=\"30\" data-normal_resolution=\"1024\" data-normal_size=\"20\" data-tablet_resolution=\"800\" data-tablet_size=\"20\" data-mobile_resolution=\"480\" data-mobile_size=\"20\" style=\"height: 30px;\"><\/div><div class=\"dfd-heading-shortcode\"><div class=\"dfd-heading-module-wrap  text-left style_01 dfd-heading-69e4d9ad353d1 dfd-disable-resposive-headings\" id=\"dfd-heading-69e4d9ad353d1\" ><div class=\"inline-block\"><div class=\"dfd-heading-module\"><h2 class=\"widget-title dfd-title \" style=\"font-size: 18px; line-height: 21px; \">Brass coated steel model<\/h2><\/div><\/div><\/div><script type=\"text\/javascript\">\r\n\t\t\t\t\t\t\t\t\t(function($) {\r\n\t\t\t\t\t\t\t\t\t\t$(\"head\").append(\"<style>.dfd-heading-69e4d9ad353d1 .dfd-heading-module .widget-title {margin-bottom:15px;}.dfd-heading-69e4d9ad353d1.dfd-heading-module-wrap .dfd-heading-module .dfd-heading-delimiter {margin-top:10px;margin-bottom:10px;}<\/style>\");\r\n\t\t\t\t\t\t\t\t\t})(jQuery);\r\n\t\t\t\t\t\t\t\t<\/script><\/div>[vc_column_text]Metal Strip with the \u201cU\u201d of electro-lacquered steel and brass coated steel wires, used in a wide variety of industrial processes.<br \/>\nSupplied in 3 meter bars.[\/vc_column_text][\/vc_column][\/vc_row]<\/p>\n<\/div>","protected":false},"excerpt":{"rendered":"<p>[vc_row][vc_column][vc_column_text]Stainless steel or Brass coated steel model. STRIP brushes allow the user a fast adaptation, since the profiles can be cut, drilled, machined, etc.[\/vc_column_text][vc_column_text]Metal Strip with the \u201cU\u201d of stainless<\/p>\n","protected":false},"featured_media":37080,"template":"","meta":{"_acf_changed":false,"ngg_post_thumbnail":0},"product_brand":[],"product_cat":[454,453,455,457,460,445,448,458,456,406,405,420,461],"product_tag":[],"class_list":{"0":"post-37079","1":"product","2":"type-product","3":"status-publish","4":"has-post-thumbnail","6":"product_cat-non-sparking-surface-treatment","7":"product_cat-products-for-coarse-surface-finishing","8":"product_cat-products-for-fine-surface-finishing","9":"product_cat-products-for-medium-surface-finishing","10":"product_cat-products-for-superfine-surface-finishing","11":"product_cat-surface-cleaning-products","12":"product_cat-surface-sweeping-products","13":"product_cat-stainless-steel-and-aluminum-surface-treatment","14":"product_cat-steel-surface-treatment","15":"product_cat-strip-brushes-range","16":"product_cat-technical-brushes","17":"product_cat-wheel-cup-and-end-brushes-for-using-by-hand","18":"product_cat-wood-surface-treatment","20":"first","21":"instock","22":"shipping-taxable","23":"product-type-simple"},"acf":[],"yoast_head":"<!-- This site is optimized with the Yoast SEO plugin v27.2 - https:\/\/yoast.com\/product\/yoast-seo-wordpress\/ -->\n<title>Strip Brushes. Rigid Metal Strip - Jaz<\/title>\n<meta name=\"description\" content=\"Stainless steel or Brass coated steel model. STRIP brushes allow the user a fast adaptation, since the profiles can be cut, drilled, machined, etc.\" \/>\n<meta name=\"robots\" content=\"index, follow, max-snippet:-1, max-image-preview:large, max-video-preview:-1\" \/>\n<link rel=\"canonical\" href=\"https:\/\/www.jazsurface.com\/us\/non-sparking-surface-treatment\/rigid-metal-strip\/\" \/>\n<meta property=\"og:locale\" content=\"en_US\" \/>\n<meta property=\"og:type\" content=\"article\" \/>\n<meta property=\"og:title\" content=\"Strip Brushes. Rigid Metal Strip - Jaz\" \/>\n<meta property=\"og:description\" content=\"Stainless steel or Brass coated steel model. STRIP brushes allow the user a fast adaptation, since the profiles can be cut, drilled, machined, etc.\" \/>\n<meta property=\"og:url\" content=\"https:\/\/www.jazsurface.com\/us\/non-sparking-surface-treatment\/rigid-metal-strip\/\" \/>\n<meta property=\"og:site_name\" content=\"Jaz\" \/>\n<meta property=\"article:modified_time\" content=\"2021-04-14T10:10:40+00:00\" \/>\n<meta property=\"og:image\" content=\"https:\/\/www.jazsurface.com\/wp-content\/uploads\/2019\/05\/jaz-cepilleria-tecnica-strip-rigido-de-pua-metalica.jpg\" \/>\n\t<meta property=\"og:image:width\" content=\"1000\" \/>\n\t<meta property=\"og:image:height\" content=\"1000\" \/>\n\t<meta property=\"og:image:type\" content=\"image\/jpeg\" \/>\n<meta name=\"twitter:card\" content=\"summary_large_image\" \/>\n<meta name=\"twitter:label1\" content=\"Est. reading time\" \/>\n\t<meta name=\"twitter:data1\" content=\"1 minute\" \/>\n<script type=\"application\/ld+json\" class=\"yoast-schema-graph\">{\"@context\":\"https:\/\/schema.org\",\"@graph\":[{\"@type\":\"WebPage\",\"@id\":\"https:\/\/www.jazsurface.com\/us\/non-sparking-surface-treatment\/rigid-metal-strip\/\",\"url\":\"https:\/\/www.jazsurface.com\/us\/non-sparking-surface-treatment\/rigid-metal-strip\/\",\"name\":\"Strip Brushes. Rigid Metal Strip - Jaz\",\"isPartOf\":{\"@id\":\"https:\/\/www.jazsurface.com\/us\/#website\"},\"primaryImageOfPage\":{\"@id\":\"https:\/\/www.jazsurface.com\/us\/non-sparking-surface-treatment\/rigid-metal-strip\/#primaryimage\"},\"image\":{\"@id\":\"https:\/\/www.jazsurface.com\/us\/non-sparking-surface-treatment\/rigid-metal-strip\/#primaryimage\"},\"thumbnailUrl\":\"https:\/\/www.jazsurface.com\/wp-content\/uploads\/2019\/05\/jaz-cepilleria-tecnica-strip-rigido-de-pua-metalica.jpg\",\"datePublished\":\"2019-05-21T08:25:53+00:00\",\"dateModified\":\"2021-04-14T10:10:40+00:00\",\"description\":\"Stainless steel or Brass coated steel model. STRIP brushes allow the user a fast adaptation, since the profiles can be cut, drilled, machined, etc.\",\"breadcrumb\":{\"@id\":\"https:\/\/www.jazsurface.com\/us\/non-sparking-surface-treatment\/rigid-metal-strip\/#breadcrumb\"},\"inLanguage\":\"en-US\",\"potentialAction\":[{\"@type\":\"ReadAction\",\"target\":[\"https:\/\/www.jazsurface.com\/us\/non-sparking-surface-treatment\/rigid-metal-strip\/\"]}]},{\"@type\":\"ImageObject\",\"inLanguage\":\"en-US\",\"@id\":\"https:\/\/www.jazsurface.com\/us\/non-sparking-surface-treatment\/rigid-metal-strip\/#primaryimage\",\"url\":\"https:\/\/www.jazsurface.com\/wp-content\/uploads\/2019\/05\/jaz-cepilleria-tecnica-strip-rigido-de-pua-metalica.jpg\",\"contentUrl\":\"https:\/\/www.jazsurface.com\/wp-content\/uploads\/2019\/05\/jaz-cepilleria-tecnica-strip-rigido-de-pua-metalica.jpg\",\"width\":1000,\"height\":1000,\"caption\":\"JAZ ZUBIAURRE: Strip r\u00edgido de p\u00faa met\u00e1lica\"},{\"@type\":\"BreadcrumbList\",\"@id\":\"https:\/\/www.jazsurface.com\/us\/non-sparking-surface-treatment\/rigid-metal-strip\/#breadcrumb\",\"itemListElement\":[{\"@type\":\"ListItem\",\"position\":1,\"name\":\"Portada\",\"item\":\"https:\/\/www.jazsurface.com\/us\/\"},{\"@type\":\"ListItem\",\"position\":2,\"name\":\"Products\",\"item\":\"https:\/\/www.jazsurface.com\/us\/products-usa\/\"},{\"@type\":\"ListItem\",\"position\":3,\"name\":\"Rigid metal STRIPs\"}]},{\"@type\":\"WebSite\",\"@id\":\"https:\/\/www.jazsurface.com\/us\/#website\",\"url\":\"https:\/\/www.jazsurface.com\/us\/\",\"name\":\"Jaz\",\"description\":\"Especialistas en el tratamiento de superficies\",\"potentialAction\":[{\"@type\":\"SearchAction\",\"target\":{\"@type\":\"EntryPoint\",\"urlTemplate\":\"https:\/\/www.jazsurface.com\/us\/?s={search_term_string}\"},\"query-input\":{\"@type\":\"PropertyValueSpecification\",\"valueRequired\":true,\"valueName\":\"search_term_string\"}}],\"inLanguage\":\"en-US\"}]}<\/script>\n<!-- \/ Yoast SEO plugin. -->","yoast_head_json":{"title":"Strip Brushes. Rigid Metal Strip - Jaz","description":"Stainless steel or Brass coated steel model. STRIP brushes allow the user a fast adaptation, since the profiles can be cut, drilled, machined, etc.","robots":{"index":"index","follow":"follow","max-snippet":"max-snippet:-1","max-image-preview":"max-image-preview:large","max-video-preview":"max-video-preview:-1"},"canonical":"https:\/\/www.jazsurface.com\/us\/non-sparking-surface-treatment\/rigid-metal-strip\/","og_locale":"en_US","og_type":"article","og_title":"Strip Brushes. Rigid Metal Strip - Jaz","og_description":"Stainless steel or Brass coated steel model. STRIP brushes allow the user a fast adaptation, since the profiles can be cut, drilled, machined, etc.","og_url":"https:\/\/www.jazsurface.com\/us\/non-sparking-surface-treatment\/rigid-metal-strip\/","og_site_name":"Jaz","article_modified_time":"2021-04-14T10:10:40+00:00","og_image":[{"width":1000,"height":1000,"url":"https:\/\/www.jazsurface.com\/wp-content\/uploads\/2019\/05\/jaz-cepilleria-tecnica-strip-rigido-de-pua-metalica.jpg","type":"image\/jpeg"}],"twitter_card":"summary_large_image","twitter_misc":{"Est. reading time":"1 minute"},"schema":{"@context":"https:\/\/schema.org","@graph":[{"@type":"WebPage","@id":"https:\/\/www.jazsurface.com\/us\/non-sparking-surface-treatment\/rigid-metal-strip\/","url":"https:\/\/www.jazsurface.com\/us\/non-sparking-surface-treatment\/rigid-metal-strip\/","name":"Strip Brushes. Rigid Metal Strip - Jaz","isPartOf":{"@id":"https:\/\/www.jazsurface.com\/us\/#website"},"primaryImageOfPage":{"@id":"https:\/\/www.jazsurface.com\/us\/non-sparking-surface-treatment\/rigid-metal-strip\/#primaryimage"},"image":{"@id":"https:\/\/www.jazsurface.com\/us\/non-sparking-surface-treatment\/rigid-metal-strip\/#primaryimage"},"thumbnailUrl":"https:\/\/www.jazsurface.com\/wp-content\/uploads\/2019\/05\/jaz-cepilleria-tecnica-strip-rigido-de-pua-metalica.jpg","datePublished":"2019-05-21T08:25:53+00:00","dateModified":"2021-04-14T10:10:40+00:00","description":"Stainless steel or Brass coated steel model. STRIP brushes allow the user a fast adaptation, since the profiles can be cut, drilled, machined, etc.","breadcrumb":{"@id":"https:\/\/www.jazsurface.com\/us\/non-sparking-surface-treatment\/rigid-metal-strip\/#breadcrumb"},"inLanguage":"en-US","potentialAction":[{"@type":"ReadAction","target":["https:\/\/www.jazsurface.com\/us\/non-sparking-surface-treatment\/rigid-metal-strip\/"]}]},{"@type":"ImageObject","inLanguage":"en-US","@id":"https:\/\/www.jazsurface.com\/us\/non-sparking-surface-treatment\/rigid-metal-strip\/#primaryimage","url":"https:\/\/www.jazsurface.com\/wp-content\/uploads\/2019\/05\/jaz-cepilleria-tecnica-strip-rigido-de-pua-metalica.jpg","contentUrl":"https:\/\/www.jazsurface.com\/wp-content\/uploads\/2019\/05\/jaz-cepilleria-tecnica-strip-rigido-de-pua-metalica.jpg","width":1000,"height":1000,"caption":"JAZ ZUBIAURRE: Strip r\u00edgido de p\u00faa met\u00e1lica"},{"@type":"BreadcrumbList","@id":"https:\/\/www.jazsurface.com\/us\/non-sparking-surface-treatment\/rigid-metal-strip\/#breadcrumb","itemListElement":[{"@type":"ListItem","position":1,"name":"Portada","item":"https:\/\/www.jazsurface.com\/us\/"},{"@type":"ListItem","position":2,"name":"Products","item":"https:\/\/www.jazsurface.com\/us\/products-usa\/"},{"@type":"ListItem","position":3,"name":"Rigid metal STRIPs"}]},{"@type":"WebSite","@id":"https:\/\/www.jazsurface.com\/us\/#website","url":"https:\/\/www.jazsurface.com\/us\/","name":"Jaz","description":"Especialistas en el tratamiento de superficies","potentialAction":[{"@type":"SearchAction","target":{"@type":"EntryPoint","urlTemplate":"https:\/\/www.jazsurface.com\/us\/?s={search_term_string}"},"query-input":{"@type":"PropertyValueSpecification","valueRequired":true,"valueName":"search_term_string"}}],"inLanguage":"en-US"}]}},"_links":{"self":[{"href":"https:\/\/www.jazsurface.com\/us\/wp-json\/wp\/v2\/product\/37079","targetHints":{"allow":["GET"]}}],"collection":[{"href":"https:\/\/www.jazsurface.com\/us\/wp-json\/wp\/v2\/product"}],"about":[{"href":"https:\/\/www.jazsurface.com\/us\/wp-json\/wp\/v2\/types\/product"}],"wp:featuredmedia":[{"embeddable":true,"href":"https:\/\/www.jazsurface.com\/us\/wp-json\/wp\/v2\/media\/37080"}],"wp:attachment":[{"href":"https:\/\/www.jazsurface.com\/us\/wp-json\/wp\/v2\/media?parent=37079"}],"wp:term":[{"taxonomy":"product_brand","embeddable":true,"href":"https:\/\/www.jazsurface.com\/us\/wp-json\/wp\/v2\/product_brand?post=37079"},{"taxonomy":"product_cat","embeddable":true,"href":"https:\/\/www.jazsurface.com\/us\/wp-json\/wp\/v2\/product_cat?post=37079"},{"taxonomy":"product_tag","embeddable":true,"href":"https:\/\/www.jazsurface.com\/us\/wp-json\/wp\/v2\/product_tag?post=37079"}],"curies":[{"name":"wp","href":"https:\/\/api.w.org\/{rel}","templated":true}]}}