{"id":36851,"date":"2019-05-20T11:22:08","date_gmt":"2019-05-20T09:22:08","guid":{"rendered":"https:\/\/www.jazsurface.com\/productos\/uncategorized\/tuft\/"},"modified":"2021-04-14T12:17:04","modified_gmt":"2021-04-14T10:17:04","slug":"tuft","status":"publish","type":"product","link":"https:\/\/www.jazsurface.com\/us\/flexible-abrasives\/ccm-brush\/tuft\/","title":{"rendered":"TUFT"},"content":{"rendered":"<div class=\"wpb-content-wrapper\"><p>[vc_row][vc_column][vc_column_text]Se utiliza para infinidad de desbarbados, son cepillos con menor densidad. Los filamentos tienen m\u00e1s movilidad al existir espacio entre ellos por lo que es m\u00e1s flexible y se adapta a geometr\u00edas complejas.<\/p>\n<p>JAZ &#8220;CCM&#8221; brushes are mainly composed of nylon filaments impregnated with: Silicon carbide, aluminum oxide, diamond, ceramic coating, etc.<\/p>\n<p>The \u201cCCM\u201d line is designed to be mounted as a tool for use in machining centers, robots, flexible cells, etc.<\/p>\n<p>The &#8220;CCM&#8221; brushes provide a variety of solutions such as deburring, blending and finishing, rounding of edges, contouring of edges and refinement of surfaces.<\/p>\n<p>Our abrasive filament brushes can be run dry (without a coolant), however applying a \u201ccoolant\u201d to the abrasive filaments will improve the finish and performance of the tool.<\/p>\n<p>Industries such as Automotive, Aeronautics, Sintered Metals, etc., where surface finishing is important, can find a solution to many surface finishing problems with JAZ \u201cCCM\u201d brushes.[\/vc_column_text][\/vc_column][\/vc_row]<\/p>\n<\/div>","protected":false},"excerpt":{"rendered":"<p>[vc_row][vc_column][vc_column_text]Se utiliza para infinidad de desbarbados, son cepillos con menor densidad. Los filamentos tienen m\u00e1s movilidad al existir espacio entre ellos por lo que es m\u00e1s flexible y se adapta<\/p>\n","protected":false},"featured_media":36852,"template":"","meta":{"_acf_changed":false,"ngg_post_thumbnail":0},"product_brand":[],"product_cat":[397,396,455,457,450,458,456,424],"product_tag":[],"class_list":{"0":"post-36851","1":"product","2":"type-product","3":"status-publish","4":"has-post-thumbnail","6":"product_cat-ccm-brush","7":"product_cat-flexible-abrasives","8":"product_cat-products-for-fine-surface-finishing","9":"product_cat-products-for-medium-surface-finishing","10":"product_cat-surface-finishing-products","11":"product_cat-stainless-steel-and-aluminum-surface-treatment","12":"product_cat-steel-surface-treatment","13":"product_cat-wheel-cup-and-end-brushes-for-industrial-machines","15":"first","16":"instock","17":"shipping-taxable","18":"product-type-simple"},"acf":[],"yoast_head":"<!-- This site is optimized with the Yoast SEO plugin v27.2 - https:\/\/yoast.com\/product\/yoast-seo-wordpress\/ -->\n<title>TUFT Brushes for surface treatment - Jaz<\/title>\n<meta name=\"description\" content=\"TUFT Brushes are used for a wide range of deburring degrees. Brushes of less density than other model types so it provides more flexibility when brushing and adapts better to complex surface geometries.\" \/>\n<meta name=\"robots\" content=\"index, follow, max-snippet:-1, max-image-preview:large, max-video-preview:-1\" \/>\n<link rel=\"canonical\" href=\"https:\/\/www.jazsurface.com\/us\/flexible-abrasives\/ccm-brush\/tuft\/\" \/>\n<meta property=\"og:locale\" content=\"en_US\" \/>\n<meta property=\"og:type\" content=\"article\" \/>\n<meta property=\"og:title\" content=\"TUFT Brushes for surface treatment - Jaz\" \/>\n<meta property=\"og:description\" content=\"TUFT Brushes are used for a wide range of deburring degrees. Brushes of less density than other model types so it provides more flexibility when brushing and adapts better to complex surface geometries.\" \/>\n<meta property=\"og:url\" content=\"https:\/\/www.jazsurface.com\/us\/flexible-abrasives\/ccm-brush\/tuft\/\" \/>\n<meta property=\"og:site_name\" content=\"Jaz\" \/>\n<meta property=\"article:modified_time\" content=\"2021-04-14T10:17:04+00:00\" \/>\n<meta property=\"og:image\" content=\"https:\/\/www.jazsurface.com\/wp-content\/uploads\/2019\/05\/jaz-abrasivos-flexibles-tuft.jpg\" \/>\n\t<meta property=\"og:image:width\" content=\"1000\" \/>\n\t<meta property=\"og:image:height\" content=\"1000\" \/>\n\t<meta property=\"og:image:type\" content=\"image\/jpeg\" \/>\n<meta name=\"twitter:card\" content=\"summary_large_image\" \/>\n<meta name=\"twitter:label1\" content=\"Est. reading time\" \/>\n\t<meta name=\"twitter:data1\" content=\"1 minute\" \/>\n<script type=\"application\/ld+json\" class=\"yoast-schema-graph\">{\"@context\":\"https:\/\/schema.org\",\"@graph\":[{\"@type\":\"WebPage\",\"@id\":\"https:\/\/www.jazsurface.com\/us\/flexible-abrasives\/ccm-brush\/tuft\/\",\"url\":\"https:\/\/www.jazsurface.com\/us\/flexible-abrasives\/ccm-brush\/tuft\/\",\"name\":\"TUFT Brushes for surface treatment - Jaz\",\"isPartOf\":{\"@id\":\"https:\/\/www.jazsurface.com\/us\/#website\"},\"primaryImageOfPage\":{\"@id\":\"https:\/\/www.jazsurface.com\/us\/flexible-abrasives\/ccm-brush\/tuft\/#primaryimage\"},\"image\":{\"@id\":\"https:\/\/www.jazsurface.com\/us\/flexible-abrasives\/ccm-brush\/tuft\/#primaryimage\"},\"thumbnailUrl\":\"https:\/\/www.jazsurface.com\/wp-content\/uploads\/2019\/05\/jaz-abrasivos-flexibles-tuft.jpg\",\"datePublished\":\"2019-05-20T09:22:08+00:00\",\"dateModified\":\"2021-04-14T10:17:04+00:00\",\"description\":\"TUFT Brushes are used for a wide range of deburring degrees. Brushes of less density than other model types so it provides more flexibility when brushing and adapts better to complex surface geometries.\",\"breadcrumb\":{\"@id\":\"https:\/\/www.jazsurface.com\/us\/flexible-abrasives\/ccm-brush\/tuft\/#breadcrumb\"},\"inLanguage\":\"en-US\",\"potentialAction\":[{\"@type\":\"ReadAction\",\"target\":[\"https:\/\/www.jazsurface.com\/us\/flexible-abrasives\/ccm-brush\/tuft\/\"]}]},{\"@type\":\"ImageObject\",\"inLanguage\":\"en-US\",\"@id\":\"https:\/\/www.jazsurface.com\/us\/flexible-abrasives\/ccm-brush\/tuft\/#primaryimage\",\"url\":\"https:\/\/www.jazsurface.com\/wp-content\/uploads\/2019\/05\/jaz-abrasivos-flexibles-tuft.jpg\",\"contentUrl\":\"https:\/\/www.jazsurface.com\/wp-content\/uploads\/2019\/05\/jaz-abrasivos-flexibles-tuft.jpg\",\"width\":1000,\"height\":1000,\"caption\":\"JAZ ZUBIAURRE: TUFT\"},{\"@type\":\"BreadcrumbList\",\"@id\":\"https:\/\/www.jazsurface.com\/us\/flexible-abrasives\/ccm-brush\/tuft\/#breadcrumb\",\"itemListElement\":[{\"@type\":\"ListItem\",\"position\":1,\"name\":\"Portada\",\"item\":\"https:\/\/www.jazsurface.com\/us\/\"},{\"@type\":\"ListItem\",\"position\":2,\"name\":\"Products\",\"item\":\"https:\/\/www.jazsurface.com\/us\/products-usa\/\"},{\"@type\":\"ListItem\",\"position\":3,\"name\":\"TUFT\"}]},{\"@type\":\"WebSite\",\"@id\":\"https:\/\/www.jazsurface.com\/us\/#website\",\"url\":\"https:\/\/www.jazsurface.com\/us\/\",\"name\":\"Jaz\",\"description\":\"Especialistas en el tratamiento de superficies\",\"potentialAction\":[{\"@type\":\"SearchAction\",\"target\":{\"@type\":\"EntryPoint\",\"urlTemplate\":\"https:\/\/www.jazsurface.com\/us\/?s={search_term_string}\"},\"query-input\":{\"@type\":\"PropertyValueSpecification\",\"valueRequired\":true,\"valueName\":\"search_term_string\"}}],\"inLanguage\":\"en-US\"}]}<\/script>\n<!-- \/ Yoast SEO plugin. -->","yoast_head_json":{"title":"TUFT Brushes for surface treatment - Jaz","description":"TUFT Brushes are used for a wide range of deburring degrees. Brushes of less density than other model types so it provides more flexibility when brushing and adapts better to complex surface geometries.","robots":{"index":"index","follow":"follow","max-snippet":"max-snippet:-1","max-image-preview":"max-image-preview:large","max-video-preview":"max-video-preview:-1"},"canonical":"https:\/\/www.jazsurface.com\/us\/flexible-abrasives\/ccm-brush\/tuft\/","og_locale":"en_US","og_type":"article","og_title":"TUFT Brushes for surface treatment - Jaz","og_description":"TUFT Brushes are used for a wide range of deburring degrees. Brushes of less density than other model types so it provides more flexibility when brushing and adapts better to complex surface geometries.","og_url":"https:\/\/www.jazsurface.com\/us\/flexible-abrasives\/ccm-brush\/tuft\/","og_site_name":"Jaz","article_modified_time":"2021-04-14T10:17:04+00:00","og_image":[{"width":1000,"height":1000,"url":"https:\/\/www.jazsurface.com\/wp-content\/uploads\/2019\/05\/jaz-abrasivos-flexibles-tuft.jpg","type":"image\/jpeg"}],"twitter_card":"summary_large_image","twitter_misc":{"Est. reading time":"1 minute"},"schema":{"@context":"https:\/\/schema.org","@graph":[{"@type":"WebPage","@id":"https:\/\/www.jazsurface.com\/us\/flexible-abrasives\/ccm-brush\/tuft\/","url":"https:\/\/www.jazsurface.com\/us\/flexible-abrasives\/ccm-brush\/tuft\/","name":"TUFT Brushes for surface treatment - Jaz","isPartOf":{"@id":"https:\/\/www.jazsurface.com\/us\/#website"},"primaryImageOfPage":{"@id":"https:\/\/www.jazsurface.com\/us\/flexible-abrasives\/ccm-brush\/tuft\/#primaryimage"},"image":{"@id":"https:\/\/www.jazsurface.com\/us\/flexible-abrasives\/ccm-brush\/tuft\/#primaryimage"},"thumbnailUrl":"https:\/\/www.jazsurface.com\/wp-content\/uploads\/2019\/05\/jaz-abrasivos-flexibles-tuft.jpg","datePublished":"2019-05-20T09:22:08+00:00","dateModified":"2021-04-14T10:17:04+00:00","description":"TUFT Brushes are used for a wide range of deburring degrees. Brushes of less density than other model types so it provides more flexibility when brushing and adapts better to complex surface geometries.","breadcrumb":{"@id":"https:\/\/www.jazsurface.com\/us\/flexible-abrasives\/ccm-brush\/tuft\/#breadcrumb"},"inLanguage":"en-US","potentialAction":[{"@type":"ReadAction","target":["https:\/\/www.jazsurface.com\/us\/flexible-abrasives\/ccm-brush\/tuft\/"]}]},{"@type":"ImageObject","inLanguage":"en-US","@id":"https:\/\/www.jazsurface.com\/us\/flexible-abrasives\/ccm-brush\/tuft\/#primaryimage","url":"https:\/\/www.jazsurface.com\/wp-content\/uploads\/2019\/05\/jaz-abrasivos-flexibles-tuft.jpg","contentUrl":"https:\/\/www.jazsurface.com\/wp-content\/uploads\/2019\/05\/jaz-abrasivos-flexibles-tuft.jpg","width":1000,"height":1000,"caption":"JAZ ZUBIAURRE: TUFT"},{"@type":"BreadcrumbList","@id":"https:\/\/www.jazsurface.com\/us\/flexible-abrasives\/ccm-brush\/tuft\/#breadcrumb","itemListElement":[{"@type":"ListItem","position":1,"name":"Portada","item":"https:\/\/www.jazsurface.com\/us\/"},{"@type":"ListItem","position":2,"name":"Products","item":"https:\/\/www.jazsurface.com\/us\/products-usa\/"},{"@type":"ListItem","position":3,"name":"TUFT"}]},{"@type":"WebSite","@id":"https:\/\/www.jazsurface.com\/us\/#website","url":"https:\/\/www.jazsurface.com\/us\/","name":"Jaz","description":"Especialistas en el tratamiento de superficies","potentialAction":[{"@type":"SearchAction","target":{"@type":"EntryPoint","urlTemplate":"https:\/\/www.jazsurface.com\/us\/?s={search_term_string}"},"query-input":{"@type":"PropertyValueSpecification","valueRequired":true,"valueName":"search_term_string"}}],"inLanguage":"en-US"}]}},"_links":{"self":[{"href":"https:\/\/www.jazsurface.com\/us\/wp-json\/wp\/v2\/product\/36851","targetHints":{"allow":["GET"]}}],"collection":[{"href":"https:\/\/www.jazsurface.com\/us\/wp-json\/wp\/v2\/product"}],"about":[{"href":"https:\/\/www.jazsurface.com\/us\/wp-json\/wp\/v2\/types\/product"}],"wp:featuredmedia":[{"embeddable":true,"href":"https:\/\/www.jazsurface.com\/us\/wp-json\/wp\/v2\/media\/36852"}],"wp:attachment":[{"href":"https:\/\/www.jazsurface.com\/us\/wp-json\/wp\/v2\/media?parent=36851"}],"wp:term":[{"taxonomy":"product_brand","embeddable":true,"href":"https:\/\/www.jazsurface.com\/us\/wp-json\/wp\/v2\/product_brand?post=36851"},{"taxonomy":"product_cat","embeddable":true,"href":"https:\/\/www.jazsurface.com\/us\/wp-json\/wp\/v2\/product_cat?post=36851"},{"taxonomy":"product_tag","embeddable":true,"href":"https:\/\/www.jazsurface.com\/us\/wp-json\/wp\/v2\/product_tag?post=36851"}],"curies":[{"name":"wp","href":"https:\/\/api.w.org\/{rel}","templated":true}]}}