{"id":9712,"date":"2019-05-20T11:22:08","date_gmt":"2019-05-20T09:22:08","guid":{"rendered":"http:\/\/www.jazsurface.com\/?post_type=product&#038;p=9712"},"modified":"2019-11-11T16:09:05","modified_gmt":"2019-11-11T15:09:05","slug":"tuft","status":"publish","type":"product","link":"https:\/\/www.jazsurface.com\/es\/abrasivos-flexibles\/cepillos-ccm\/tuft\/","title":{"rendered":"TUFT"},"content":{"rendered":"<div class=\"wpb-content-wrapper\"><p>[vc_row][vc_column][vc_column_text]The TUFT model is used for a wide range of deburring degrees. Brushes with less density than other model types. There is more space between the abrasive filaments providing more flexibility when brushing.This characteristic provides more flexibility to adapt to complex surface geometries.Highly recommended for planetary machine, ideal for deburring flat parts.<\/p>\n<p>JAZ \u00abCCM\u00bb brushes are mainly composed of nylon filaments impregnated with: Silicon carbide, aluminum oxide, diamond, ceramic coating, etc.<\/p>\n<p>The \u201cCCM\u201d line is designed to be mounted as a tool for use in machining centers, robots, flexible cells, etc.<\/p>\n<p>The \u00abCCM\u00bb brushes provide a variety of solutions such as deburring, blending and finishing, rounding of edges, contouring of edges and refinement of surfaces.<\/p>\n<p>Our abrasive filament brushes can be run dry (without a coolant), however applying a \u201ccoolant\u201d to the abrasive filaments will improve the finish and performance of the tool.<\/p>\n<p>Industries such as Automotive, Aeronautics, Sintered Metals, etc., where surface finishing is important, can find a solution to many surface finishing problems with JAZ \u201cCCM\u201d brushes.[\/vc_column_text][\/vc_column][\/vc_row]<\/p>\n<\/div>","protected":false},"excerpt":{"rendered":"<p>[vc_row][vc_column][vc_column_text]The TUFT model is used for a wide range of deburring degrees. Brushes with less density than other model types. There is more space between the abrasive filaments providing more<\/p>\n","protected":false},"featured_media":9729,"template":"","meta":{"_acf_changed":false,"ngg_post_thumbnail":0},"product_brand":[],"product_cat":[166,168,260,254,267,266,261,263],"product_tag":[],"class_list":{"0":"post-9712","1":"product","2":"type-product","3":"status-publish","4":"has-post-thumbnail","6":"product_cat-abrasivos-flexibles","7":"product_cat-cepillos-ccm","8":"product_cat-cepillos-brochas-tazas-para-maquina-industrial","9":"product_cat-productos-para-dar-acabado-a-superficies","10":"product_cat-acabado-fino-de-superficies","11":"product_cat-acabado-medio-de-superficies","12":"product_cat-tratamiento-de-superficies-de-acero","13":"product_cat-tratamiento-de-superficies-de-acero-inoxidable-alumminio","15":"first","16":"instock","17":"shipping-taxable","18":"product-type-simple"},"acf":[],"yoast_head":"<!-- This site is optimized with the Yoast SEO plugin v27.2 - https:\/\/yoast.com\/product\/yoast-seo-wordpress\/ -->\n<title>Cepillos TUFT para el tratamiento de superficies - Jaz<\/title>\n<meta name=\"description\" content=\"Los cepillos tuft se utilizan para infinidad de desbarbados, son cepillos con menor densidad que los descritos anteriormente. Los filamentos tienen m\u00e1s movilidad al existir espacio entre ellos por lo que es m\u00e1s flexible y se adapta a geometr\u00edas complejas.\" \/>\n<meta name=\"robots\" content=\"index, follow, max-snippet:-1, max-image-preview:large, max-video-preview:-1\" \/>\n<link rel=\"canonical\" href=\"https:\/\/www.jazsurface.com\/es\/abrasivos-flexibles\/cepillos-ccm\/tuft\/\" \/>\n<meta property=\"og:locale\" content=\"es_ES\" \/>\n<meta property=\"og:type\" content=\"article\" \/>\n<meta property=\"og:title\" content=\"Cepillos TUFT para el tratamiento de superficies - Jaz\" \/>\n<meta property=\"og:description\" content=\"Los cepillos tuft se utilizan para infinidad de desbarbados, son cepillos con menor densidad que los descritos anteriormente. Los filamentos tienen m\u00e1s movilidad al existir espacio entre ellos por lo que es m\u00e1s flexible y se adapta a geometr\u00edas complejas.\" \/>\n<meta property=\"og:url\" content=\"https:\/\/www.jazsurface.com\/es\/abrasivos-flexibles\/cepillos-ccm\/tuft\/\" \/>\n<meta property=\"og:site_name\" content=\"Jaz\" \/>\n<meta property=\"article:modified_time\" content=\"2019-11-11T15:09:05+00:00\" \/>\n<meta property=\"og:image\" content=\"https:\/\/www.jazsurface.com\/wp-content\/uploads\/2019\/05\/jaz-abrasivos-flexibles-tuft.jpg\" \/>\n\t<meta property=\"og:image:width\" content=\"1000\" \/>\n\t<meta property=\"og:image:height\" content=\"1000\" \/>\n\t<meta property=\"og:image:type\" content=\"image\/jpeg\" \/>\n<meta name=\"twitter:card\" content=\"summary_large_image\" \/>\n<meta name=\"twitter:label1\" content=\"Tiempo de lectura\" \/>\n\t<meta name=\"twitter:data1\" content=\"1 minuto\" \/>\n<script type=\"application\/ld+json\" class=\"yoast-schema-graph\">{\"@context\":\"https:\/\/schema.org\",\"@graph\":[{\"@type\":\"WebPage\",\"@id\":\"https:\/\/www.jazsurface.com\/es\/abrasivos-flexibles\/cepillos-ccm\/tuft\/\",\"url\":\"https:\/\/www.jazsurface.com\/es\/abrasivos-flexibles\/cepillos-ccm\/tuft\/\",\"name\":\"Cepillos TUFT para el tratamiento de superficies - Jaz\",\"isPartOf\":{\"@id\":\"https:\/\/www.jazsurface.com\/es\/#website\"},\"primaryImageOfPage\":{\"@id\":\"https:\/\/www.jazsurface.com\/es\/abrasivos-flexibles\/cepillos-ccm\/tuft\/#primaryimage\"},\"image\":{\"@id\":\"https:\/\/www.jazsurface.com\/es\/abrasivos-flexibles\/cepillos-ccm\/tuft\/#primaryimage\"},\"thumbnailUrl\":\"https:\/\/www.jazsurface.com\/wp-content\/uploads\/2019\/05\/jaz-abrasivos-flexibles-tuft.jpg\",\"datePublished\":\"2019-05-20T09:22:08+00:00\",\"dateModified\":\"2019-11-11T15:09:05+00:00\",\"description\":\"Los cepillos tuft se utilizan para infinidad de desbarbados, son cepillos con menor densidad que los descritos anteriormente. Los filamentos tienen m\u00e1s movilidad al existir espacio entre ellos por lo que es m\u00e1s flexible y se adapta a geometr\u00edas complejas.\",\"breadcrumb\":{\"@id\":\"https:\/\/www.jazsurface.com\/es\/abrasivos-flexibles\/cepillos-ccm\/tuft\/#breadcrumb\"},\"inLanguage\":\"es\",\"potentialAction\":[{\"@type\":\"ReadAction\",\"target\":[\"https:\/\/www.jazsurface.com\/es\/abrasivos-flexibles\/cepillos-ccm\/tuft\/\"]}]},{\"@type\":\"ImageObject\",\"inLanguage\":\"es\",\"@id\":\"https:\/\/www.jazsurface.com\/es\/abrasivos-flexibles\/cepillos-ccm\/tuft\/#primaryimage\",\"url\":\"https:\/\/www.jazsurface.com\/wp-content\/uploads\/2019\/05\/jaz-abrasivos-flexibles-tuft.jpg\",\"contentUrl\":\"https:\/\/www.jazsurface.com\/wp-content\/uploads\/2019\/05\/jaz-abrasivos-flexibles-tuft.jpg\",\"width\":1000,\"height\":1000,\"caption\":\"JAZ ZUBIAURRE: TUFT\"},{\"@type\":\"BreadcrumbList\",\"@id\":\"https:\/\/www.jazsurface.com\/es\/abrasivos-flexibles\/cepillos-ccm\/tuft\/#breadcrumb\",\"itemListElement\":[{\"@type\":\"ListItem\",\"position\":1,\"name\":\"Portada\",\"item\":\"https:\/\/www.jazsurface.com\/es\/\"},{\"@type\":\"ListItem\",\"position\":2,\"name\":\"Productos\",\"item\":\"https:\/\/www.jazsurface.com\/es\/productos\/\"},{\"@type\":\"ListItem\",\"position\":3,\"name\":\"TUFT\"}]},{\"@type\":\"WebSite\",\"@id\":\"https:\/\/www.jazsurface.com\/es\/#website\",\"url\":\"https:\/\/www.jazsurface.com\/es\/\",\"name\":\"Jaz\",\"description\":\"Especialistas en el tratamiento de superficies\",\"potentialAction\":[{\"@type\":\"SearchAction\",\"target\":{\"@type\":\"EntryPoint\",\"urlTemplate\":\"https:\/\/www.jazsurface.com\/es\/?s={search_term_string}\"},\"query-input\":{\"@type\":\"PropertyValueSpecification\",\"valueRequired\":true,\"valueName\":\"search_term_string\"}}],\"inLanguage\":\"es\"}]}<\/script>\n<!-- \/ Yoast SEO plugin. -->","yoast_head_json":{"title":"Cepillos TUFT para el tratamiento de superficies - Jaz","description":"Los cepillos tuft se utilizan para infinidad de desbarbados, son cepillos con menor densidad que los descritos anteriormente. Los filamentos tienen m\u00e1s movilidad al existir espacio entre ellos por lo que es m\u00e1s flexible y se adapta a geometr\u00edas complejas.","robots":{"index":"index","follow":"follow","max-snippet":"max-snippet:-1","max-image-preview":"max-image-preview:large","max-video-preview":"max-video-preview:-1"},"canonical":"https:\/\/www.jazsurface.com\/es\/abrasivos-flexibles\/cepillos-ccm\/tuft\/","og_locale":"es_ES","og_type":"article","og_title":"Cepillos TUFT para el tratamiento de superficies - Jaz","og_description":"Los cepillos tuft se utilizan para infinidad de desbarbados, son cepillos con menor densidad que los descritos anteriormente. Los filamentos tienen m\u00e1s movilidad al existir espacio entre ellos por lo que es m\u00e1s flexible y se adapta a geometr\u00edas complejas.","og_url":"https:\/\/www.jazsurface.com\/es\/abrasivos-flexibles\/cepillos-ccm\/tuft\/","og_site_name":"Jaz","article_modified_time":"2019-11-11T15:09:05+00:00","og_image":[{"width":1000,"height":1000,"url":"https:\/\/www.jazsurface.com\/wp-content\/uploads\/2019\/05\/jaz-abrasivos-flexibles-tuft.jpg","type":"image\/jpeg"}],"twitter_card":"summary_large_image","twitter_misc":{"Tiempo de lectura":"1 minuto"},"schema":{"@context":"https:\/\/schema.org","@graph":[{"@type":"WebPage","@id":"https:\/\/www.jazsurface.com\/es\/abrasivos-flexibles\/cepillos-ccm\/tuft\/","url":"https:\/\/www.jazsurface.com\/es\/abrasivos-flexibles\/cepillos-ccm\/tuft\/","name":"Cepillos TUFT para el tratamiento de superficies - Jaz","isPartOf":{"@id":"https:\/\/www.jazsurface.com\/es\/#website"},"primaryImageOfPage":{"@id":"https:\/\/www.jazsurface.com\/es\/abrasivos-flexibles\/cepillos-ccm\/tuft\/#primaryimage"},"image":{"@id":"https:\/\/www.jazsurface.com\/es\/abrasivos-flexibles\/cepillos-ccm\/tuft\/#primaryimage"},"thumbnailUrl":"https:\/\/www.jazsurface.com\/wp-content\/uploads\/2019\/05\/jaz-abrasivos-flexibles-tuft.jpg","datePublished":"2019-05-20T09:22:08+00:00","dateModified":"2019-11-11T15:09:05+00:00","description":"Los cepillos tuft se utilizan para infinidad de desbarbados, son cepillos con menor densidad que los descritos anteriormente. Los filamentos tienen m\u00e1s movilidad al existir espacio entre ellos por lo que es m\u00e1s flexible y se adapta a geometr\u00edas complejas.","breadcrumb":{"@id":"https:\/\/www.jazsurface.com\/es\/abrasivos-flexibles\/cepillos-ccm\/tuft\/#breadcrumb"},"inLanguage":"es","potentialAction":[{"@type":"ReadAction","target":["https:\/\/www.jazsurface.com\/es\/abrasivos-flexibles\/cepillos-ccm\/tuft\/"]}]},{"@type":"ImageObject","inLanguage":"es","@id":"https:\/\/www.jazsurface.com\/es\/abrasivos-flexibles\/cepillos-ccm\/tuft\/#primaryimage","url":"https:\/\/www.jazsurface.com\/wp-content\/uploads\/2019\/05\/jaz-abrasivos-flexibles-tuft.jpg","contentUrl":"https:\/\/www.jazsurface.com\/wp-content\/uploads\/2019\/05\/jaz-abrasivos-flexibles-tuft.jpg","width":1000,"height":1000,"caption":"JAZ ZUBIAURRE: TUFT"},{"@type":"BreadcrumbList","@id":"https:\/\/www.jazsurface.com\/es\/abrasivos-flexibles\/cepillos-ccm\/tuft\/#breadcrumb","itemListElement":[{"@type":"ListItem","position":1,"name":"Portada","item":"https:\/\/www.jazsurface.com\/es\/"},{"@type":"ListItem","position":2,"name":"Productos","item":"https:\/\/www.jazsurface.com\/es\/productos\/"},{"@type":"ListItem","position":3,"name":"TUFT"}]},{"@type":"WebSite","@id":"https:\/\/www.jazsurface.com\/es\/#website","url":"https:\/\/www.jazsurface.com\/es\/","name":"Jaz","description":"Especialistas en el tratamiento de superficies","potentialAction":[{"@type":"SearchAction","target":{"@type":"EntryPoint","urlTemplate":"https:\/\/www.jazsurface.com\/es\/?s={search_term_string}"},"query-input":{"@type":"PropertyValueSpecification","valueRequired":true,"valueName":"search_term_string"}}],"inLanguage":"es"}]}},"_links":{"self":[{"href":"https:\/\/www.jazsurface.com\/es\/wp-json\/wp\/v2\/product\/9712","targetHints":{"allow":["GET"]}}],"collection":[{"href":"https:\/\/www.jazsurface.com\/es\/wp-json\/wp\/v2\/product"}],"about":[{"href":"https:\/\/www.jazsurface.com\/es\/wp-json\/wp\/v2\/types\/product"}],"wp:featuredmedia":[{"embeddable":true,"href":"https:\/\/www.jazsurface.com\/es\/wp-json\/wp\/v2\/media\/9729"}],"wp:attachment":[{"href":"https:\/\/www.jazsurface.com\/es\/wp-json\/wp\/v2\/media?parent=9712"}],"wp:term":[{"taxonomy":"product_brand","embeddable":true,"href":"https:\/\/www.jazsurface.com\/es\/wp-json\/wp\/v2\/product_brand?post=9712"},{"taxonomy":"product_cat","embeddable":true,"href":"https:\/\/www.jazsurface.com\/es\/wp-json\/wp\/v2\/product_cat?post=9712"},{"taxonomy":"product_tag","embeddable":true,"href":"https:\/\/www.jazsurface.com\/es\/wp-json\/wp\/v2\/product_tag?post=9712"}],"curies":[{"name":"wp","href":"https:\/\/api.w.org\/{rel}","templated":true}]}}