{"id":45593,"date":"2024-01-25T15:00:11","date_gmt":"2024-01-25T14:00:11","guid":{"rendered":"https:\/\/www.jazsurface.com\/?post_type=product&#038;p=45593"},"modified":"2024-01-25T15:23:09","modified_gmt":"2024-01-25T14:23:09","slug":"pastas-solidas-para-pulir","status":"publish","type":"product","link":"https:\/\/www.jazsurface.com\/es\/cepillos-para-pulidos\/pastas-solidas-para-pulir\/","title":{"rendered":"Pastas s\u00f3lidas para pulir"},"content":{"rendered":"<p>Utilizadas para el pulido, re-pulido y abrillantado de todo tipo de material. Hierro, acero inoxidable, cobre, lat\u00f3n, m\u00e1rmol, vidrio, aluminio, metales preciosos, metacrilato, pl\u00e1stico, figuras en resina poli\u00e9ster etc.<br \/>\nGeneralmente utilizadas con ruedas de pulir de tela, algod\u00f3n, sisal cuerda, franela etc.<\/p>\n","protected":false},"excerpt":{"rendered":"<p>Utilizadas para el pulido, re-pulido y abrillantado de todo tipo de material. Hierro, acero inoxidable, cobre, lat\u00f3n, m\u00e1rmol, vidrio, aluminio, metales preciosos, metacrilato, pl\u00e1stico, figuras en resina poli\u00e9ster etc. Generalmente<\/p>\n","protected":false},"featured_media":43430,"template":"","meta":{"_acf_changed":false,"ngg_post_thumbnail":0},"product_brand":[],"product_cat":[521],"product_tag":[],"class_list":{"0":"post-45593","1":"product","2":"type-product","3":"status-publish","4":"has-post-thumbnail","6":"product_cat-cepillos-para-pulidos","8":"first","9":"instock","10":"shipping-taxable","11":"product-type-simple"},"acf":[],"yoast_head":"<!-- This site is optimized with the Yoast SEO plugin v27.5 - https:\/\/yoast.com\/product\/yoast-seo-wordpress\/ -->\n<title>Pastas s\u00f3lidas para pulir para el tratamiento de superficies - Jaz<\/title>\n<meta name=\"robots\" content=\"index, follow, max-snippet:-1, max-image-preview:large, max-video-preview:-1\" \/>\n<link rel=\"canonical\" href=\"https:\/\/www.jazsurface.com\/es\/cepillos-para-pulidos\/pastas-solidas-para-pulir\/\" \/>\n<meta property=\"og:locale\" content=\"es_ES\" \/>\n<meta property=\"og:type\" content=\"article\" \/>\n<meta property=\"og:title\" content=\"Pastas s\u00f3lidas para pulir para el tratamiento de superficies - Jaz\" \/>\n<meta property=\"og:description\" content=\"Utilizadas para el pulido, re-pulido y abrillantado de todo tipo de material. Hierro, acero inoxidable, cobre, lat\u00f3n, m\u00e1rmol, vidrio, aluminio, metales preciosos, metacrilato, pl\u00e1stico, figuras en resina poli\u00e9ster etc. Generalmente\" \/>\n<meta property=\"og:url\" content=\"https:\/\/www.jazsurface.com\/es\/cepillos-para-pulidos\/pastas-solidas-para-pulir\/\" \/>\n<meta property=\"og:site_name\" content=\"Jaz\" \/>\n<meta property=\"article:modified_time\" content=\"2024-01-25T14:23:09+00:00\" \/>\n<meta property=\"og:image\" content=\"https:\/\/www.jazsurface.com\/wp-content\/uploads\/2023\/11\/jaz-cepillos-pulidos-pastas-solidas0.jpg\" \/>\n\t<meta property=\"og:image:width\" content=\"1000\" \/>\n\t<meta property=\"og:image:height\" content=\"1000\" \/>\n\t<meta property=\"og:image:type\" content=\"image\/jpeg\" \/>\n<meta name=\"twitter:card\" content=\"summary_large_image\" \/>\n<meta name=\"twitter:label1\" content=\"Tiempo de lectura\" \/>\n\t<meta name=\"twitter:data1\" content=\"1 minuto\" \/>\n<script type=\"application\/ld+json\" class=\"yoast-schema-graph\">{\"@context\":\"https:\\\/\\\/schema.org\",\"@graph\":[{\"@type\":\"WebPage\",\"@id\":\"https:\\\/\\\/www.jazsurface.com\\\/es\\\/cepillos-para-pulidos\\\/pastas-solidas-para-pulir\\\/\",\"url\":\"https:\\\/\\\/www.jazsurface.com\\\/es\\\/cepillos-para-pulidos\\\/pastas-solidas-para-pulir\\\/\",\"name\":\"Pastas s\u00f3lidas para pulir para el tratamiento de superficies - Jaz\",\"isPartOf\":{\"@id\":\"https:\\\/\\\/www.jazsurface.com\\\/es\\\/#website\"},\"primaryImageOfPage\":{\"@id\":\"https:\\\/\\\/www.jazsurface.com\\\/es\\\/cepillos-para-pulidos\\\/pastas-solidas-para-pulir\\\/#primaryimage\"},\"image\":{\"@id\":\"https:\\\/\\\/www.jazsurface.com\\\/es\\\/cepillos-para-pulidos\\\/pastas-solidas-para-pulir\\\/#primaryimage\"},\"thumbnailUrl\":\"https:\\\/\\\/www.jazsurface.com\\\/wp-content\\\/uploads\\\/2023\\\/11\\\/jaz-cepillos-pulidos-pastas-solidas0.jpg\",\"datePublished\":\"2024-01-25T14:00:11+00:00\",\"dateModified\":\"2024-01-25T14:23:09+00:00\",\"breadcrumb\":{\"@id\":\"https:\\\/\\\/www.jazsurface.com\\\/es\\\/cepillos-para-pulidos\\\/pastas-solidas-para-pulir\\\/#breadcrumb\"},\"inLanguage\":\"es\",\"potentialAction\":[{\"@type\":\"ReadAction\",\"target\":[\"https:\\\/\\\/www.jazsurface.com\\\/es\\\/cepillos-para-pulidos\\\/pastas-solidas-para-pulir\\\/\"]}]},{\"@type\":\"ImageObject\",\"inLanguage\":\"es\",\"@id\":\"https:\\\/\\\/www.jazsurface.com\\\/es\\\/cepillos-para-pulidos\\\/pastas-solidas-para-pulir\\\/#primaryimage\",\"url\":\"https:\\\/\\\/www.jazsurface.com\\\/wp-content\\\/uploads\\\/2023\\\/11\\\/jaz-cepillos-pulidos-pastas-solidas0.jpg\",\"contentUrl\":\"https:\\\/\\\/www.jazsurface.com\\\/wp-content\\\/uploads\\\/2023\\\/11\\\/jaz-cepillos-pulidos-pastas-solidas0.jpg\",\"width\":1000,\"height\":1000,\"caption\":\"JAZ ZUBIAURRE: Pastas s\u00f3lidas\"},{\"@type\":\"BreadcrumbList\",\"@id\":\"https:\\\/\\\/www.jazsurface.com\\\/es\\\/cepillos-para-pulidos\\\/pastas-solidas-para-pulir\\\/#breadcrumb\",\"itemListElement\":[{\"@type\":\"ListItem\",\"position\":1,\"name\":\"Portada\",\"item\":\"https:\\\/\\\/www.jazsurface.com\\\/es\\\/\"},{\"@type\":\"ListItem\",\"position\":2,\"name\":\"Productos\",\"item\":\"https:\\\/\\\/www.jazsurface.com\\\/es\\\/productos\\\/\"},{\"@type\":\"ListItem\",\"position\":3,\"name\":\"Pastas s\u00f3lidas para pulir\"}]},{\"@type\":\"WebSite\",\"@id\":\"https:\\\/\\\/www.jazsurface.com\\\/es\\\/#website\",\"url\":\"https:\\\/\\\/www.jazsurface.com\\\/es\\\/\",\"name\":\"Jaz\",\"description\":\"Especialistas en el tratamiento de superficies\",\"potentialAction\":[{\"@type\":\"SearchAction\",\"target\":{\"@type\":\"EntryPoint\",\"urlTemplate\":\"https:\\\/\\\/www.jazsurface.com\\\/es\\\/?s={search_term_string}\"},\"query-input\":{\"@type\":\"PropertyValueSpecification\",\"valueRequired\":true,\"valueName\":\"search_term_string\"}}],\"inLanguage\":\"es\"}]}<\/script>\n<!-- \/ Yoast SEO plugin. -->","yoast_head_json":{"title":"Pastas s\u00f3lidas para pulir para el tratamiento de superficies - Jaz","robots":{"index":"index","follow":"follow","max-snippet":"max-snippet:-1","max-image-preview":"max-image-preview:large","max-video-preview":"max-video-preview:-1"},"canonical":"https:\/\/www.jazsurface.com\/es\/cepillos-para-pulidos\/pastas-solidas-para-pulir\/","og_locale":"es_ES","og_type":"article","og_title":"Pastas s\u00f3lidas para pulir para el tratamiento de superficies - Jaz","og_description":"Utilizadas para el pulido, re-pulido y abrillantado de todo tipo de material. Hierro, acero inoxidable, cobre, lat\u00f3n, m\u00e1rmol, vidrio, aluminio, metales preciosos, metacrilato, pl\u00e1stico, figuras en resina poli\u00e9ster etc. Generalmente","og_url":"https:\/\/www.jazsurface.com\/es\/cepillos-para-pulidos\/pastas-solidas-para-pulir\/","og_site_name":"Jaz","article_modified_time":"2024-01-25T14:23:09+00:00","og_image":[{"width":1000,"height":1000,"url":"https:\/\/www.jazsurface.com\/wp-content\/uploads\/2023\/11\/jaz-cepillos-pulidos-pastas-solidas0.jpg","type":"image\/jpeg"}],"twitter_card":"summary_large_image","twitter_misc":{"Tiempo de lectura":"1 minuto"},"schema":{"@context":"https:\/\/schema.org","@graph":[{"@type":"WebPage","@id":"https:\/\/www.jazsurface.com\/es\/cepillos-para-pulidos\/pastas-solidas-para-pulir\/","url":"https:\/\/www.jazsurface.com\/es\/cepillos-para-pulidos\/pastas-solidas-para-pulir\/","name":"Pastas s\u00f3lidas para pulir para el tratamiento de superficies - Jaz","isPartOf":{"@id":"https:\/\/www.jazsurface.com\/es\/#website"},"primaryImageOfPage":{"@id":"https:\/\/www.jazsurface.com\/es\/cepillos-para-pulidos\/pastas-solidas-para-pulir\/#primaryimage"},"image":{"@id":"https:\/\/www.jazsurface.com\/es\/cepillos-para-pulidos\/pastas-solidas-para-pulir\/#primaryimage"},"thumbnailUrl":"https:\/\/www.jazsurface.com\/wp-content\/uploads\/2023\/11\/jaz-cepillos-pulidos-pastas-solidas0.jpg","datePublished":"2024-01-25T14:00:11+00:00","dateModified":"2024-01-25T14:23:09+00:00","breadcrumb":{"@id":"https:\/\/www.jazsurface.com\/es\/cepillos-para-pulidos\/pastas-solidas-para-pulir\/#breadcrumb"},"inLanguage":"es","potentialAction":[{"@type":"ReadAction","target":["https:\/\/www.jazsurface.com\/es\/cepillos-para-pulidos\/pastas-solidas-para-pulir\/"]}]},{"@type":"ImageObject","inLanguage":"es","@id":"https:\/\/www.jazsurface.com\/es\/cepillos-para-pulidos\/pastas-solidas-para-pulir\/#primaryimage","url":"https:\/\/www.jazsurface.com\/wp-content\/uploads\/2023\/11\/jaz-cepillos-pulidos-pastas-solidas0.jpg","contentUrl":"https:\/\/www.jazsurface.com\/wp-content\/uploads\/2023\/11\/jaz-cepillos-pulidos-pastas-solidas0.jpg","width":1000,"height":1000,"caption":"JAZ ZUBIAURRE: Pastas s\u00f3lidas"},{"@type":"BreadcrumbList","@id":"https:\/\/www.jazsurface.com\/es\/cepillos-para-pulidos\/pastas-solidas-para-pulir\/#breadcrumb","itemListElement":[{"@type":"ListItem","position":1,"name":"Portada","item":"https:\/\/www.jazsurface.com\/es\/"},{"@type":"ListItem","position":2,"name":"Productos","item":"https:\/\/www.jazsurface.com\/es\/productos\/"},{"@type":"ListItem","position":3,"name":"Pastas s\u00f3lidas para pulir"}]},{"@type":"WebSite","@id":"https:\/\/www.jazsurface.com\/es\/#website","url":"https:\/\/www.jazsurface.com\/es\/","name":"Jaz","description":"Especialistas en el tratamiento de superficies","potentialAction":[{"@type":"SearchAction","target":{"@type":"EntryPoint","urlTemplate":"https:\/\/www.jazsurface.com\/es\/?s={search_term_string}"},"query-input":{"@type":"PropertyValueSpecification","valueRequired":true,"valueName":"search_term_string"}}],"inLanguage":"es"}]}},"_links":{"self":[{"href":"https:\/\/www.jazsurface.com\/es\/wp-json\/wp\/v2\/product\/45593","targetHints":{"allow":["GET"]}}],"collection":[{"href":"https:\/\/www.jazsurface.com\/es\/wp-json\/wp\/v2\/product"}],"about":[{"href":"https:\/\/www.jazsurface.com\/es\/wp-json\/wp\/v2\/types\/product"}],"wp:featuredmedia":[{"embeddable":true,"href":"https:\/\/www.jazsurface.com\/es\/wp-json\/wp\/v2\/media\/43430"}],"wp:attachment":[{"href":"https:\/\/www.jazsurface.com\/es\/wp-json\/wp\/v2\/media?parent=45593"}],"wp:term":[{"taxonomy":"product_brand","embeddable":true,"href":"https:\/\/www.jazsurface.com\/es\/wp-json\/wp\/v2\/product_brand?post=45593"},{"taxonomy":"product_cat","embeddable":true,"href":"https:\/\/www.jazsurface.com\/es\/wp-json\/wp\/v2\/product_cat?post=45593"},{"taxonomy":"product_tag","embeddable":true,"href":"https:\/\/www.jazsurface.com\/es\/wp-json\/wp\/v2\/product_tag?post=45593"}],"curies":[{"name":"wp","href":"https:\/\/api.w.org\/{rel}","templated":true}]}}