{"id":4355,"date":"2019-05-06T15:50:43","date_gmt":"2019-05-06T13:50:43","guid":{"rendered":"http:\/\/www.jazsurface.com\/?post_type=product&#038;p=4355"},"modified":"2019-10-29T14:39:03","modified_gmt":"2019-10-29T13:39:03","slug":"cepillos-cilindricos","status":"publish","type":"product","link":"https:\/\/www.jazsurface.com\/es\/cepillos-metalicos\/cepillos-para-maquina-de-desbarbado\/cepillos-cilindricos\/","title":{"rendered":"Cepillos cil\u00edndricos"},"content":{"rendered":"<div class=\"wpb-content-wrapper\"><p>[vc_row dfd_enable_overlay=\u00bb\u00bb][vc_column][vc_column_text el_class=\u00bbtextDescripProducto\u00bb]Los Cepillos Cil\u00edndricos son Cepillos met\u00e1licos construidos en un bloque de alta densidad y un perfecto equilibrado.[\/vc_column_text][\/vc_column][\/vc_row]<\/p>\n<\/div>","protected":false},"excerpt":{"rendered":"<p>[vc_row dfd_enable_overlay=\u00bb\u00bb][vc_column][vc_column_text el_class=\u00bbtextDescripProducto\u00bb]Los Cepillos Cil\u00edndricos son Cepillos met\u00e1licos construidos en un bloque de alta densidad y un perfecto equilibrado.[\/vc_column_text][\/vc_column][\/vc_row]<\/p>\n","protected":false},"featured_media":4380,"template":"","meta":{"_acf_changed":false,"ngg_post_thumbnail":0},"product_brand":[],"product_cat":[135,139],"product_tag":[],"class_list":{"0":"post-4355","1":"product","2":"type-product","3":"status-publish","4":"has-post-thumbnail","6":"product_cat-cepillos-metalicos","7":"product_cat-cepillos-para-maquina-de-desbarbado","9":"first","10":"instock","11":"shipping-taxable","12":"product-type-simple"},"acf":[],"yoast_head":"<!-- This site is optimized with the Yoast SEO plugin v27.2 - https:\/\/yoast.com\/product\/yoast-seo-wordpress\/ -->\n<title>Cepillos cil\u00edndricos para el tratamiento de superficies - Jaz<\/title>\n<meta name=\"description\" content=\"Los Cepillos Cil\u00edndricos son Cepillos met\u00e1licos construidos en un bloque de alta densidad y un perfecto equilibrado.\" \/>\n<meta name=\"robots\" content=\"index, follow, max-snippet:-1, max-image-preview:large, max-video-preview:-1\" \/>\n<link rel=\"canonical\" href=\"https:\/\/www.jazsurface.com\/es\/cepillos-metalicos\/cepillos-para-maquina-de-desbarbado\/cepillos-cilindricos\/\" \/>\n<meta property=\"og:locale\" content=\"es_ES\" \/>\n<meta property=\"og:type\" content=\"article\" \/>\n<meta property=\"og:title\" content=\"Cepillos cil\u00edndricos para el tratamiento de superficies - Jaz\" \/>\n<meta property=\"og:description\" content=\"Los Cepillos Cil\u00edndricos son Cepillos met\u00e1licos construidos en un bloque de alta densidad y un perfecto equilibrado.\" \/>\n<meta property=\"og:url\" content=\"https:\/\/www.jazsurface.com\/es\/cepillos-metalicos\/cepillos-para-maquina-de-desbarbado\/cepillos-cilindricos\/\" \/>\n<meta property=\"og:site_name\" content=\"Jaz\" \/>\n<meta property=\"article:modified_time\" content=\"2019-10-29T13:39:03+00:00\" \/>\n<meta property=\"og:image\" content=\"https:\/\/www.jazsurface.com\/wp-content\/uploads\/2019\/05\/jaz-cepillo-metalico-cepillos-cilindricos.jpg\" \/>\n\t<meta property=\"og:image:width\" content=\"1000\" \/>\n\t<meta property=\"og:image:height\" content=\"1000\" \/>\n\t<meta property=\"og:image:type\" content=\"image\/jpeg\" \/>\n<meta name=\"twitter:card\" content=\"summary_large_image\" \/>\n<script type=\"application\/ld+json\" class=\"yoast-schema-graph\">{\"@context\":\"https:\/\/schema.org\",\"@graph\":[{\"@type\":\"WebPage\",\"@id\":\"https:\/\/www.jazsurface.com\/es\/cepillos-metalicos\/cepillos-para-maquina-de-desbarbado\/cepillos-cilindricos\/\",\"url\":\"https:\/\/www.jazsurface.com\/es\/cepillos-metalicos\/cepillos-para-maquina-de-desbarbado\/cepillos-cilindricos\/\",\"name\":\"Cepillos cil\u00edndricos para el tratamiento de superficies - Jaz\",\"isPartOf\":{\"@id\":\"https:\/\/www.jazsurface.com\/es\/#website\"},\"primaryImageOfPage\":{\"@id\":\"https:\/\/www.jazsurface.com\/es\/cepillos-metalicos\/cepillos-para-maquina-de-desbarbado\/cepillos-cilindricos\/#primaryimage\"},\"image\":{\"@id\":\"https:\/\/www.jazsurface.com\/es\/cepillos-metalicos\/cepillos-para-maquina-de-desbarbado\/cepillos-cilindricos\/#primaryimage\"},\"thumbnailUrl\":\"https:\/\/www.jazsurface.com\/wp-content\/uploads\/2019\/05\/jaz-cepillo-metalico-cepillos-cilindricos.jpg\",\"datePublished\":\"2019-05-06T13:50:43+00:00\",\"dateModified\":\"2019-10-29T13:39:03+00:00\",\"description\":\"Los Cepillos Cil\u00edndricos son Cepillos met\u00e1licos construidos en un bloque de alta densidad y un perfecto equilibrado.\",\"breadcrumb\":{\"@id\":\"https:\/\/www.jazsurface.com\/es\/cepillos-metalicos\/cepillos-para-maquina-de-desbarbado\/cepillos-cilindricos\/#breadcrumb\"},\"inLanguage\":\"es\",\"potentialAction\":[{\"@type\":\"ReadAction\",\"target\":[\"https:\/\/www.jazsurface.com\/es\/cepillos-metalicos\/cepillos-para-maquina-de-desbarbado\/cepillos-cilindricos\/\"]}]},{\"@type\":\"ImageObject\",\"inLanguage\":\"es\",\"@id\":\"https:\/\/www.jazsurface.com\/es\/cepillos-metalicos\/cepillos-para-maquina-de-desbarbado\/cepillos-cilindricos\/#primaryimage\",\"url\":\"https:\/\/www.jazsurface.com\/wp-content\/uploads\/2019\/05\/jaz-cepillo-metalico-cepillos-cilindricos.jpg\",\"contentUrl\":\"https:\/\/www.jazsurface.com\/wp-content\/uploads\/2019\/05\/jaz-cepillo-metalico-cepillos-cilindricos.jpg\",\"width\":1000,\"height\":1000,\"caption\":\"JAZ ZUBIAURRE: Cepillos Cil\u00edndricos\"},{\"@type\":\"BreadcrumbList\",\"@id\":\"https:\/\/www.jazsurface.com\/es\/cepillos-metalicos\/cepillos-para-maquina-de-desbarbado\/cepillos-cilindricos\/#breadcrumb\",\"itemListElement\":[{\"@type\":\"ListItem\",\"position\":1,\"name\":\"Portada\",\"item\":\"https:\/\/www.jazsurface.com\/es\/\"},{\"@type\":\"ListItem\",\"position\":2,\"name\":\"Productos\",\"item\":\"https:\/\/www.jazsurface.com\/es\/productos\/\"},{\"@type\":\"ListItem\",\"position\":3,\"name\":\"Cepillos cil\u00edndricos\"}]},{\"@type\":\"WebSite\",\"@id\":\"https:\/\/www.jazsurface.com\/es\/#website\",\"url\":\"https:\/\/www.jazsurface.com\/es\/\",\"name\":\"Jaz\",\"description\":\"Especialistas en el tratamiento de superficies\",\"potentialAction\":[{\"@type\":\"SearchAction\",\"target\":{\"@type\":\"EntryPoint\",\"urlTemplate\":\"https:\/\/www.jazsurface.com\/es\/?s={search_term_string}\"},\"query-input\":{\"@type\":\"PropertyValueSpecification\",\"valueRequired\":true,\"valueName\":\"search_term_string\"}}],\"inLanguage\":\"es\"}]}<\/script>\n<!-- \/ Yoast SEO plugin. -->","yoast_head_json":{"title":"Cepillos cil\u00edndricos para el tratamiento de superficies - Jaz","description":"Los Cepillos Cil\u00edndricos son Cepillos met\u00e1licos construidos en un bloque de alta densidad y un perfecto equilibrado.","robots":{"index":"index","follow":"follow","max-snippet":"max-snippet:-1","max-image-preview":"max-image-preview:large","max-video-preview":"max-video-preview:-1"},"canonical":"https:\/\/www.jazsurface.com\/es\/cepillos-metalicos\/cepillos-para-maquina-de-desbarbado\/cepillos-cilindricos\/","og_locale":"es_ES","og_type":"article","og_title":"Cepillos cil\u00edndricos para el tratamiento de superficies - Jaz","og_description":"Los Cepillos Cil\u00edndricos son Cepillos met\u00e1licos construidos en un bloque de alta densidad y un perfecto equilibrado.","og_url":"https:\/\/www.jazsurface.com\/es\/cepillos-metalicos\/cepillos-para-maquina-de-desbarbado\/cepillos-cilindricos\/","og_site_name":"Jaz","article_modified_time":"2019-10-29T13:39:03+00:00","og_image":[{"width":1000,"height":1000,"url":"https:\/\/www.jazsurface.com\/wp-content\/uploads\/2019\/05\/jaz-cepillo-metalico-cepillos-cilindricos.jpg","type":"image\/jpeg"}],"twitter_card":"summary_large_image","schema":{"@context":"https:\/\/schema.org","@graph":[{"@type":"WebPage","@id":"https:\/\/www.jazsurface.com\/es\/cepillos-metalicos\/cepillos-para-maquina-de-desbarbado\/cepillos-cilindricos\/","url":"https:\/\/www.jazsurface.com\/es\/cepillos-metalicos\/cepillos-para-maquina-de-desbarbado\/cepillos-cilindricos\/","name":"Cepillos cil\u00edndricos para el tratamiento de superficies - Jaz","isPartOf":{"@id":"https:\/\/www.jazsurface.com\/es\/#website"},"primaryImageOfPage":{"@id":"https:\/\/www.jazsurface.com\/es\/cepillos-metalicos\/cepillos-para-maquina-de-desbarbado\/cepillos-cilindricos\/#primaryimage"},"image":{"@id":"https:\/\/www.jazsurface.com\/es\/cepillos-metalicos\/cepillos-para-maquina-de-desbarbado\/cepillos-cilindricos\/#primaryimage"},"thumbnailUrl":"https:\/\/www.jazsurface.com\/wp-content\/uploads\/2019\/05\/jaz-cepillo-metalico-cepillos-cilindricos.jpg","datePublished":"2019-05-06T13:50:43+00:00","dateModified":"2019-10-29T13:39:03+00:00","description":"Los Cepillos Cil\u00edndricos son Cepillos met\u00e1licos construidos en un bloque de alta densidad y un perfecto equilibrado.","breadcrumb":{"@id":"https:\/\/www.jazsurface.com\/es\/cepillos-metalicos\/cepillos-para-maquina-de-desbarbado\/cepillos-cilindricos\/#breadcrumb"},"inLanguage":"es","potentialAction":[{"@type":"ReadAction","target":["https:\/\/www.jazsurface.com\/es\/cepillos-metalicos\/cepillos-para-maquina-de-desbarbado\/cepillos-cilindricos\/"]}]},{"@type":"ImageObject","inLanguage":"es","@id":"https:\/\/www.jazsurface.com\/es\/cepillos-metalicos\/cepillos-para-maquina-de-desbarbado\/cepillos-cilindricos\/#primaryimage","url":"https:\/\/www.jazsurface.com\/wp-content\/uploads\/2019\/05\/jaz-cepillo-metalico-cepillos-cilindricos.jpg","contentUrl":"https:\/\/www.jazsurface.com\/wp-content\/uploads\/2019\/05\/jaz-cepillo-metalico-cepillos-cilindricos.jpg","width":1000,"height":1000,"caption":"JAZ ZUBIAURRE: Cepillos Cil\u00edndricos"},{"@type":"BreadcrumbList","@id":"https:\/\/www.jazsurface.com\/es\/cepillos-metalicos\/cepillos-para-maquina-de-desbarbado\/cepillos-cilindricos\/#breadcrumb","itemListElement":[{"@type":"ListItem","position":1,"name":"Portada","item":"https:\/\/www.jazsurface.com\/es\/"},{"@type":"ListItem","position":2,"name":"Productos","item":"https:\/\/www.jazsurface.com\/es\/productos\/"},{"@type":"ListItem","position":3,"name":"Cepillos cil\u00edndricos"}]},{"@type":"WebSite","@id":"https:\/\/www.jazsurface.com\/es\/#website","url":"https:\/\/www.jazsurface.com\/es\/","name":"Jaz","description":"Especialistas en el tratamiento de superficies","potentialAction":[{"@type":"SearchAction","target":{"@type":"EntryPoint","urlTemplate":"https:\/\/www.jazsurface.com\/es\/?s={search_term_string}"},"query-input":{"@type":"PropertyValueSpecification","valueRequired":true,"valueName":"search_term_string"}}],"inLanguage":"es"}]}},"_links":{"self":[{"href":"https:\/\/www.jazsurface.com\/es\/wp-json\/wp\/v2\/product\/4355","targetHints":{"allow":["GET"]}}],"collection":[{"href":"https:\/\/www.jazsurface.com\/es\/wp-json\/wp\/v2\/product"}],"about":[{"href":"https:\/\/www.jazsurface.com\/es\/wp-json\/wp\/v2\/types\/product"}],"wp:featuredmedia":[{"embeddable":true,"href":"https:\/\/www.jazsurface.com\/es\/wp-json\/wp\/v2\/media\/4380"}],"wp:attachment":[{"href":"https:\/\/www.jazsurface.com\/es\/wp-json\/wp\/v2\/media?parent=4355"}],"wp:term":[{"taxonomy":"product_brand","embeddable":true,"href":"https:\/\/www.jazsurface.com\/es\/wp-json\/wp\/v2\/product_brand?post=4355"},{"taxonomy":"product_cat","embeddable":true,"href":"https:\/\/www.jazsurface.com\/es\/wp-json\/wp\/v2\/product_cat?post=4355"},{"taxonomy":"product_tag","embeddable":true,"href":"https:\/\/www.jazsurface.com\/es\/wp-json\/wp\/v2\/product_tag?post=4355"}],"curies":[{"name":"wp","href":"https:\/\/api.w.org\/{rel}","templated":true}]}}