{"id":43542,"date":"2023-12-01T12:22:54","date_gmt":"2023-12-01T11:22:54","guid":{"rendered":"https:\/\/www.jazsurface.com\/?post_type=product&#038;p=43542"},"modified":"2024-01-24T16:09:25","modified_gmt":"2024-01-24T15:09:25","slug":"discos-sisal-cuerda","status":"publish","type":"product","link":"https:\/\/www.jazsurface.com\/es\/cepillos-para-pulidos\/discos-sisal-cuerda\/","title":{"rendered":"Discos Sisal Cuerda"},"content":{"rendered":"<div class=\"wpb-content-wrapper\"><p>[vc_row dfd_enable_overlay=\u00bb\u00bb][vc_column][vc_column_text el_class=\u00bbtextDescripProducto\u00bb]Adecuado para Pre-pulidos bastos sin calentamientos.<br \/>\nEliminar las rayas de lijado y de suciedades rebeldes.[\/vc_column_text][\/vc_column][\/vc_row]<\/p>\n<\/div>","protected":false},"excerpt":{"rendered":"<p>[vc_row dfd_enable_overlay=\u00bb\u00bb][vc_column][vc_column_text el_class=\u00bbtextDescripProducto\u00bb]Adecuado para Pre-pulidos bastos sin calentamientos. Eliminar las rayas de lijado y de suciedades rebeldes.[\/vc_column_text][\/vc_column][\/vc_row]<\/p>\n","protected":false},"featured_media":43373,"template":"","meta":{"_acf_changed":false,"ngg_post_thumbnail":0},"product_brand":[],"product_cat":[521,259],"product_tag":[],"class_list":{"0":"post-43542","1":"product","2":"type-product","3":"status-publish","4":"has-post-thumbnail","6":"product_cat-cepillos-para-pulidos","7":"product_cat-cepillos-brochas-tazas-para-maquina-fija","9":"first","10":"instock","11":"shipping-taxable","12":"product-type-simple"},"acf":[],"yoast_head":"<!-- This site is optimized with the Yoast SEO plugin v27.2 - https:\/\/yoast.com\/product\/yoast-seo-wordpress\/ -->\n<title>Discos Sisal Cuerda para el tratamiento de superficies - Jaz<\/title>\n<meta name=\"description\" content=\"Los Cepillos BS para piezas de revoluci\u00f3n facilitan la limpieza de la pieza sin desmontarla. Ideal para trabajos de mantenimiento, eliminaci\u00f3n de rebabas, \u00f3xido, pintura, etc.\" \/>\n<meta name=\"robots\" content=\"index, follow, max-snippet:-1, max-image-preview:large, max-video-preview:-1\" \/>\n<link rel=\"canonical\" href=\"https:\/\/www.jazsurface.com\/es\/cepillos-para-pulidos\/discos-sisal-cuerda\/\" \/>\n<meta property=\"og:locale\" content=\"es_ES\" \/>\n<meta property=\"og:type\" content=\"article\" \/>\n<meta property=\"og:title\" content=\"Discos Sisal Cuerda para el tratamiento de superficies - Jaz\" \/>\n<meta property=\"og:description\" content=\"Los Cepillos BS para piezas de revoluci\u00f3n facilitan la limpieza de la pieza sin desmontarla. Ideal para trabajos de mantenimiento, eliminaci\u00f3n de rebabas, \u00f3xido, pintura, etc.\" \/>\n<meta property=\"og:url\" content=\"https:\/\/www.jazsurface.com\/es\/cepillos-para-pulidos\/discos-sisal-cuerda\/\" \/>\n<meta property=\"og:site_name\" content=\"Jaz\" \/>\n<meta property=\"article:modified_time\" content=\"2024-01-24T15:09:25+00:00\" \/>\n<meta property=\"og:image\" content=\"https:\/\/www.jazsurface.com\/wp-content\/uploads\/2023\/11\/jaz-cepillos-pulidos-discos-sisal-cuerda2-1.jpg\" \/>\n\t<meta property=\"og:image:width\" content=\"1000\" \/>\n\t<meta property=\"og:image:height\" content=\"1000\" \/>\n\t<meta property=\"og:image:type\" content=\"image\/jpeg\" \/>\n<meta name=\"twitter:card\" content=\"summary_large_image\" \/>\n<meta name=\"twitter:label1\" content=\"Tiempo de lectura\" \/>\n\t<meta name=\"twitter:data1\" content=\"1 minuto\" \/>\n<script type=\"application\/ld+json\" class=\"yoast-schema-graph\">{\"@context\":\"https:\/\/schema.org\",\"@graph\":[{\"@type\":\"WebPage\",\"@id\":\"https:\/\/www.jazsurface.com\/es\/cepillos-para-pulidos\/discos-sisal-cuerda\/\",\"url\":\"https:\/\/www.jazsurface.com\/es\/cepillos-para-pulidos\/discos-sisal-cuerda\/\",\"name\":\"Discos Sisal Cuerda para el tratamiento de superficies - Jaz\",\"isPartOf\":{\"@id\":\"https:\/\/www.jazsurface.com\/es\/#website\"},\"primaryImageOfPage\":{\"@id\":\"https:\/\/www.jazsurface.com\/es\/cepillos-para-pulidos\/discos-sisal-cuerda\/#primaryimage\"},\"image\":{\"@id\":\"https:\/\/www.jazsurface.com\/es\/cepillos-para-pulidos\/discos-sisal-cuerda\/#primaryimage\"},\"thumbnailUrl\":\"https:\/\/www.jazsurface.com\/wp-content\/uploads\/2023\/11\/jaz-cepillos-pulidos-discos-sisal-cuerda2-1.jpg\",\"datePublished\":\"2023-12-01T11:22:54+00:00\",\"dateModified\":\"2024-01-24T15:09:25+00:00\",\"description\":\"Los Cepillos BS para piezas de revoluci\u00f3n facilitan la limpieza de la pieza sin desmontarla. Ideal para trabajos de mantenimiento, eliminaci\u00f3n de rebabas, \u00f3xido, pintura, etc.\",\"breadcrumb\":{\"@id\":\"https:\/\/www.jazsurface.com\/es\/cepillos-para-pulidos\/discos-sisal-cuerda\/#breadcrumb\"},\"inLanguage\":\"es\",\"potentialAction\":[{\"@type\":\"ReadAction\",\"target\":[\"https:\/\/www.jazsurface.com\/es\/cepillos-para-pulidos\/discos-sisal-cuerda\/\"]}]},{\"@type\":\"ImageObject\",\"inLanguage\":\"es\",\"@id\":\"https:\/\/www.jazsurface.com\/es\/cepillos-para-pulidos\/discos-sisal-cuerda\/#primaryimage\",\"url\":\"https:\/\/www.jazsurface.com\/wp-content\/uploads\/2023\/11\/jaz-cepillos-pulidos-discos-sisal-cuerda2-1.jpg\",\"contentUrl\":\"https:\/\/www.jazsurface.com\/wp-content\/uploads\/2023\/11\/jaz-cepillos-pulidos-discos-sisal-cuerda2-1.jpg\",\"width\":1000,\"height\":1000,\"caption\":\"JAZ ZUBIAURRE: Discos Sisal Cuerda\"},{\"@type\":\"BreadcrumbList\",\"@id\":\"https:\/\/www.jazsurface.com\/es\/cepillos-para-pulidos\/discos-sisal-cuerda\/#breadcrumb\",\"itemListElement\":[{\"@type\":\"ListItem\",\"position\":1,\"name\":\"Portada\",\"item\":\"https:\/\/www.jazsurface.com\/es\/\"},{\"@type\":\"ListItem\",\"position\":2,\"name\":\"Productos\",\"item\":\"https:\/\/www.jazsurface.com\/es\/productos\/\"},{\"@type\":\"ListItem\",\"position\":3,\"name\":\"Discos Sisal Cuerda\"}]},{\"@type\":\"WebSite\",\"@id\":\"https:\/\/www.jazsurface.com\/es\/#website\",\"url\":\"https:\/\/www.jazsurface.com\/es\/\",\"name\":\"Jaz\",\"description\":\"Especialistas en el tratamiento de superficies\",\"potentialAction\":[{\"@type\":\"SearchAction\",\"target\":{\"@type\":\"EntryPoint\",\"urlTemplate\":\"https:\/\/www.jazsurface.com\/es\/?s={search_term_string}\"},\"query-input\":{\"@type\":\"PropertyValueSpecification\",\"valueRequired\":true,\"valueName\":\"search_term_string\"}}],\"inLanguage\":\"es\"}]}<\/script>\n<!-- \/ Yoast SEO plugin. -->","yoast_head_json":{"title":"Discos Sisal Cuerda para el tratamiento de superficies - Jaz","description":"Los Cepillos BS para piezas de revoluci\u00f3n facilitan la limpieza de la pieza sin desmontarla. Ideal para trabajos de mantenimiento, eliminaci\u00f3n de rebabas, \u00f3xido, pintura, etc.","robots":{"index":"index","follow":"follow","max-snippet":"max-snippet:-1","max-image-preview":"max-image-preview:large","max-video-preview":"max-video-preview:-1"},"canonical":"https:\/\/www.jazsurface.com\/es\/cepillos-para-pulidos\/discos-sisal-cuerda\/","og_locale":"es_ES","og_type":"article","og_title":"Discos Sisal Cuerda para el tratamiento de superficies - Jaz","og_description":"Los Cepillos BS para piezas de revoluci\u00f3n facilitan la limpieza de la pieza sin desmontarla. Ideal para trabajos de mantenimiento, eliminaci\u00f3n de rebabas, \u00f3xido, pintura, etc.","og_url":"https:\/\/www.jazsurface.com\/es\/cepillos-para-pulidos\/discos-sisal-cuerda\/","og_site_name":"Jaz","article_modified_time":"2024-01-24T15:09:25+00:00","og_image":[{"width":1000,"height":1000,"url":"https:\/\/www.jazsurface.com\/wp-content\/uploads\/2023\/11\/jaz-cepillos-pulidos-discos-sisal-cuerda2-1.jpg","type":"image\/jpeg"}],"twitter_card":"summary_large_image","twitter_misc":{"Tiempo de lectura":"1 minuto"},"schema":{"@context":"https:\/\/schema.org","@graph":[{"@type":"WebPage","@id":"https:\/\/www.jazsurface.com\/es\/cepillos-para-pulidos\/discos-sisal-cuerda\/","url":"https:\/\/www.jazsurface.com\/es\/cepillos-para-pulidos\/discos-sisal-cuerda\/","name":"Discos Sisal Cuerda para el tratamiento de superficies - Jaz","isPartOf":{"@id":"https:\/\/www.jazsurface.com\/es\/#website"},"primaryImageOfPage":{"@id":"https:\/\/www.jazsurface.com\/es\/cepillos-para-pulidos\/discos-sisal-cuerda\/#primaryimage"},"image":{"@id":"https:\/\/www.jazsurface.com\/es\/cepillos-para-pulidos\/discos-sisal-cuerda\/#primaryimage"},"thumbnailUrl":"https:\/\/www.jazsurface.com\/wp-content\/uploads\/2023\/11\/jaz-cepillos-pulidos-discos-sisal-cuerda2-1.jpg","datePublished":"2023-12-01T11:22:54+00:00","dateModified":"2024-01-24T15:09:25+00:00","description":"Los Cepillos BS para piezas de revoluci\u00f3n facilitan la limpieza de la pieza sin desmontarla. Ideal para trabajos de mantenimiento, eliminaci\u00f3n de rebabas, \u00f3xido, pintura, etc.","breadcrumb":{"@id":"https:\/\/www.jazsurface.com\/es\/cepillos-para-pulidos\/discos-sisal-cuerda\/#breadcrumb"},"inLanguage":"es","potentialAction":[{"@type":"ReadAction","target":["https:\/\/www.jazsurface.com\/es\/cepillos-para-pulidos\/discos-sisal-cuerda\/"]}]},{"@type":"ImageObject","inLanguage":"es","@id":"https:\/\/www.jazsurface.com\/es\/cepillos-para-pulidos\/discos-sisal-cuerda\/#primaryimage","url":"https:\/\/www.jazsurface.com\/wp-content\/uploads\/2023\/11\/jaz-cepillos-pulidos-discos-sisal-cuerda2-1.jpg","contentUrl":"https:\/\/www.jazsurface.com\/wp-content\/uploads\/2023\/11\/jaz-cepillos-pulidos-discos-sisal-cuerda2-1.jpg","width":1000,"height":1000,"caption":"JAZ ZUBIAURRE: Discos Sisal Cuerda"},{"@type":"BreadcrumbList","@id":"https:\/\/www.jazsurface.com\/es\/cepillos-para-pulidos\/discos-sisal-cuerda\/#breadcrumb","itemListElement":[{"@type":"ListItem","position":1,"name":"Portada","item":"https:\/\/www.jazsurface.com\/es\/"},{"@type":"ListItem","position":2,"name":"Productos","item":"https:\/\/www.jazsurface.com\/es\/productos\/"},{"@type":"ListItem","position":3,"name":"Discos Sisal Cuerda"}]},{"@type":"WebSite","@id":"https:\/\/www.jazsurface.com\/es\/#website","url":"https:\/\/www.jazsurface.com\/es\/","name":"Jaz","description":"Especialistas en el tratamiento de superficies","potentialAction":[{"@type":"SearchAction","target":{"@type":"EntryPoint","urlTemplate":"https:\/\/www.jazsurface.com\/es\/?s={search_term_string}"},"query-input":{"@type":"PropertyValueSpecification","valueRequired":true,"valueName":"search_term_string"}}],"inLanguage":"es"}]}},"_links":{"self":[{"href":"https:\/\/www.jazsurface.com\/es\/wp-json\/wp\/v2\/product\/43542","targetHints":{"allow":["GET"]}}],"collection":[{"href":"https:\/\/www.jazsurface.com\/es\/wp-json\/wp\/v2\/product"}],"about":[{"href":"https:\/\/www.jazsurface.com\/es\/wp-json\/wp\/v2\/types\/product"}],"wp:featuredmedia":[{"embeddable":true,"href":"https:\/\/www.jazsurface.com\/es\/wp-json\/wp\/v2\/media\/43373"}],"wp:attachment":[{"href":"https:\/\/www.jazsurface.com\/es\/wp-json\/wp\/v2\/media?parent=43542"}],"wp:term":[{"taxonomy":"product_brand","embeddable":true,"href":"https:\/\/www.jazsurface.com\/es\/wp-json\/wp\/v2\/product_brand?post=43542"},{"taxonomy":"product_cat","embeddable":true,"href":"https:\/\/www.jazsurface.com\/es\/wp-json\/wp\/v2\/product_cat?post=43542"},{"taxonomy":"product_tag","embeddable":true,"href":"https:\/\/www.jazsurface.com\/es\/wp-json\/wp\/v2\/product_tag?post=43542"}],"curies":[{"name":"wp","href":"https:\/\/api.w.org\/{rel}","templated":true}]}}