{"id":25362,"date":"2019-06-21T13:12:51","date_gmt":"2019-06-21T11:12:51","guid":{"rendered":"http:\/\/www.jazsurface.com\/?post_type=product&#038;p=25362"},"modified":"2019-07-09T15:46:52","modified_gmt":"2019-07-09T13:46:52","slug":"gafas","status":"publish","type":"product","link":"https:\/\/www.jazsurface.com\/es\/equipamiento\/gafas\/","title":{"rendered":"Gafas"},"content":{"rendered":"<div class=\"wpb-content-wrapper\"><p>[vc_row][vc_column][vc_column_text]En JAZ sabemos que la seguridad es lo primero y por ello presentamos el sello \u201c<strong>JAZ CERTIFIED EQUIPMENT<\/strong>\u201d. A trav\u00e9s del mismo, recomendamos y ofrecemos los productos de seguridad que el uso de nuestro producto requiere. Nuestro conocimiento del sector y el partnership con empresas l\u00edderes nos permite que la selecci\u00f3n de producto ofertada sea la id\u00f3nea para las tareas de cepillado y trabajo con superficies en las que nuestros productos intervienen.[\/vc_column_text][\/vc_column][\/vc_row]<\/p>\n<\/div>","protected":false},"excerpt":{"rendered":"<p>[vc_row][vc_column][vc_column_text]En JAZ sabemos que la seguridad es lo primero y por ello presentamos el sello \u201cJAZ CERTIFIED EQUIPMENT\u201d. A trav\u00e9s del mismo, recomendamos y ofrecemos los productos de seguridad que<\/p>\n","protected":false},"featured_media":17646,"template":"","meta":{"_acf_changed":false,"ngg_post_thumbnail":0},"product_brand":[],"product_cat":[171],"product_tag":[],"class_list":{"0":"post-25362","1":"product","2":"type-product","3":"status-publish","4":"has-post-thumbnail","6":"product_cat-equipamiento","8":"first","9":"instock","10":"shipping-taxable","11":"product-type-simple"},"acf":[],"yoast_head":"<!-- This site is optimized with the Yoast SEO plugin v27.2 - https:\/\/yoast.com\/product\/yoast-seo-wordpress\/ -->\n<title>Gafas para el tratamiento de superficies con seguridad - Jaz<\/title>\n<meta name=\"description\" content=\"Gafas con tecnolog\u00eda antiabrasi\u00f3n que a\u00f1ade a la superficie interna y externa de la lente una capa de barniz de 3,5 \u03bcm de espesor m\u00ednimo garantizado resistente al agua y a la rayadura. Tecnolog\u00eda antiempa\u00f1ante que a\u00f1ade a la supeficie interna y externa de la lente una capa de barniz de 3,5 \u03bcm de espesor m\u00ednimo garantizado que absorve el vaho y la humedad.\" \/>\n<meta name=\"robots\" content=\"index, follow, max-snippet:-1, max-image-preview:large, max-video-preview:-1\" \/>\n<link rel=\"canonical\" href=\"https:\/\/www.jazsurface.com\/es\/equipamiento\/gafas\/\" \/>\n<meta property=\"og:locale\" content=\"es_ES\" \/>\n<meta property=\"og:type\" content=\"article\" \/>\n<meta property=\"og:title\" content=\"Gafas para el tratamiento de superficies con seguridad - Jaz\" \/>\n<meta property=\"og:description\" content=\"Gafas con tecnolog\u00eda antiabrasi\u00f3n que a\u00f1ade a la superficie interna y externa de la lente una capa de barniz de 3,5 \u03bcm de espesor m\u00ednimo garantizado resistente al agua y a la rayadura. Tecnolog\u00eda antiempa\u00f1ante que a\u00f1ade a la supeficie interna y externa de la lente una capa de barniz de 3,5 \u03bcm de espesor m\u00ednimo garantizado que absorve el vaho y la humedad.\" \/>\n<meta property=\"og:url\" content=\"https:\/\/www.jazsurface.com\/es\/equipamiento\/gafas\/\" \/>\n<meta property=\"og:site_name\" content=\"Jaz\" \/>\n<meta property=\"article:modified_time\" content=\"2019-07-09T13:46:52+00:00\" \/>\n<meta property=\"og:image\" content=\"https:\/\/www.jazsurface.com\/wp-content\/uploads\/2019\/05\/jaz-equipamiento-EPIs-1.jpg\" \/>\n\t<meta property=\"og:image:width\" content=\"1000\" \/>\n\t<meta property=\"og:image:height\" content=\"1000\" \/>\n\t<meta property=\"og:image:type\" content=\"image\/jpeg\" \/>\n<meta name=\"twitter:card\" content=\"summary_large_image\" \/>\n<script type=\"application\/ld+json\" class=\"yoast-schema-graph\">{\"@context\":\"https:\/\/schema.org\",\"@graph\":[{\"@type\":\"WebPage\",\"@id\":\"https:\/\/www.jazsurface.com\/es\/equipamiento\/gafas\/\",\"url\":\"https:\/\/www.jazsurface.com\/es\/equipamiento\/gafas\/\",\"name\":\"Gafas para el tratamiento de superficies con seguridad - Jaz\",\"isPartOf\":{\"@id\":\"https:\/\/www.jazsurface.com\/es\/#website\"},\"primaryImageOfPage\":{\"@id\":\"https:\/\/www.jazsurface.com\/es\/equipamiento\/gafas\/#primaryimage\"},\"image\":{\"@id\":\"https:\/\/www.jazsurface.com\/es\/equipamiento\/gafas\/#primaryimage\"},\"thumbnailUrl\":\"https:\/\/www.jazsurface.com\/wp-content\/uploads\/2019\/05\/jaz-equipamiento-EPIs-1.jpg\",\"datePublished\":\"2019-06-21T11:12:51+00:00\",\"dateModified\":\"2019-07-09T13:46:52+00:00\",\"description\":\"Gafas con tecnolog\u00eda antiabrasi\u00f3n que a\u00f1ade a la superficie interna y externa de la lente una capa de barniz de 3,5 \u03bcm de espesor m\u00ednimo garantizado resistente al agua y a la rayadura. Tecnolog\u00eda antiempa\u00f1ante que a\u00f1ade a la supeficie interna y externa de la lente una capa de barniz de 3,5 \u03bcm de espesor m\u00ednimo garantizado que absorve el vaho y la humedad.\",\"breadcrumb\":{\"@id\":\"https:\/\/www.jazsurface.com\/es\/equipamiento\/gafas\/#breadcrumb\"},\"inLanguage\":\"es\",\"potentialAction\":[{\"@type\":\"ReadAction\",\"target\":[\"https:\/\/www.jazsurface.com\/es\/equipamiento\/gafas\/\"]}]},{\"@type\":\"ImageObject\",\"inLanguage\":\"es\",\"@id\":\"https:\/\/www.jazsurface.com\/es\/equipamiento\/gafas\/#primaryimage\",\"url\":\"https:\/\/www.jazsurface.com\/wp-content\/uploads\/2019\/05\/jaz-equipamiento-EPIs-1.jpg\",\"contentUrl\":\"https:\/\/www.jazsurface.com\/wp-content\/uploads\/2019\/05\/jaz-equipamiento-EPIs-1.jpg\",\"width\":1000,\"height\":1000,\"caption\":\"JAZ ZUBIAURRE: EPIs\"},{\"@type\":\"BreadcrumbList\",\"@id\":\"https:\/\/www.jazsurface.com\/es\/equipamiento\/gafas\/#breadcrumb\",\"itemListElement\":[{\"@type\":\"ListItem\",\"position\":1,\"name\":\"Portada\",\"item\":\"https:\/\/www.jazsurface.com\/es\/\"},{\"@type\":\"ListItem\",\"position\":2,\"name\":\"Productos\",\"item\":\"https:\/\/www.jazsurface.com\/es\/productos\/\"},{\"@type\":\"ListItem\",\"position\":3,\"name\":\"Gafas\"}]},{\"@type\":\"WebSite\",\"@id\":\"https:\/\/www.jazsurface.com\/es\/#website\",\"url\":\"https:\/\/www.jazsurface.com\/es\/\",\"name\":\"Jaz\",\"description\":\"Especialistas en el tratamiento de superficies\",\"potentialAction\":[{\"@type\":\"SearchAction\",\"target\":{\"@type\":\"EntryPoint\",\"urlTemplate\":\"https:\/\/www.jazsurface.com\/es\/?s={search_term_string}\"},\"query-input\":{\"@type\":\"PropertyValueSpecification\",\"valueRequired\":true,\"valueName\":\"search_term_string\"}}],\"inLanguage\":\"es\"}]}<\/script>\n<!-- \/ Yoast SEO plugin. -->","yoast_head_json":{"title":"Gafas para el tratamiento de superficies con seguridad - Jaz","description":"Gafas con tecnolog\u00eda antiabrasi\u00f3n que a\u00f1ade a la superficie interna y externa de la lente una capa de barniz de 3,5 \u03bcm de espesor m\u00ednimo garantizado resistente al agua y a la rayadura. Tecnolog\u00eda antiempa\u00f1ante que a\u00f1ade a la supeficie interna y externa de la lente una capa de barniz de 3,5 \u03bcm de espesor m\u00ednimo garantizado que absorve el vaho y la humedad.","robots":{"index":"index","follow":"follow","max-snippet":"max-snippet:-1","max-image-preview":"max-image-preview:large","max-video-preview":"max-video-preview:-1"},"canonical":"https:\/\/www.jazsurface.com\/es\/equipamiento\/gafas\/","og_locale":"es_ES","og_type":"article","og_title":"Gafas para el tratamiento de superficies con seguridad - Jaz","og_description":"Gafas con tecnolog\u00eda antiabrasi\u00f3n que a\u00f1ade a la superficie interna y externa de la lente una capa de barniz de 3,5 \u03bcm de espesor m\u00ednimo garantizado resistente al agua y a la rayadura. Tecnolog\u00eda antiempa\u00f1ante que a\u00f1ade a la supeficie interna y externa de la lente una capa de barniz de 3,5 \u03bcm de espesor m\u00ednimo garantizado que absorve el vaho y la humedad.","og_url":"https:\/\/www.jazsurface.com\/es\/equipamiento\/gafas\/","og_site_name":"Jaz","article_modified_time":"2019-07-09T13:46:52+00:00","og_image":[{"width":1000,"height":1000,"url":"https:\/\/www.jazsurface.com\/wp-content\/uploads\/2019\/05\/jaz-equipamiento-EPIs-1.jpg","type":"image\/jpeg"}],"twitter_card":"summary_large_image","schema":{"@context":"https:\/\/schema.org","@graph":[{"@type":"WebPage","@id":"https:\/\/www.jazsurface.com\/es\/equipamiento\/gafas\/","url":"https:\/\/www.jazsurface.com\/es\/equipamiento\/gafas\/","name":"Gafas para el tratamiento de superficies con seguridad - Jaz","isPartOf":{"@id":"https:\/\/www.jazsurface.com\/es\/#website"},"primaryImageOfPage":{"@id":"https:\/\/www.jazsurface.com\/es\/equipamiento\/gafas\/#primaryimage"},"image":{"@id":"https:\/\/www.jazsurface.com\/es\/equipamiento\/gafas\/#primaryimage"},"thumbnailUrl":"https:\/\/www.jazsurface.com\/wp-content\/uploads\/2019\/05\/jaz-equipamiento-EPIs-1.jpg","datePublished":"2019-06-21T11:12:51+00:00","dateModified":"2019-07-09T13:46:52+00:00","description":"Gafas con tecnolog\u00eda antiabrasi\u00f3n que a\u00f1ade a la superficie interna y externa de la lente una capa de barniz de 3,5 \u03bcm de espesor m\u00ednimo garantizado resistente al agua y a la rayadura. Tecnolog\u00eda antiempa\u00f1ante que a\u00f1ade a la supeficie interna y externa de la lente una capa de barniz de 3,5 \u03bcm de espesor m\u00ednimo garantizado que absorve el vaho y la humedad.","breadcrumb":{"@id":"https:\/\/www.jazsurface.com\/es\/equipamiento\/gafas\/#breadcrumb"},"inLanguage":"es","potentialAction":[{"@type":"ReadAction","target":["https:\/\/www.jazsurface.com\/es\/equipamiento\/gafas\/"]}]},{"@type":"ImageObject","inLanguage":"es","@id":"https:\/\/www.jazsurface.com\/es\/equipamiento\/gafas\/#primaryimage","url":"https:\/\/www.jazsurface.com\/wp-content\/uploads\/2019\/05\/jaz-equipamiento-EPIs-1.jpg","contentUrl":"https:\/\/www.jazsurface.com\/wp-content\/uploads\/2019\/05\/jaz-equipamiento-EPIs-1.jpg","width":1000,"height":1000,"caption":"JAZ ZUBIAURRE: EPIs"},{"@type":"BreadcrumbList","@id":"https:\/\/www.jazsurface.com\/es\/equipamiento\/gafas\/#breadcrumb","itemListElement":[{"@type":"ListItem","position":1,"name":"Portada","item":"https:\/\/www.jazsurface.com\/es\/"},{"@type":"ListItem","position":2,"name":"Productos","item":"https:\/\/www.jazsurface.com\/es\/productos\/"},{"@type":"ListItem","position":3,"name":"Gafas"}]},{"@type":"WebSite","@id":"https:\/\/www.jazsurface.com\/es\/#website","url":"https:\/\/www.jazsurface.com\/es\/","name":"Jaz","description":"Especialistas en el tratamiento de superficies","potentialAction":[{"@type":"SearchAction","target":{"@type":"EntryPoint","urlTemplate":"https:\/\/www.jazsurface.com\/es\/?s={search_term_string}"},"query-input":{"@type":"PropertyValueSpecification","valueRequired":true,"valueName":"search_term_string"}}],"inLanguage":"es"}]}},"_links":{"self":[{"href":"https:\/\/www.jazsurface.com\/es\/wp-json\/wp\/v2\/product\/25362","targetHints":{"allow":["GET"]}}],"collection":[{"href":"https:\/\/www.jazsurface.com\/es\/wp-json\/wp\/v2\/product"}],"about":[{"href":"https:\/\/www.jazsurface.com\/es\/wp-json\/wp\/v2\/types\/product"}],"wp:featuredmedia":[{"embeddable":true,"href":"https:\/\/www.jazsurface.com\/es\/wp-json\/wp\/v2\/media\/17646"}],"wp:attachment":[{"href":"https:\/\/www.jazsurface.com\/es\/wp-json\/wp\/v2\/media?parent=25362"}],"wp:term":[{"taxonomy":"product_brand","embeddable":true,"href":"https:\/\/www.jazsurface.com\/es\/wp-json\/wp\/v2\/product_brand?post=25362"},{"taxonomy":"product_cat","embeddable":true,"href":"https:\/\/www.jazsurface.com\/es\/wp-json\/wp\/v2\/product_cat?post=25362"},{"taxonomy":"product_tag","embeddable":true,"href":"https:\/\/www.jazsurface.com\/es\/wp-json\/wp\/v2\/product_tag?post=25362"}],"curies":[{"name":"wp","href":"https:\/\/api.w.org\/{rel}","templated":true}]}}