{"id":12865,"date":"2019-05-23T09:40:08","date_gmt":"2019-05-23T07:40:08","guid":{"rendered":"http:\/\/www.jazsurface.com\/?post_type=product&#038;p=12865"},"modified":"2022-12-01T13:03:59","modified_gmt":"2022-12-01T12:03:59","slug":"cepillos-para-la-madera","status":"publish","type":"product","link":"https:\/\/www.jazsurface.com\/es\/cepillos-para-la-madera\/cepillos-para-la-madera\/","title":{"rendered":"Cepillos para la madera"},"content":{"rendered":"<div class=\"wpb-content-wrapper\"><p>[vc_row][vc_column][vc_column_text]Cepillos para envejecer madera con m\u00e1quinas port\u00e1tiles.<\/p>\n<p>Con el fin de obtener un acabado r\u00fastico en la madera utilizada en suelos, cubiertas y componentes de mobiliario, es necesaria la combinaci\u00f3n de cepillos de alambre met\u00e1lico y de cepillos de nylon abrasivo.<\/p>\n<p>Las p\u00faas met\u00e1licas de acero desgastan las partes m\u00e1s blandas de la madera y resaltan las zonas m\u00e1s duras. Para obtener un acabado m\u00e1s fino -quitando barbillas, pelos y astillas resultantes del cepillado con p\u00faas de acero- se utilizan los cepillos de nylon abrasivo.[\/vc_column_text]<div class=\"dfd-spacer-module\"  data-units=\"px\" data-wide_resolution=\"1280\" data-wide_size=\"20\" data-normal_resolution=\"1024\" data-normal_size=\"20\" data-tablet_resolution=\"800\" data-tablet_size=\"20\" data-mobile_resolution=\"480\" data-mobile_size=\"20\" style=\"height: 20px;\"><\/div><div class=\"dfd-heading-shortcode\"><div class=\"dfd-heading-module-wrap  text-left style_01 dfd-heading-69f4f5b0e636a dfd-disable-resposive-headings\" id=\"dfd-heading-69f4f5b0e636a\" ><div class=\"inline-block\"><div class=\"dfd-heading-module\"><h2 class=\"widget-title dfd-title \" style=\"font-size: 20px; line-height: 23px; \">Procesos industriales<\/h2><\/div><\/div><\/div><script type=\"text\/javascript\">\r\n\t\t\t\t\t\t\t\t\t(function($) {\r\n\t\t\t\t\t\t\t\t\t\t$(\"head\").append(\"<style>.dfd-heading-69f4f5b0e636a .dfd-heading-module .widget-title {margin-bottom:20px;}.dfd-heading-69f4f5b0e636a.dfd-heading-module-wrap .dfd-heading-module .dfd-heading-delimiter {margin-top:10px;margin-bottom:10px;}<\/style>\");\r\n\t\t\t\t\t\t\t\t\t})(jQuery);\r\n\t\t\t\t\t\t\t\t<\/script><\/div>[vc_column_text]Existe una gran variedad de m\u00e1quinas en el mercado (COSTA, SCM, VOLPATO, GRIGGIO) que se equipan con rodillos de p\u00faas de alambre y de nylon abrasivo. Estos cepillos se utilizan en procesos automatizados.[\/vc_column_text][\/vc_column][\/vc_row][vc_row][vc_column][\/vc_column][\/vc_row]<\/p>\n<\/div>","protected":false},"excerpt":{"rendered":"<p>[vc_row][vc_column][vc_column_text]Cepillos para envejecer madera con m\u00e1quinas port\u00e1tiles. Con el fin de obtener un acabado r\u00fastico en la madera utilizada en suelos, cubiertas y componentes de mobiliario, es necesaria la combinaci\u00f3n<\/p>\n","protected":false},"featured_media":12884,"template":"","meta":{"_acf_changed":false,"ngg_post_thumbnail":0},"product_brand":[],"product_cat":[156,258,269,251,261,263],"product_tag":[],"class_list":{"0":"post-12865","1":"product","2":"type-product","3":"status-publish","4":"has-post-thumbnail","6":"product_cat-cepillos-para-la-madera","7":"product_cat-cepillos-brochas-tazas-para-amoladora","8":"product_cat-acabado-neutro-de-superficies","9":"product_cat-productos-para-texturizar-superficies","10":"product_cat-tratamiento-de-superficies-de-acero","11":"product_cat-tratamiento-de-superficies-de-acero-inoxidable-alumminio","13":"first","14":"instock","15":"shipping-taxable","16":"product-type-simple"},"acf":[],"yoast_head":"<!-- This site is optimized with the Yoast SEO plugin v27.5 - https:\/\/yoast.com\/product\/yoast-seo-wordpress\/ -->\n<title>Cepillos para la madera - Jaz<\/title>\n<meta name=\"description\" content=\"Cepillos para envejecer madera con m\u00e1quinas port\u00e1tiles.\" \/>\n<meta name=\"robots\" content=\"index, follow, max-snippet:-1, max-image-preview:large, max-video-preview:-1\" \/>\n<link rel=\"canonical\" href=\"https:\/\/www.jazsurface.com\/es\/cepillos-para-la-madera\/cepillos-para-la-madera\/\" \/>\n<meta property=\"og:locale\" content=\"es_ES\" \/>\n<meta property=\"og:type\" content=\"article\" \/>\n<meta property=\"og:title\" content=\"Cepillos para la madera - Jaz\" \/>\n<meta property=\"og:description\" content=\"Cepillos para envejecer madera con m\u00e1quinas port\u00e1tiles.\" \/>\n<meta property=\"og:url\" content=\"https:\/\/www.jazsurface.com\/es\/cepillos-para-la-madera\/cepillos-para-la-madera\/\" \/>\n<meta property=\"og:site_name\" content=\"Jaz\" \/>\n<meta property=\"article:modified_time\" content=\"2022-12-01T12:03:59+00:00\" \/>\n<meta property=\"og:image\" content=\"https:\/\/www.jazsurface.com\/wp-content\/uploads\/2019\/05\/jaz-cepillos-para-la-madera.jpg\" \/>\n\t<meta property=\"og:image:width\" content=\"1000\" \/>\n\t<meta property=\"og:image:height\" content=\"1000\" \/>\n\t<meta property=\"og:image:type\" content=\"image\/jpeg\" \/>\n<meta name=\"twitter:card\" content=\"summary_large_image\" \/>\n<meta name=\"twitter:label1\" content=\"Tiempo de lectura\" \/>\n\t<meta name=\"twitter:data1\" content=\"1 minuto\" \/>\n<script type=\"application\/ld+json\" class=\"yoast-schema-graph\">{\"@context\":\"https:\\\/\\\/schema.org\",\"@graph\":[{\"@type\":\"WebPage\",\"@id\":\"https:\\\/\\\/www.jazsurface.com\\\/es\\\/cepillos-para-la-madera\\\/cepillos-para-la-madera\\\/\",\"url\":\"https:\\\/\\\/www.jazsurface.com\\\/es\\\/cepillos-para-la-madera\\\/cepillos-para-la-madera\\\/\",\"name\":\"Cepillos para la madera - Jaz\",\"isPartOf\":{\"@id\":\"https:\\\/\\\/www.jazsurface.com\\\/es\\\/#website\"},\"primaryImageOfPage\":{\"@id\":\"https:\\\/\\\/www.jazsurface.com\\\/es\\\/cepillos-para-la-madera\\\/cepillos-para-la-madera\\\/#primaryimage\"},\"image\":{\"@id\":\"https:\\\/\\\/www.jazsurface.com\\\/es\\\/cepillos-para-la-madera\\\/cepillos-para-la-madera\\\/#primaryimage\"},\"thumbnailUrl\":\"https:\\\/\\\/www.jazsurface.com\\\/wp-content\\\/uploads\\\/2019\\\/05\\\/jaz-cepillos-para-la-madera.jpg\",\"datePublished\":\"2019-05-23T07:40:08+00:00\",\"dateModified\":\"2022-12-01T12:03:59+00:00\",\"description\":\"Cepillos para envejecer madera con m\u00e1quinas port\u00e1tiles.\",\"breadcrumb\":{\"@id\":\"https:\\\/\\\/www.jazsurface.com\\\/es\\\/cepillos-para-la-madera\\\/cepillos-para-la-madera\\\/#breadcrumb\"},\"inLanguage\":\"es\",\"potentialAction\":[{\"@type\":\"ReadAction\",\"target\":[\"https:\\\/\\\/www.jazsurface.com\\\/es\\\/cepillos-para-la-madera\\\/cepillos-para-la-madera\\\/\"]}]},{\"@type\":\"ImageObject\",\"inLanguage\":\"es\",\"@id\":\"https:\\\/\\\/www.jazsurface.com\\\/es\\\/cepillos-para-la-madera\\\/cepillos-para-la-madera\\\/#primaryimage\",\"url\":\"https:\\\/\\\/www.jazsurface.com\\\/wp-content\\\/uploads\\\/2019\\\/05\\\/jaz-cepillos-para-la-madera.jpg\",\"contentUrl\":\"https:\\\/\\\/www.jazsurface.com\\\/wp-content\\\/uploads\\\/2019\\\/05\\\/jaz-cepillos-para-la-madera.jpg\",\"width\":1000,\"height\":1000,\"caption\":\"JAZ ZUBIAURRE: Cepillos para la madera\"},{\"@type\":\"BreadcrumbList\",\"@id\":\"https:\\\/\\\/www.jazsurface.com\\\/es\\\/cepillos-para-la-madera\\\/cepillos-para-la-madera\\\/#breadcrumb\",\"itemListElement\":[{\"@type\":\"ListItem\",\"position\":1,\"name\":\"Portada\",\"item\":\"https:\\\/\\\/www.jazsurface.com\\\/es\\\/\"},{\"@type\":\"ListItem\",\"position\":2,\"name\":\"Productos\",\"item\":\"https:\\\/\\\/www.jazsurface.com\\\/es\\\/productos\\\/\"},{\"@type\":\"ListItem\",\"position\":3,\"name\":\"Cepillos para la madera\"}]},{\"@type\":\"WebSite\",\"@id\":\"https:\\\/\\\/www.jazsurface.com\\\/es\\\/#website\",\"url\":\"https:\\\/\\\/www.jazsurface.com\\\/es\\\/\",\"name\":\"Jaz\",\"description\":\"Especialistas en el tratamiento de superficies\",\"potentialAction\":[{\"@type\":\"SearchAction\",\"target\":{\"@type\":\"EntryPoint\",\"urlTemplate\":\"https:\\\/\\\/www.jazsurface.com\\\/es\\\/?s={search_term_string}\"},\"query-input\":{\"@type\":\"PropertyValueSpecification\",\"valueRequired\":true,\"valueName\":\"search_term_string\"}}],\"inLanguage\":\"es\"}]}<\/script>\n<!-- \/ Yoast SEO plugin. -->","yoast_head_json":{"title":"Cepillos para la madera - Jaz","description":"Cepillos para envejecer madera con m\u00e1quinas port\u00e1tiles.","robots":{"index":"index","follow":"follow","max-snippet":"max-snippet:-1","max-image-preview":"max-image-preview:large","max-video-preview":"max-video-preview:-1"},"canonical":"https:\/\/www.jazsurface.com\/es\/cepillos-para-la-madera\/cepillos-para-la-madera\/","og_locale":"es_ES","og_type":"article","og_title":"Cepillos para la madera - Jaz","og_description":"Cepillos para envejecer madera con m\u00e1quinas port\u00e1tiles.","og_url":"https:\/\/www.jazsurface.com\/es\/cepillos-para-la-madera\/cepillos-para-la-madera\/","og_site_name":"Jaz","article_modified_time":"2022-12-01T12:03:59+00:00","og_image":[{"width":1000,"height":1000,"url":"https:\/\/www.jazsurface.com\/wp-content\/uploads\/2019\/05\/jaz-cepillos-para-la-madera.jpg","type":"image\/jpeg"}],"twitter_card":"summary_large_image","twitter_misc":{"Tiempo de lectura":"1 minuto"},"schema":{"@context":"https:\/\/schema.org","@graph":[{"@type":"WebPage","@id":"https:\/\/www.jazsurface.com\/es\/cepillos-para-la-madera\/cepillos-para-la-madera\/","url":"https:\/\/www.jazsurface.com\/es\/cepillos-para-la-madera\/cepillos-para-la-madera\/","name":"Cepillos para la madera - Jaz","isPartOf":{"@id":"https:\/\/www.jazsurface.com\/es\/#website"},"primaryImageOfPage":{"@id":"https:\/\/www.jazsurface.com\/es\/cepillos-para-la-madera\/cepillos-para-la-madera\/#primaryimage"},"image":{"@id":"https:\/\/www.jazsurface.com\/es\/cepillos-para-la-madera\/cepillos-para-la-madera\/#primaryimage"},"thumbnailUrl":"https:\/\/www.jazsurface.com\/wp-content\/uploads\/2019\/05\/jaz-cepillos-para-la-madera.jpg","datePublished":"2019-05-23T07:40:08+00:00","dateModified":"2022-12-01T12:03:59+00:00","description":"Cepillos para envejecer madera con m\u00e1quinas port\u00e1tiles.","breadcrumb":{"@id":"https:\/\/www.jazsurface.com\/es\/cepillos-para-la-madera\/cepillos-para-la-madera\/#breadcrumb"},"inLanguage":"es","potentialAction":[{"@type":"ReadAction","target":["https:\/\/www.jazsurface.com\/es\/cepillos-para-la-madera\/cepillos-para-la-madera\/"]}]},{"@type":"ImageObject","inLanguage":"es","@id":"https:\/\/www.jazsurface.com\/es\/cepillos-para-la-madera\/cepillos-para-la-madera\/#primaryimage","url":"https:\/\/www.jazsurface.com\/wp-content\/uploads\/2019\/05\/jaz-cepillos-para-la-madera.jpg","contentUrl":"https:\/\/www.jazsurface.com\/wp-content\/uploads\/2019\/05\/jaz-cepillos-para-la-madera.jpg","width":1000,"height":1000,"caption":"JAZ ZUBIAURRE: Cepillos para la madera"},{"@type":"BreadcrumbList","@id":"https:\/\/www.jazsurface.com\/es\/cepillos-para-la-madera\/cepillos-para-la-madera\/#breadcrumb","itemListElement":[{"@type":"ListItem","position":1,"name":"Portada","item":"https:\/\/www.jazsurface.com\/es\/"},{"@type":"ListItem","position":2,"name":"Productos","item":"https:\/\/www.jazsurface.com\/es\/productos\/"},{"@type":"ListItem","position":3,"name":"Cepillos para la madera"}]},{"@type":"WebSite","@id":"https:\/\/www.jazsurface.com\/es\/#website","url":"https:\/\/www.jazsurface.com\/es\/","name":"Jaz","description":"Especialistas en el tratamiento de superficies","potentialAction":[{"@type":"SearchAction","target":{"@type":"EntryPoint","urlTemplate":"https:\/\/www.jazsurface.com\/es\/?s={search_term_string}"},"query-input":{"@type":"PropertyValueSpecification","valueRequired":true,"valueName":"search_term_string"}}],"inLanguage":"es"}]}},"_links":{"self":[{"href":"https:\/\/www.jazsurface.com\/es\/wp-json\/wp\/v2\/product\/12865","targetHints":{"allow":["GET"]}}],"collection":[{"href":"https:\/\/www.jazsurface.com\/es\/wp-json\/wp\/v2\/product"}],"about":[{"href":"https:\/\/www.jazsurface.com\/es\/wp-json\/wp\/v2\/types\/product"}],"wp:featuredmedia":[{"embeddable":true,"href":"https:\/\/www.jazsurface.com\/es\/wp-json\/wp\/v2\/media\/12884"}],"wp:attachment":[{"href":"https:\/\/www.jazsurface.com\/es\/wp-json\/wp\/v2\/media?parent=12865"}],"wp:term":[{"taxonomy":"product_brand","embeddable":true,"href":"https:\/\/www.jazsurface.com\/es\/wp-json\/wp\/v2\/product_brand?post=12865"},{"taxonomy":"product_cat","embeddable":true,"href":"https:\/\/www.jazsurface.com\/es\/wp-json\/wp\/v2\/product_cat?post=12865"},{"taxonomy":"product_tag","embeddable":true,"href":"https:\/\/www.jazsurface.com\/es\/wp-json\/wp\/v2\/product_tag?post=12865"}],"curies":[{"name":"wp","href":"https:\/\/api.w.org\/{rel}","templated":true}]}}