{"id":12788,"date":"2019-05-23T09:23:14","date_gmt":"2019-05-23T07:23:14","guid":{"rendered":"http:\/\/www.jazsurface.com\/?post_type=product&#038;p=12788"},"modified":"2021-07-07T17:55:33","modified_gmt":"2021-07-07T15:55:33","slug":"texturizacion-de-madera","status":"publish","type":"product","link":"https:\/\/www.jazsurface.com\/es\/cepilleria-tecnica\/texturizacion-de-madera\/texturizacion-de-madera\/","title":{"rendered":"Texturizaci\u00f3n de madera"},"content":{"rendered":"<div class=\"wpb-content-wrapper\"><p>[vc_row][vc_column]<div class=\"dfd-heading-shortcode\"><div class=\"dfd-heading-module-wrap  text-left style_01 dfd-heading-69f2799bcdf58 dfd-disable-resposive-headings\" id=\"dfd-heading-69f2799bcdf58\" ><div class=\"inline-block\"><div class=\"dfd-heading-module\"><h2 class=\"widget-title dfd-title \" style=\"font-size: 20px; line-height: 23px; \">Cepillos especiales para envejecer la madera<\/h2><\/div><\/div><\/div><script type=\"text\/javascript\">\r\n\t\t\t\t\t\t\t\t\t(function($) {\r\n\t\t\t\t\t\t\t\t\t\t$(\"head\").append(\"<style>.dfd-heading-69f2799bcdf58 .dfd-heading-module .widget-title {margin-bottom:20px;}.dfd-heading-69f2799bcdf58.dfd-heading-module-wrap .dfd-heading-module .dfd-heading-delimiter {margin-top:10px;margin-bottom:10px;}<\/style>\");\r\n\t\t\t\t\t\t\t\t\t})(jQuery);\r\n\t\t\t\t\t\t\t\t<\/script><\/div>[vc_column_text]Cepillo de acero latonado para desbaste y cepillo de nylon abrasivo para obtener el acabado adecuado.<\/p>\n<p>Consulte a nuestro <strong>Departamento de Ingenier\u00eda<\/strong>, que le atender\u00e1 y ofrecer\u00e1 la soluci\u00f3n m\u00e1s adecuada a sus necesidades de cepillado:[\/vc_column_text]<div class=\"dfd-spacer-module\"  data-units=\"px\" data-wide_resolution=\"1280\" data-wide_size=\"20\" data-normal_resolution=\"1024\" data-normal_size=\"20\" data-tablet_resolution=\"800\" data-tablet_size=\"20\" data-mobile_resolution=\"480\" data-mobile_size=\"20\" style=\"height: 20px;\"><\/div><div id=\"dfd-icon-list-69f2799bce12c-9634\" class=\"dfd-icon-list-wrap  del-width-net-icon style-4  \" ><ul class=\"dfd-icon-list\"><li class=\"\"><div class=\"dfd-list-content clearfix \" style=\"\"><div class=\"dfd-list-icon-block text-center\" style=\"color:#cccccc; \"><i class = \"dfd-icon-right_2 dfd_icon_set-icon-right_2\"><\/i><\/div><div class=\"dfd-list-content-block content\">Amplia gama en cepiller\u00eda t\u00e9cnica para procesos industriales.<\/div><\/div><span class=\"dfd-icon-item-delimiter\" style=\"border-bottom-width:1px; border-style:dotted; border-color:; left: 46px; \"><\/span><\/li><li class=\"\"><div class=\"dfd-list-content clearfix \" style=\"\"><div class=\"dfd-list-icon-block text-center\" style=\"color:#cccccc; \"><i class = \"dfd-icon-right_2 dfd_icon_set-icon-right_2\"><\/i><\/div><div class=\"dfd-list-content-block content\">Dise\u00f1o y construcci\u00f3n de equipos y m\u00e1quinas.<\/div><\/div><span class=\"dfd-icon-item-delimiter\" style=\"border-bottom-width:1px; border-style:dotted; border-color:; left: 46px; \"><\/span><\/li><\/ul><\/div><script type=\"text\/javascript\">(function($) {$(\"head\").append(\"<style>#dfd-icon-list-69f2799bce12c-9634 .dfd-icon-list .content {style=&quot;color: #363636 !important; &quot;}<\/style>\");})(jQuery);<\/script>[\/vc_column][\/vc_row][vc_row][vc_column][\/vc_column][\/vc_row]<\/p>\n<\/div>","protected":false},"excerpt":{"rendered":"<p>[vc_row][vc_column][vc_column_text]Cepillo de acero latonado para desbaste y cepillo de nylon abrasivo para obtener el acabado adecuado. Consulte a nuestro Departamento de Ingenier\u00eda, que le atender\u00e1 y ofrecer\u00e1 la soluci\u00f3n m\u00e1s<\/p>\n","protected":false},"featured_media":17727,"template":"","meta":{"_acf_changed":false,"ngg_post_thumbnail":0},"product_brand":[],"product_cat":[157,260,249,265,267,266,248,251,163,261,263],"product_tag":[],"class_list":{"0":"post-12788","1":"product","2":"type-product","3":"status-publish","4":"has-post-thumbnail","6":"product_cat-cepilleria-tecnica","7":"product_cat-cepillos-brochas-tazas-para-maquina-industrial","8":"product_cat-productos-para-desbarbar-superficies","9":"product_cat-acabado-basto-de-superficies","10":"product_cat-acabado-fino-de-superficies","11":"product_cat-acabado-medio-de-superficies","12":"product_cat-productos-para-limpiar-superficies","13":"product_cat-productos-para-texturizar-superficies","14":"product_cat-texturizacion-de-madera","15":"product_cat-tratamiento-de-superficies-de-acero","16":"product_cat-tratamiento-de-superficies-de-acero-inoxidable-alumminio","18":"first","19":"instock","20":"shipping-taxable","21":"product-type-simple"},"acf":[],"yoast_head":"<!-- This site is optimized with the Yoast SEO plugin v27.5 - https:\/\/yoast.com\/product\/yoast-seo-wordpress\/ -->\n<title>Cepillos para la Texturizaci\u00f3n de madera - Jaz<\/title>\n<meta name=\"description\" content=\"Los Cepillos para Texturizaci\u00f3n de Madera son Cepillos Especiales para Envejecer la Madera a trav\u00e9s de un Cepillo Especial.\" \/>\n<meta name=\"robots\" content=\"index, follow, max-snippet:-1, max-image-preview:large, max-video-preview:-1\" \/>\n<link rel=\"canonical\" href=\"https:\/\/www.jazsurface.com\/es\/cepilleria-tecnica\/texturizacion-de-madera\/texturizacion-de-madera\/\" \/>\n<meta property=\"og:locale\" content=\"es_ES\" \/>\n<meta property=\"og:type\" content=\"article\" \/>\n<meta property=\"og:title\" content=\"Cepillos para la Texturizaci\u00f3n de madera - Jaz\" \/>\n<meta property=\"og:description\" content=\"Los Cepillos para Texturizaci\u00f3n de Madera son Cepillos Especiales para Envejecer la Madera a trav\u00e9s de un Cepillo Especial.\" \/>\n<meta property=\"og:url\" content=\"https:\/\/www.jazsurface.com\/es\/cepilleria-tecnica\/texturizacion-de-madera\/texturizacion-de-madera\/\" \/>\n<meta property=\"og:site_name\" content=\"Jaz\" \/>\n<meta property=\"article:modified_time\" content=\"2021-07-07T15:55:33+00:00\" \/>\n<meta property=\"og:image\" content=\"https:\/\/www.jazsurface.com\/wp-content\/uploads\/2019\/05\/jaz-cepilleria-tecnica-texturizacion-madera-1.jpg\" \/>\n\t<meta property=\"og:image:width\" content=\"1000\" \/>\n\t<meta property=\"og:image:height\" content=\"1000\" \/>\n\t<meta property=\"og:image:type\" content=\"image\/jpeg\" \/>\n<meta name=\"twitter:card\" content=\"summary_large_image\" \/>\n<meta name=\"twitter:label1\" content=\"Tiempo de lectura\" \/>\n\t<meta name=\"twitter:data1\" content=\"1 minuto\" \/>\n<script type=\"application\/ld+json\" class=\"yoast-schema-graph\">{\"@context\":\"https:\\\/\\\/schema.org\",\"@graph\":[{\"@type\":\"WebPage\",\"@id\":\"https:\\\/\\\/www.jazsurface.com\\\/es\\\/cepilleria-tecnica\\\/texturizacion-de-madera\\\/texturizacion-de-madera\\\/\",\"url\":\"https:\\\/\\\/www.jazsurface.com\\\/es\\\/cepilleria-tecnica\\\/texturizacion-de-madera\\\/texturizacion-de-madera\\\/\",\"name\":\"Cepillos para la Texturizaci\u00f3n de madera - Jaz\",\"isPartOf\":{\"@id\":\"https:\\\/\\\/www.jazsurface.com\\\/es\\\/#website\"},\"primaryImageOfPage\":{\"@id\":\"https:\\\/\\\/www.jazsurface.com\\\/es\\\/cepilleria-tecnica\\\/texturizacion-de-madera\\\/texturizacion-de-madera\\\/#primaryimage\"},\"image\":{\"@id\":\"https:\\\/\\\/www.jazsurface.com\\\/es\\\/cepilleria-tecnica\\\/texturizacion-de-madera\\\/texturizacion-de-madera\\\/#primaryimage\"},\"thumbnailUrl\":\"https:\\\/\\\/www.jazsurface.com\\\/wp-content\\\/uploads\\\/2019\\\/05\\\/jaz-cepilleria-tecnica-texturizacion-madera-1.jpg\",\"datePublished\":\"2019-05-23T07:23:14+00:00\",\"dateModified\":\"2021-07-07T15:55:33+00:00\",\"description\":\"Los Cepillos para Texturizaci\u00f3n de Madera son Cepillos Especiales para Envejecer la Madera a trav\u00e9s de un Cepillo Especial.\",\"breadcrumb\":{\"@id\":\"https:\\\/\\\/www.jazsurface.com\\\/es\\\/cepilleria-tecnica\\\/texturizacion-de-madera\\\/texturizacion-de-madera\\\/#breadcrumb\"},\"inLanguage\":\"es\",\"potentialAction\":[{\"@type\":\"ReadAction\",\"target\":[\"https:\\\/\\\/www.jazsurface.com\\\/es\\\/cepilleria-tecnica\\\/texturizacion-de-madera\\\/texturizacion-de-madera\\\/\"]}]},{\"@type\":\"ImageObject\",\"inLanguage\":\"es\",\"@id\":\"https:\\\/\\\/www.jazsurface.com\\\/es\\\/cepilleria-tecnica\\\/texturizacion-de-madera\\\/texturizacion-de-madera\\\/#primaryimage\",\"url\":\"https:\\\/\\\/www.jazsurface.com\\\/wp-content\\\/uploads\\\/2019\\\/05\\\/jaz-cepilleria-tecnica-texturizacion-madera-1.jpg\",\"contentUrl\":\"https:\\\/\\\/www.jazsurface.com\\\/wp-content\\\/uploads\\\/2019\\\/05\\\/jaz-cepilleria-tecnica-texturizacion-madera-1.jpg\",\"width\":1000,\"height\":1000,\"caption\":\"JAZ ZUBIAURRE: Texturizaci\u00f3n de madera\"},{\"@type\":\"BreadcrumbList\",\"@id\":\"https:\\\/\\\/www.jazsurface.com\\\/es\\\/cepilleria-tecnica\\\/texturizacion-de-madera\\\/texturizacion-de-madera\\\/#breadcrumb\",\"itemListElement\":[{\"@type\":\"ListItem\",\"position\":1,\"name\":\"Portada\",\"item\":\"https:\\\/\\\/www.jazsurface.com\\\/es\\\/\"},{\"@type\":\"ListItem\",\"position\":2,\"name\":\"Productos\",\"item\":\"https:\\\/\\\/www.jazsurface.com\\\/es\\\/productos\\\/\"},{\"@type\":\"ListItem\",\"position\":3,\"name\":\"Texturizaci\u00f3n de madera\"}]},{\"@type\":\"WebSite\",\"@id\":\"https:\\\/\\\/www.jazsurface.com\\\/es\\\/#website\",\"url\":\"https:\\\/\\\/www.jazsurface.com\\\/es\\\/\",\"name\":\"Jaz\",\"description\":\"Especialistas en el tratamiento de superficies\",\"potentialAction\":[{\"@type\":\"SearchAction\",\"target\":{\"@type\":\"EntryPoint\",\"urlTemplate\":\"https:\\\/\\\/www.jazsurface.com\\\/es\\\/?s={search_term_string}\"},\"query-input\":{\"@type\":\"PropertyValueSpecification\",\"valueRequired\":true,\"valueName\":\"search_term_string\"}}],\"inLanguage\":\"es\"}]}<\/script>\n<!-- \/ Yoast SEO plugin. -->","yoast_head_json":{"title":"Cepillos para la Texturizaci\u00f3n de madera - Jaz","description":"Los Cepillos para Texturizaci\u00f3n de Madera son Cepillos Especiales para Envejecer la Madera a trav\u00e9s de un Cepillo Especial.","robots":{"index":"index","follow":"follow","max-snippet":"max-snippet:-1","max-image-preview":"max-image-preview:large","max-video-preview":"max-video-preview:-1"},"canonical":"https:\/\/www.jazsurface.com\/es\/cepilleria-tecnica\/texturizacion-de-madera\/texturizacion-de-madera\/","og_locale":"es_ES","og_type":"article","og_title":"Cepillos para la Texturizaci\u00f3n de madera - Jaz","og_description":"Los Cepillos para Texturizaci\u00f3n de Madera son Cepillos Especiales para Envejecer la Madera a trav\u00e9s de un Cepillo Especial.","og_url":"https:\/\/www.jazsurface.com\/es\/cepilleria-tecnica\/texturizacion-de-madera\/texturizacion-de-madera\/","og_site_name":"Jaz","article_modified_time":"2021-07-07T15:55:33+00:00","og_image":[{"width":1000,"height":1000,"url":"https:\/\/www.jazsurface.com\/wp-content\/uploads\/2019\/05\/jaz-cepilleria-tecnica-texturizacion-madera-1.jpg","type":"image\/jpeg"}],"twitter_card":"summary_large_image","twitter_misc":{"Tiempo de lectura":"1 minuto"},"schema":{"@context":"https:\/\/schema.org","@graph":[{"@type":"WebPage","@id":"https:\/\/www.jazsurface.com\/es\/cepilleria-tecnica\/texturizacion-de-madera\/texturizacion-de-madera\/","url":"https:\/\/www.jazsurface.com\/es\/cepilleria-tecnica\/texturizacion-de-madera\/texturizacion-de-madera\/","name":"Cepillos para la Texturizaci\u00f3n de madera - Jaz","isPartOf":{"@id":"https:\/\/www.jazsurface.com\/es\/#website"},"primaryImageOfPage":{"@id":"https:\/\/www.jazsurface.com\/es\/cepilleria-tecnica\/texturizacion-de-madera\/texturizacion-de-madera\/#primaryimage"},"image":{"@id":"https:\/\/www.jazsurface.com\/es\/cepilleria-tecnica\/texturizacion-de-madera\/texturizacion-de-madera\/#primaryimage"},"thumbnailUrl":"https:\/\/www.jazsurface.com\/wp-content\/uploads\/2019\/05\/jaz-cepilleria-tecnica-texturizacion-madera-1.jpg","datePublished":"2019-05-23T07:23:14+00:00","dateModified":"2021-07-07T15:55:33+00:00","description":"Los Cepillos para Texturizaci\u00f3n de Madera son Cepillos Especiales para Envejecer la Madera a trav\u00e9s de un Cepillo Especial.","breadcrumb":{"@id":"https:\/\/www.jazsurface.com\/es\/cepilleria-tecnica\/texturizacion-de-madera\/texturizacion-de-madera\/#breadcrumb"},"inLanguage":"es","potentialAction":[{"@type":"ReadAction","target":["https:\/\/www.jazsurface.com\/es\/cepilleria-tecnica\/texturizacion-de-madera\/texturizacion-de-madera\/"]}]},{"@type":"ImageObject","inLanguage":"es","@id":"https:\/\/www.jazsurface.com\/es\/cepilleria-tecnica\/texturizacion-de-madera\/texturizacion-de-madera\/#primaryimage","url":"https:\/\/www.jazsurface.com\/wp-content\/uploads\/2019\/05\/jaz-cepilleria-tecnica-texturizacion-madera-1.jpg","contentUrl":"https:\/\/www.jazsurface.com\/wp-content\/uploads\/2019\/05\/jaz-cepilleria-tecnica-texturizacion-madera-1.jpg","width":1000,"height":1000,"caption":"JAZ ZUBIAURRE: Texturizaci\u00f3n de madera"},{"@type":"BreadcrumbList","@id":"https:\/\/www.jazsurface.com\/es\/cepilleria-tecnica\/texturizacion-de-madera\/texturizacion-de-madera\/#breadcrumb","itemListElement":[{"@type":"ListItem","position":1,"name":"Portada","item":"https:\/\/www.jazsurface.com\/es\/"},{"@type":"ListItem","position":2,"name":"Productos","item":"https:\/\/www.jazsurface.com\/es\/productos\/"},{"@type":"ListItem","position":3,"name":"Texturizaci\u00f3n de madera"}]},{"@type":"WebSite","@id":"https:\/\/www.jazsurface.com\/es\/#website","url":"https:\/\/www.jazsurface.com\/es\/","name":"Jaz","description":"Especialistas en el tratamiento de superficies","potentialAction":[{"@type":"SearchAction","target":{"@type":"EntryPoint","urlTemplate":"https:\/\/www.jazsurface.com\/es\/?s={search_term_string}"},"query-input":{"@type":"PropertyValueSpecification","valueRequired":true,"valueName":"search_term_string"}}],"inLanguage":"es"}]}},"_links":{"self":[{"href":"https:\/\/www.jazsurface.com\/es\/wp-json\/wp\/v2\/product\/12788","targetHints":{"allow":["GET"]}}],"collection":[{"href":"https:\/\/www.jazsurface.com\/es\/wp-json\/wp\/v2\/product"}],"about":[{"href":"https:\/\/www.jazsurface.com\/es\/wp-json\/wp\/v2\/types\/product"}],"wp:featuredmedia":[{"embeddable":true,"href":"https:\/\/www.jazsurface.com\/es\/wp-json\/wp\/v2\/media\/17727"}],"wp:attachment":[{"href":"https:\/\/www.jazsurface.com\/es\/wp-json\/wp\/v2\/media?parent=12788"}],"wp:term":[{"taxonomy":"product_brand","embeddable":true,"href":"https:\/\/www.jazsurface.com\/es\/wp-json\/wp\/v2\/product_brand?post=12788"},{"taxonomy":"product_cat","embeddable":true,"href":"https:\/\/www.jazsurface.com\/es\/wp-json\/wp\/v2\/product_cat?post=12788"},{"taxonomy":"product_tag","embeddable":true,"href":"https:\/\/www.jazsurface.com\/es\/wp-json\/wp\/v2\/product_tag?post=12788"}],"curies":[{"name":"wp","href":"https:\/\/api.w.org\/{rel}","templated":true}]}}