{"id":10453,"date":"2019-05-21T10:25:53","date_gmt":"2019-05-21T08:25:53","guid":{"rendered":"http:\/\/www.jazsurface.com\/?post_type=product&#038;p=10453"},"modified":"2019-11-11T15:42:18","modified_gmt":"2019-11-11T14:42:18","slug":"strip-rigido-de-pua-metalica","status":"publish","type":"product","link":"https:\/\/www.jazsurface.com\/es\/cepilleria-tecnica\/cepillos-strip\/strip-rigido-de-pua-metalica\/","title":{"rendered":"Strip r\u00edgido de p\u00faa met\u00e1lica"},"content":{"rendered":"<div class=\"wpb-content-wrapper\"><p>[vc_row][vc_column][vc_column_text]Modelo inoxidable o latonado. Los cepillos de tipo STRIP permiten al usuario una r\u00e1pida adaptaci\u00f3n, puesto que los perfiles se pueden cortar, taladrar, mecanizar etc.[\/vc_column_text]<div class=\"dfd-spacer-module\"  data-units=\"px\" data-wide_resolution=\"1280\" data-wide_size=\"30\" data-normal_resolution=\"1024\" data-normal_size=\"20\" data-tablet_resolution=\"800\" data-tablet_size=\"20\" data-mobile_resolution=\"480\" data-mobile_size=\"20\" style=\"height: 30px;\"><\/div><div class=\"dfd-heading-shortcode\"><div class=\"dfd-heading-module-wrap  text-left style_01 dfd-heading-69f5bb5ac6896 dfd-disable-resposive-headings\" id=\"dfd-heading-69f5bb5ac6896\" ><div class=\"inline-block\"><div class=\"dfd-heading-module\"><h2 class=\"widget-title dfd-title \" style=\"font-size: 18px; line-height: 22px; \">Modelo INOXIDABLE<\/h2><\/div><\/div><\/div><script type=\"text\/javascript\">\r\n\t\t\t\t\t\t\t\t\t(function($) {\r\n\t\t\t\t\t\t\t\t\t\t$(\"head\").append(\"<style>.dfd-heading-69f5bb5ac6896 .dfd-heading-module .widget-title {margin-bottom:15px;}.dfd-heading-69f5bb5ac6896.dfd-heading-module-wrap .dfd-heading-module .dfd-heading-delimiter {margin-top:10px;margin-bottom:10px;}<\/style>\");\r\n\t\t\t\t\t\t\t\t\t})(jQuery);\r\n\t\t\t\t\t\t\t\t<\/script><\/div>[vc_column_text]Strip con la \u201cU\u201d de Acero INOX AISI 304L y p\u00faa de Acero Inox.<br \/>\nSe utiliza en alimentaci\u00f3n, y en procesos donde la corrosi\u00f3n es algo cr\u00edtico.[\/vc_column_text]<div class=\"dfd-spacer-module\"  data-units=\"px\" data-wide_resolution=\"1280\" data-wide_size=\"30\" data-normal_resolution=\"1024\" data-normal_size=\"20\" data-tablet_resolution=\"800\" data-tablet_size=\"20\" data-mobile_resolution=\"480\" data-mobile_size=\"20\" style=\"height: 30px;\"><\/div><div class=\"dfd-heading-shortcode\"><div class=\"dfd-heading-module-wrap  text-left style_01 dfd-heading-69f5bb5ac69dc dfd-disable-resposive-headings\" id=\"dfd-heading-69f5bb5ac69dc\" ><div class=\"inline-block\"><div class=\"dfd-heading-module\"><h2 class=\"widget-title dfd-title \" style=\"font-size: 18px; line-height: 21px; \">Modelo ACERO LATONADO<\/h2><\/div><\/div><\/div><script type=\"text\/javascript\">\r\n\t\t\t\t\t\t\t\t\t(function($) {\r\n\t\t\t\t\t\t\t\t\t\t$(\"head\").append(\"<style>.dfd-heading-69f5bb5ac69dc .dfd-heading-module .widget-title {margin-bottom:15px;}.dfd-heading-69f5bb5ac69dc.dfd-heading-module-wrap .dfd-heading-module .dfd-heading-delimiter {margin-top:10px;margin-bottom:10px;}<\/style>\");\r\n\t\t\t\t\t\t\t\t\t})(jQuery);\r\n\t\t\t\t\t\t\t\t<\/script><\/div>[vc_column_text]Strip con la \u201cU\u201d de Acero electrocincado y p\u00faas de acero latonado, utilizado en gran diversidad de procesos industriales.<br \/>\nSe suministra en barras de 3 metros.[\/vc_column_text][\/vc_column][\/vc_row]<\/p>\n<\/div>","protected":false},"excerpt":{"rendered":"<p>[vc_row][vc_column][vc_column_text]Modelo inoxidable o latonado. Los cepillos de tipo STRIP permiten al usuario una r\u00e1pida adaptaci\u00f3n, puesto que los perfiles se pueden cortar, taladrar, mecanizar etc.[\/vc_column_text][vc_column_text]Strip con la \u201cU\u201d de Acero<\/p>\n","protected":false},"featured_media":10530,"template":"","meta":{"_acf_changed":false,"ngg_post_thumbnail":0},"product_brand":[],"product_cat":[157,158,257,253,265,267,266,268,248,262,261,263,264],"product_tag":[],"class_list":{"0":"post-10453","1":"product","2":"type-product","3":"status-publish","4":"has-post-thumbnail","6":"product_cat-cepilleria-tecnica","7":"product_cat-cepillos-strip","8":"product_cat-cepillos-brochas-tazas-para-cepillar-a-mano","9":"product_cat-productos-para-barrer-superficies","10":"product_cat-acabado-basto-de-superficies","11":"product_cat-acabado-fino-de-superficies","12":"product_cat-acabado-medio-de-superficies","13":"product_cat-acabado-superfino-de-superficies","14":"product_cat-productos-para-limpiar-superficies","15":"product_cat-tratamiento-de-superficies-de-antichispa","16":"product_cat-tratamiento-de-superficies-de-acero","17":"product_cat-tratamiento-de-superficies-de-acero-inoxidable-alumminio","18":"product_cat-tratamiento-de-superficies-de-madera","20":"first","21":"instock","22":"shipping-taxable","23":"product-type-simple"},"acf":[],"yoast_head":"<!-- This site is optimized with the Yoast SEO plugin v27.5 - https:\/\/yoast.com\/product\/yoast-seo-wordpress\/ -->\n<title>Cepillos Strip. Strip r\u00edgido de p\u00faa met\u00e1lica - Jaz<\/title>\n<meta name=\"description\" content=\"Strip R\u00edgido de pua met\u00e1lica modelo inoxidable o latonado. Permite al usuario una r\u00e1pida adaptaci\u00f3n, puesto que los perfiles se pueden cortar, taladrar, mecanizar etc.\" \/>\n<meta name=\"robots\" content=\"index, follow, max-snippet:-1, max-image-preview:large, max-video-preview:-1\" \/>\n<link rel=\"canonical\" href=\"https:\/\/www.jazsurface.com\/es\/cepilleria-tecnica\/cepillos-strip\/strip-rigido-de-pua-metalica\/\" \/>\n<meta property=\"og:locale\" content=\"es_ES\" \/>\n<meta property=\"og:type\" content=\"article\" \/>\n<meta property=\"og:title\" content=\"Cepillos Strip. Strip r\u00edgido de p\u00faa met\u00e1lica - Jaz\" \/>\n<meta property=\"og:description\" content=\"Strip R\u00edgido de pua met\u00e1lica modelo inoxidable o latonado. Permite al usuario una r\u00e1pida adaptaci\u00f3n, puesto que los perfiles se pueden cortar, taladrar, mecanizar etc.\" \/>\n<meta property=\"og:url\" content=\"https:\/\/www.jazsurface.com\/es\/cepilleria-tecnica\/cepillos-strip\/strip-rigido-de-pua-metalica\/\" \/>\n<meta property=\"og:site_name\" content=\"Jaz\" \/>\n<meta property=\"article:modified_time\" content=\"2019-11-11T14:42:18+00:00\" \/>\n<meta property=\"og:image\" content=\"https:\/\/www.jazsurface.com\/wp-content\/uploads\/2019\/05\/jaz-cepilleria-tecnica-strip-rigido-de-pua-metalica.jpg\" \/>\n\t<meta property=\"og:image:width\" content=\"1000\" \/>\n\t<meta property=\"og:image:height\" content=\"1000\" \/>\n\t<meta property=\"og:image:type\" content=\"image\/jpeg\" \/>\n<meta name=\"twitter:card\" content=\"summary_large_image\" \/>\n<meta name=\"twitter:label1\" content=\"Tiempo de lectura\" \/>\n\t<meta name=\"twitter:data1\" content=\"1 minuto\" \/>\n<script type=\"application\/ld+json\" class=\"yoast-schema-graph\">{\"@context\":\"https:\\\/\\\/schema.org\",\"@graph\":[{\"@type\":\"WebPage\",\"@id\":\"https:\\\/\\\/www.jazsurface.com\\\/es\\\/cepilleria-tecnica\\\/cepillos-strip\\\/strip-rigido-de-pua-metalica\\\/\",\"url\":\"https:\\\/\\\/www.jazsurface.com\\\/es\\\/cepilleria-tecnica\\\/cepillos-strip\\\/strip-rigido-de-pua-metalica\\\/\",\"name\":\"Cepillos Strip. Strip r\u00edgido de p\u00faa met\u00e1lica - Jaz\",\"isPartOf\":{\"@id\":\"https:\\\/\\\/www.jazsurface.com\\\/es\\\/#website\"},\"primaryImageOfPage\":{\"@id\":\"https:\\\/\\\/www.jazsurface.com\\\/es\\\/cepilleria-tecnica\\\/cepillos-strip\\\/strip-rigido-de-pua-metalica\\\/#primaryimage\"},\"image\":{\"@id\":\"https:\\\/\\\/www.jazsurface.com\\\/es\\\/cepilleria-tecnica\\\/cepillos-strip\\\/strip-rigido-de-pua-metalica\\\/#primaryimage\"},\"thumbnailUrl\":\"https:\\\/\\\/www.jazsurface.com\\\/wp-content\\\/uploads\\\/2019\\\/05\\\/jaz-cepilleria-tecnica-strip-rigido-de-pua-metalica.jpg\",\"datePublished\":\"2019-05-21T08:25:53+00:00\",\"dateModified\":\"2019-11-11T14:42:18+00:00\",\"description\":\"Strip R\u00edgido de pua met\u00e1lica modelo inoxidable o latonado. Permite al usuario una r\u00e1pida adaptaci\u00f3n, puesto que los perfiles se pueden cortar, taladrar, mecanizar etc.\",\"breadcrumb\":{\"@id\":\"https:\\\/\\\/www.jazsurface.com\\\/es\\\/cepilleria-tecnica\\\/cepillos-strip\\\/strip-rigido-de-pua-metalica\\\/#breadcrumb\"},\"inLanguage\":\"es\",\"potentialAction\":[{\"@type\":\"ReadAction\",\"target\":[\"https:\\\/\\\/www.jazsurface.com\\\/es\\\/cepilleria-tecnica\\\/cepillos-strip\\\/strip-rigido-de-pua-metalica\\\/\"]}]},{\"@type\":\"ImageObject\",\"inLanguage\":\"es\",\"@id\":\"https:\\\/\\\/www.jazsurface.com\\\/es\\\/cepilleria-tecnica\\\/cepillos-strip\\\/strip-rigido-de-pua-metalica\\\/#primaryimage\",\"url\":\"https:\\\/\\\/www.jazsurface.com\\\/wp-content\\\/uploads\\\/2019\\\/05\\\/jaz-cepilleria-tecnica-strip-rigido-de-pua-metalica.jpg\",\"contentUrl\":\"https:\\\/\\\/www.jazsurface.com\\\/wp-content\\\/uploads\\\/2019\\\/05\\\/jaz-cepilleria-tecnica-strip-rigido-de-pua-metalica.jpg\",\"width\":1000,\"height\":1000,\"caption\":\"JAZ ZUBIAURRE: Strip r\u00edgido de p\u00faa met\u00e1lica\"},{\"@type\":\"BreadcrumbList\",\"@id\":\"https:\\\/\\\/www.jazsurface.com\\\/es\\\/cepilleria-tecnica\\\/cepillos-strip\\\/strip-rigido-de-pua-metalica\\\/#breadcrumb\",\"itemListElement\":[{\"@type\":\"ListItem\",\"position\":1,\"name\":\"Portada\",\"item\":\"https:\\\/\\\/www.jazsurface.com\\\/es\\\/\"},{\"@type\":\"ListItem\",\"position\":2,\"name\":\"Productos\",\"item\":\"https:\\\/\\\/www.jazsurface.com\\\/es\\\/productos\\\/\"},{\"@type\":\"ListItem\",\"position\":3,\"name\":\"Strip r\u00edgido de p\u00faa met\u00e1lica\"}]},{\"@type\":\"WebSite\",\"@id\":\"https:\\\/\\\/www.jazsurface.com\\\/es\\\/#website\",\"url\":\"https:\\\/\\\/www.jazsurface.com\\\/es\\\/\",\"name\":\"Jaz\",\"description\":\"Especialistas en el tratamiento de superficies\",\"potentialAction\":[{\"@type\":\"SearchAction\",\"target\":{\"@type\":\"EntryPoint\",\"urlTemplate\":\"https:\\\/\\\/www.jazsurface.com\\\/es\\\/?s={search_term_string}\"},\"query-input\":{\"@type\":\"PropertyValueSpecification\",\"valueRequired\":true,\"valueName\":\"search_term_string\"}}],\"inLanguage\":\"es\"}]}<\/script>\n<!-- \/ Yoast SEO plugin. -->","yoast_head_json":{"title":"Cepillos Strip. Strip r\u00edgido de p\u00faa met\u00e1lica - Jaz","description":"Strip R\u00edgido de pua met\u00e1lica modelo inoxidable o latonado. Permite al usuario una r\u00e1pida adaptaci\u00f3n, puesto que los perfiles se pueden cortar, taladrar, mecanizar etc.","robots":{"index":"index","follow":"follow","max-snippet":"max-snippet:-1","max-image-preview":"max-image-preview:large","max-video-preview":"max-video-preview:-1"},"canonical":"https:\/\/www.jazsurface.com\/es\/cepilleria-tecnica\/cepillos-strip\/strip-rigido-de-pua-metalica\/","og_locale":"es_ES","og_type":"article","og_title":"Cepillos Strip. Strip r\u00edgido de p\u00faa met\u00e1lica - Jaz","og_description":"Strip R\u00edgido de pua met\u00e1lica modelo inoxidable o latonado. Permite al usuario una r\u00e1pida adaptaci\u00f3n, puesto que los perfiles se pueden cortar, taladrar, mecanizar etc.","og_url":"https:\/\/www.jazsurface.com\/es\/cepilleria-tecnica\/cepillos-strip\/strip-rigido-de-pua-metalica\/","og_site_name":"Jaz","article_modified_time":"2019-11-11T14:42:18+00:00","og_image":[{"width":1000,"height":1000,"url":"https:\/\/www.jazsurface.com\/wp-content\/uploads\/2019\/05\/jaz-cepilleria-tecnica-strip-rigido-de-pua-metalica.jpg","type":"image\/jpeg"}],"twitter_card":"summary_large_image","twitter_misc":{"Tiempo de lectura":"1 minuto"},"schema":{"@context":"https:\/\/schema.org","@graph":[{"@type":"WebPage","@id":"https:\/\/www.jazsurface.com\/es\/cepilleria-tecnica\/cepillos-strip\/strip-rigido-de-pua-metalica\/","url":"https:\/\/www.jazsurface.com\/es\/cepilleria-tecnica\/cepillos-strip\/strip-rigido-de-pua-metalica\/","name":"Cepillos Strip. Strip r\u00edgido de p\u00faa met\u00e1lica - Jaz","isPartOf":{"@id":"https:\/\/www.jazsurface.com\/es\/#website"},"primaryImageOfPage":{"@id":"https:\/\/www.jazsurface.com\/es\/cepilleria-tecnica\/cepillos-strip\/strip-rigido-de-pua-metalica\/#primaryimage"},"image":{"@id":"https:\/\/www.jazsurface.com\/es\/cepilleria-tecnica\/cepillos-strip\/strip-rigido-de-pua-metalica\/#primaryimage"},"thumbnailUrl":"https:\/\/www.jazsurface.com\/wp-content\/uploads\/2019\/05\/jaz-cepilleria-tecnica-strip-rigido-de-pua-metalica.jpg","datePublished":"2019-05-21T08:25:53+00:00","dateModified":"2019-11-11T14:42:18+00:00","description":"Strip R\u00edgido de pua met\u00e1lica modelo inoxidable o latonado. Permite al usuario una r\u00e1pida adaptaci\u00f3n, puesto que los perfiles se pueden cortar, taladrar, mecanizar etc.","breadcrumb":{"@id":"https:\/\/www.jazsurface.com\/es\/cepilleria-tecnica\/cepillos-strip\/strip-rigido-de-pua-metalica\/#breadcrumb"},"inLanguage":"es","potentialAction":[{"@type":"ReadAction","target":["https:\/\/www.jazsurface.com\/es\/cepilleria-tecnica\/cepillos-strip\/strip-rigido-de-pua-metalica\/"]}]},{"@type":"ImageObject","inLanguage":"es","@id":"https:\/\/www.jazsurface.com\/es\/cepilleria-tecnica\/cepillos-strip\/strip-rigido-de-pua-metalica\/#primaryimage","url":"https:\/\/www.jazsurface.com\/wp-content\/uploads\/2019\/05\/jaz-cepilleria-tecnica-strip-rigido-de-pua-metalica.jpg","contentUrl":"https:\/\/www.jazsurface.com\/wp-content\/uploads\/2019\/05\/jaz-cepilleria-tecnica-strip-rigido-de-pua-metalica.jpg","width":1000,"height":1000,"caption":"JAZ ZUBIAURRE: Strip r\u00edgido de p\u00faa met\u00e1lica"},{"@type":"BreadcrumbList","@id":"https:\/\/www.jazsurface.com\/es\/cepilleria-tecnica\/cepillos-strip\/strip-rigido-de-pua-metalica\/#breadcrumb","itemListElement":[{"@type":"ListItem","position":1,"name":"Portada","item":"https:\/\/www.jazsurface.com\/es\/"},{"@type":"ListItem","position":2,"name":"Productos","item":"https:\/\/www.jazsurface.com\/es\/productos\/"},{"@type":"ListItem","position":3,"name":"Strip r\u00edgido de p\u00faa met\u00e1lica"}]},{"@type":"WebSite","@id":"https:\/\/www.jazsurface.com\/es\/#website","url":"https:\/\/www.jazsurface.com\/es\/","name":"Jaz","description":"Especialistas en el tratamiento de superficies","potentialAction":[{"@type":"SearchAction","target":{"@type":"EntryPoint","urlTemplate":"https:\/\/www.jazsurface.com\/es\/?s={search_term_string}"},"query-input":{"@type":"PropertyValueSpecification","valueRequired":true,"valueName":"search_term_string"}}],"inLanguage":"es"}]}},"_links":{"self":[{"href":"https:\/\/www.jazsurface.com\/es\/wp-json\/wp\/v2\/product\/10453","targetHints":{"allow":["GET"]}}],"collection":[{"href":"https:\/\/www.jazsurface.com\/es\/wp-json\/wp\/v2\/product"}],"about":[{"href":"https:\/\/www.jazsurface.com\/es\/wp-json\/wp\/v2\/types\/product"}],"wp:featuredmedia":[{"embeddable":true,"href":"https:\/\/www.jazsurface.com\/es\/wp-json\/wp\/v2\/media\/10530"}],"wp:attachment":[{"href":"https:\/\/www.jazsurface.com\/es\/wp-json\/wp\/v2\/media?parent=10453"}],"wp:term":[{"taxonomy":"product_brand","embeddable":true,"href":"https:\/\/www.jazsurface.com\/es\/wp-json\/wp\/v2\/product_brand?post=10453"},{"taxonomy":"product_cat","embeddable":true,"href":"https:\/\/www.jazsurface.com\/es\/wp-json\/wp\/v2\/product_cat?post=10453"},{"taxonomy":"product_tag","embeddable":true,"href":"https:\/\/www.jazsurface.com\/es\/wp-json\/wp\/v2\/product_tag?post=10453"}],"curies":[{"name":"wp","href":"https:\/\/api.w.org\/{rel}","templated":true}]}}