{"id":10307,"date":"2019-05-21T08:50:04","date_gmt":"2019-05-21T06:50:04","guid":{"rendered":"http:\/\/www.jazsurface.com\/?post_type=product&#038;p=10307"},"modified":"2021-03-25T10:17:21","modified_gmt":"2021-03-25T09:17:21","slug":"discos-de-laminas","status":"publish","type":"product","link":"https:\/\/www.jazsurface.com\/es\/abrasivos-flexibles\/discos-abrasivos\/discos-de-laminas\/","title":{"rendered":"Discos de l\u00e1minas"},"content":{"rendered":"<div class=\"wpb-content-wrapper\"><p>[vc_row dfd_enable_overlay=\u00bb\u00bb][vc_column][vc_column_text el_class=\u00bbtextDescripProducto\u00bb]Los Discos de L\u00e1minas con Casquillo Roscado se ajustan a la m\u00e1quina con lo que dan una mayor seguridad y comodidad en el trabajo.[\/vc_column_text][\/vc_column][\/vc_row]<\/p>\n<\/div>","protected":false},"excerpt":{"rendered":"<p>[vc_row dfd_enable_overlay=\u00bb\u00bb][vc_column][vc_column_text el_class=\u00bbtextDescripProducto\u00bb]Los Discos de L\u00e1minas con Casquillo Roscado se ajustan a la m\u00e1quina con lo que dan una mayor seguridad y comodidad en el trabajo.[\/vc_column_text][\/vc_column][\/vc_row]<\/p>\n","protected":false},"featured_media":37492,"template":"","meta":{"_acf_changed":false,"ngg_post_thumbnail":0},"product_brand":[],"product_cat":[166,258,170,265,266,252,261,263],"product_tag":[],"class_list":{"0":"post-10307","1":"product","2":"type-product","3":"status-publish","4":"has-post-thumbnail","6":"product_cat-abrasivos-flexibles","7":"product_cat-cepillos-brochas-tazas-para-amoladora","8":"product_cat-discos-abrasivos","9":"product_cat-acabado-basto-de-superficies","10":"product_cat-acabado-medio-de-superficies","11":"product_cat-productos-para-gastar-material-en-superficies","12":"product_cat-tratamiento-de-superficies-de-acero","13":"product_cat-tratamiento-de-superficies-de-acero-inoxidable-alumminio","15":"first","16":"instock","17":"shipping-taxable","18":"product-type-simple"},"acf":[],"yoast_head":"<!-- This site is optimized with the Yoast SEO plugin v27.2 - https:\/\/yoast.com\/product\/yoast-seo-wordpress\/ -->\n<title>Discos de l\u00e1minas para el tratamiento de superficies - Jaz<\/title>\n<meta name=\"description\" content=\"Los Discos de L\u00e1minas con Casquillo Roscado se ajustan a la m\u00e1quina con lo que dan una mayor seguridad y comodidad en el trabajo.\" \/>\n<meta name=\"robots\" content=\"index, follow, max-snippet:-1, max-image-preview:large, max-video-preview:-1\" \/>\n<link rel=\"canonical\" href=\"https:\/\/www.jazsurface.com\/es\/abrasivos-flexibles\/discos-abrasivos\/discos-de-laminas\/\" \/>\n<meta property=\"og:locale\" content=\"es_ES\" \/>\n<meta property=\"og:type\" content=\"article\" \/>\n<meta property=\"og:title\" content=\"Discos de l\u00e1minas para el tratamiento de superficies - Jaz\" \/>\n<meta property=\"og:description\" content=\"Los Discos de L\u00e1minas con Casquillo Roscado se ajustan a la m\u00e1quina con lo que dan una mayor seguridad y comodidad en el trabajo.\" \/>\n<meta property=\"og:url\" content=\"https:\/\/www.jazsurface.com\/es\/abrasivos-flexibles\/discos-abrasivos\/discos-de-laminas\/\" \/>\n<meta property=\"og:site_name\" content=\"Jaz\" \/>\n<meta property=\"article:modified_time\" content=\"2021-03-25T09:17:21+00:00\" \/>\n<meta property=\"og:image\" content=\"https:\/\/www.jazsurface.com\/wp-content\/uploads\/2021\/03\/jaz-abrasivos-flexibles-discos-abrasivos-01.jpg\" \/>\n\t<meta property=\"og:image:width\" content=\"1000\" \/>\n\t<meta property=\"og:image:height\" content=\"1000\" \/>\n\t<meta property=\"og:image:type\" content=\"image\/jpeg\" \/>\n<meta name=\"twitter:card\" content=\"summary_large_image\" \/>\n<script type=\"application\/ld+json\" class=\"yoast-schema-graph\">{\"@context\":\"https:\/\/schema.org\",\"@graph\":[{\"@type\":\"WebPage\",\"@id\":\"https:\/\/www.jazsurface.com\/es\/abrasivos-flexibles\/discos-abrasivos\/discos-de-laminas\/\",\"url\":\"https:\/\/www.jazsurface.com\/es\/abrasivos-flexibles\/discos-abrasivos\/discos-de-laminas\/\",\"name\":\"Discos de l\u00e1minas para el tratamiento de superficies - Jaz\",\"isPartOf\":{\"@id\":\"https:\/\/www.jazsurface.com\/es\/#website\"},\"primaryImageOfPage\":{\"@id\":\"https:\/\/www.jazsurface.com\/es\/abrasivos-flexibles\/discos-abrasivos\/discos-de-laminas\/#primaryimage\"},\"image\":{\"@id\":\"https:\/\/www.jazsurface.com\/es\/abrasivos-flexibles\/discos-abrasivos\/discos-de-laminas\/#primaryimage\"},\"thumbnailUrl\":\"https:\/\/www.jazsurface.com\/wp-content\/uploads\/2021\/03\/jaz-abrasivos-flexibles-discos-abrasivos-01.jpg\",\"datePublished\":\"2019-05-21T06:50:04+00:00\",\"dateModified\":\"2021-03-25T09:17:21+00:00\",\"description\":\"Los Discos de L\u00e1minas con Casquillo Roscado se ajustan a la m\u00e1quina con lo que dan una mayor seguridad y comodidad en el trabajo.\",\"breadcrumb\":{\"@id\":\"https:\/\/www.jazsurface.com\/es\/abrasivos-flexibles\/discos-abrasivos\/discos-de-laminas\/#breadcrumb\"},\"inLanguage\":\"es\",\"potentialAction\":[{\"@type\":\"ReadAction\",\"target\":[\"https:\/\/www.jazsurface.com\/es\/abrasivos-flexibles\/discos-abrasivos\/discos-de-laminas\/\"]}]},{\"@type\":\"ImageObject\",\"inLanguage\":\"es\",\"@id\":\"https:\/\/www.jazsurface.com\/es\/abrasivos-flexibles\/discos-abrasivos\/discos-de-laminas\/#primaryimage\",\"url\":\"https:\/\/www.jazsurface.com\/wp-content\/uploads\/2021\/03\/jaz-abrasivos-flexibles-discos-abrasivos-01.jpg\",\"contentUrl\":\"https:\/\/www.jazsurface.com\/wp-content\/uploads\/2021\/03\/jaz-abrasivos-flexibles-discos-abrasivos-01.jpg\",\"width\":1000,\"height\":1000,\"caption\":\"JAZ ZUBIAURRE: Discos de l\u00e1minas\"},{\"@type\":\"BreadcrumbList\",\"@id\":\"https:\/\/www.jazsurface.com\/es\/abrasivos-flexibles\/discos-abrasivos\/discos-de-laminas\/#breadcrumb\",\"itemListElement\":[{\"@type\":\"ListItem\",\"position\":1,\"name\":\"Portada\",\"item\":\"https:\/\/www.jazsurface.com\/es\/\"},{\"@type\":\"ListItem\",\"position\":2,\"name\":\"Productos\",\"item\":\"https:\/\/www.jazsurface.com\/es\/productos\/\"},{\"@type\":\"ListItem\",\"position\":3,\"name\":\"Discos de l\u00e1minas\"}]},{\"@type\":\"WebSite\",\"@id\":\"https:\/\/www.jazsurface.com\/es\/#website\",\"url\":\"https:\/\/www.jazsurface.com\/es\/\",\"name\":\"Jaz\",\"description\":\"Especialistas en el tratamiento de superficies\",\"potentialAction\":[{\"@type\":\"SearchAction\",\"target\":{\"@type\":\"EntryPoint\",\"urlTemplate\":\"https:\/\/www.jazsurface.com\/es\/?s={search_term_string}\"},\"query-input\":{\"@type\":\"PropertyValueSpecification\",\"valueRequired\":true,\"valueName\":\"search_term_string\"}}],\"inLanguage\":\"es\"}]}<\/script>\n<!-- \/ Yoast SEO plugin. -->","yoast_head_json":{"title":"Discos de l\u00e1minas para el tratamiento de superficies - Jaz","description":"Los Discos de L\u00e1minas con Casquillo Roscado se ajustan a la m\u00e1quina con lo que dan una mayor seguridad y comodidad en el trabajo.","robots":{"index":"index","follow":"follow","max-snippet":"max-snippet:-1","max-image-preview":"max-image-preview:large","max-video-preview":"max-video-preview:-1"},"canonical":"https:\/\/www.jazsurface.com\/es\/abrasivos-flexibles\/discos-abrasivos\/discos-de-laminas\/","og_locale":"es_ES","og_type":"article","og_title":"Discos de l\u00e1minas para el tratamiento de superficies - Jaz","og_description":"Los Discos de L\u00e1minas con Casquillo Roscado se ajustan a la m\u00e1quina con lo que dan una mayor seguridad y comodidad en el trabajo.","og_url":"https:\/\/www.jazsurface.com\/es\/abrasivos-flexibles\/discos-abrasivos\/discos-de-laminas\/","og_site_name":"Jaz","article_modified_time":"2021-03-25T09:17:21+00:00","og_image":[{"width":1000,"height":1000,"url":"https:\/\/www.jazsurface.com\/wp-content\/uploads\/2021\/03\/jaz-abrasivos-flexibles-discos-abrasivos-01.jpg","type":"image\/jpeg"}],"twitter_card":"summary_large_image","schema":{"@context":"https:\/\/schema.org","@graph":[{"@type":"WebPage","@id":"https:\/\/www.jazsurface.com\/es\/abrasivos-flexibles\/discos-abrasivos\/discos-de-laminas\/","url":"https:\/\/www.jazsurface.com\/es\/abrasivos-flexibles\/discos-abrasivos\/discos-de-laminas\/","name":"Discos de l\u00e1minas para el tratamiento de superficies - Jaz","isPartOf":{"@id":"https:\/\/www.jazsurface.com\/es\/#website"},"primaryImageOfPage":{"@id":"https:\/\/www.jazsurface.com\/es\/abrasivos-flexibles\/discos-abrasivos\/discos-de-laminas\/#primaryimage"},"image":{"@id":"https:\/\/www.jazsurface.com\/es\/abrasivos-flexibles\/discos-abrasivos\/discos-de-laminas\/#primaryimage"},"thumbnailUrl":"https:\/\/www.jazsurface.com\/wp-content\/uploads\/2021\/03\/jaz-abrasivos-flexibles-discos-abrasivos-01.jpg","datePublished":"2019-05-21T06:50:04+00:00","dateModified":"2021-03-25T09:17:21+00:00","description":"Los Discos de L\u00e1minas con Casquillo Roscado se ajustan a la m\u00e1quina con lo que dan una mayor seguridad y comodidad en el trabajo.","breadcrumb":{"@id":"https:\/\/www.jazsurface.com\/es\/abrasivos-flexibles\/discos-abrasivos\/discos-de-laminas\/#breadcrumb"},"inLanguage":"es","potentialAction":[{"@type":"ReadAction","target":["https:\/\/www.jazsurface.com\/es\/abrasivos-flexibles\/discos-abrasivos\/discos-de-laminas\/"]}]},{"@type":"ImageObject","inLanguage":"es","@id":"https:\/\/www.jazsurface.com\/es\/abrasivos-flexibles\/discos-abrasivos\/discos-de-laminas\/#primaryimage","url":"https:\/\/www.jazsurface.com\/wp-content\/uploads\/2021\/03\/jaz-abrasivos-flexibles-discos-abrasivos-01.jpg","contentUrl":"https:\/\/www.jazsurface.com\/wp-content\/uploads\/2021\/03\/jaz-abrasivos-flexibles-discos-abrasivos-01.jpg","width":1000,"height":1000,"caption":"JAZ ZUBIAURRE: Discos de l\u00e1minas"},{"@type":"BreadcrumbList","@id":"https:\/\/www.jazsurface.com\/es\/abrasivos-flexibles\/discos-abrasivos\/discos-de-laminas\/#breadcrumb","itemListElement":[{"@type":"ListItem","position":1,"name":"Portada","item":"https:\/\/www.jazsurface.com\/es\/"},{"@type":"ListItem","position":2,"name":"Productos","item":"https:\/\/www.jazsurface.com\/es\/productos\/"},{"@type":"ListItem","position":3,"name":"Discos de l\u00e1minas"}]},{"@type":"WebSite","@id":"https:\/\/www.jazsurface.com\/es\/#website","url":"https:\/\/www.jazsurface.com\/es\/","name":"Jaz","description":"Especialistas en el tratamiento de superficies","potentialAction":[{"@type":"SearchAction","target":{"@type":"EntryPoint","urlTemplate":"https:\/\/www.jazsurface.com\/es\/?s={search_term_string}"},"query-input":{"@type":"PropertyValueSpecification","valueRequired":true,"valueName":"search_term_string"}}],"inLanguage":"es"}]}},"_links":{"self":[{"href":"https:\/\/www.jazsurface.com\/es\/wp-json\/wp\/v2\/product\/10307","targetHints":{"allow":["GET"]}}],"collection":[{"href":"https:\/\/www.jazsurface.com\/es\/wp-json\/wp\/v2\/product"}],"about":[{"href":"https:\/\/www.jazsurface.com\/es\/wp-json\/wp\/v2\/types\/product"}],"wp:featuredmedia":[{"embeddable":true,"href":"https:\/\/www.jazsurface.com\/es\/wp-json\/wp\/v2\/media\/37492"}],"wp:attachment":[{"href":"https:\/\/www.jazsurface.com\/es\/wp-json\/wp\/v2\/media?parent=10307"}],"wp:term":[{"taxonomy":"product_brand","embeddable":true,"href":"https:\/\/www.jazsurface.com\/es\/wp-json\/wp\/v2\/product_brand?post=10307"},{"taxonomy":"product_cat","embeddable":true,"href":"https:\/\/www.jazsurface.com\/es\/wp-json\/wp\/v2\/product_cat?post=10307"},{"taxonomy":"product_tag","embeddable":true,"href":"https:\/\/www.jazsurface.com\/es\/wp-json\/wp\/v2\/product_tag?post=10307"}],"curies":[{"name":"wp","href":"https:\/\/api.w.org\/{rel}","templated":true}]}}