{"id":2708,"date":"2019-04-23T15:20:04","date_gmt":"2019-04-23T13:20:04","guid":{"rendered":"http:\/\/www.jazsurface.com\/?page_id=2708"},"modified":"2019-04-23T15:46:55","modified_gmt":"2019-04-23T13:46:55","slug":"aviso-legal","status":"publish","type":"page","link":"https:\/\/www.jazsurface.com\/es\/aviso-legal\/","title":{"rendered":"Aviso legal"},"content":{"rendered":"<div class=\"wpb-content-wrapper\"><p>[vc_row][vc_column]<div class=\"dfd-spacer-module\"  data-units=\"px\" data-wide_resolution=\"1280\" data-wide_size=\"70\" data-normal_resolution=\"1024\" data-normal_size=\"60\" data-tablet_resolution=\"800\" data-tablet_size=\"40\" data-mobile_resolution=\"480\" data-mobile_size=\"40\" style=\"height: 70px;\"><\/div><div class=\"dfd-heading-shortcode\"><div class=\"dfd-heading-module-wrap  text-left style_01 cr-animate-gen dfd-heading-69fcbf5b3d88f dfd-disable-resposive-headings\" id=\"dfd-heading-69fcbf5b3d88f\" data-animate-type = \"transition.fadeIn\" ><div class=\"inline-block\"><div class=\"dfd-heading-module\"><h2 class=\"widget-title dfd-title \" style=\"\">Aviso legal de JAZ Zubiaurre<\/h2><div class=\"dfd-heading-delimiter\"><\/div><\/div><\/div><\/div><script type=\"text\/javascript\">\r\n\t\t\t\t\t\t\t\t\t(function($) {\r\n\t\t\t\t\t\t\t\t\t\t$(\"head\").append(\"<style>.dfd-heading-69fcbf5b3d88f.dfd-heading-module-wrap .dfd-heading-module .dfd-heading-delimiter {border-bottom-style:solid;border-bottom-width:1px;width:100px;border-bottom-color:#dddddd;}.dfd-heading-69fcbf5b3d88f .dfd-heading-module .widget-title {margin-bottom:10px;}.dfd-heading-69fcbf5b3d88f.dfd-heading-module-wrap .dfd-heading-module .dfd-heading-delimiter {margin-top:10px;margin-bottom:10px;}<\/style>\");\r\n\t\t\t\t\t\t\t\t\t})(jQuery);\r\n\t\t\t\t\t\t\t\t<\/script><\/div><div class=\"dfd-spacer-module\"  data-units=\"px\" data-wide_resolution=\"1280\" data-wide_size=\"30\" data-normal_resolution=\"1024\" data-normal_size=\"30\" data-tablet_resolution=\"800\" data-tablet_size=\"20\" data-mobile_resolution=\"480\" data-mobile_size=\"20\" style=\"height: 30px;\"><\/div><div class=\"dfd-heading-shortcode\"><div class=\"dfd-heading-module-wrap  text-left style_01 cr-animate-gen dfd-heading-69fcbf5b3db73 dfd-disable-resposive-headings\" id=\"dfd-heading-69fcbf5b3db73\" data-animate-type = \"transition.fadeIn\" ><div class=\"inline-block\"><div class=\"dfd-heading-module\"><div class=\"widget-title dfd-title block-title\" style=\"font-size: 20px; color: #ff1540 !important; line-height: 23px; \">En cumplimiento de la Ley 34\/2002, de 11 de julio, de Servicios de la Sociedad de la Informaci\u00f3n y de Comercio Electr\u00f3nico, le informamos:<\/div><\/div><\/div><\/div><script type=\"text\/javascript\">\r\n\t\t\t\t\t\t\t\t\t(function($) {\r\n\t\t\t\t\t\t\t\t\t\t$(\"head\").append(\"<style>.dfd-heading-69fcbf5b3db73 .dfd-heading-module .widget-title {margin-bottom:10px;}.dfd-heading-69fcbf5b3db73.dfd-heading-module-wrap .dfd-heading-module .dfd-heading-delimiter {margin-top:10px;margin-bottom:10px;}<\/style>\");\r\n\t\t\t\t\t\t\t\t\t})(jQuery);\r\n\t\t\t\t\t\t\t\t<\/script><\/div>[vc_column_text css_animation=\u00bbnone\u00bb]<\/p>\n<ul>\n<li>El dominio <a href=\"http:\/\/www.jaz.es\">http:\/\/www.jaz.es\/<\/a> es titularidad de JAZ ZUBIAURRE, S.A.(en adelante JAZ), y se trata de un sitio web puesto a disposici\u00f3n de todo usuario con el objetivo de suministrar informaci\u00f3n general sobre la empresa JAZ as\u00ed como de los diferentes productos y servicios de la empresa.<\/li>\n<li style=\"padding-top: 10px;\">JAZ ZUBIAURRE, S.A. con CIF A200915118 e inscrita en el Registro Mercantil de Gipuzkoa, al tomo XXXX folio XXX hoja n\u00famero XXXXXXX, inscripci\u00f3n X, es una empresa domiciliada a los efectos de la presente informaci\u00f3n en Pol. Ind. Azitain n\u00ba 4; CP\/20600 &#8211; Eibar (Gipuzkoa).<\/li>\n<\/ul>\n<p>[\/vc_column_text]<div class=\"dfd-spacer-module\"  data-units=\"px\" data-wide_resolution=\"1280\" data-wide_size=\"60\" data-normal_resolution=\"1024\" data-normal_size=\"30\" data-tablet_resolution=\"800\" data-tablet_size=\"20\" data-mobile_resolution=\"480\" data-mobile_size=\"20\" style=\"height: 60px;\"><\/div><div class=\"dfd-heading-shortcode\"><div class=\"dfd-heading-module-wrap  text-left style_01 cr-animate-gen dfd-heading-69fcbf5b3dd53 dfd-disable-resposive-headings\" id=\"dfd-heading-69fcbf5b3dd53\" data-animate-type = \"transition.fadeIn\" ><div class=\"inline-block\"><div class=\"dfd-heading-module\"><div class=\"widget-title dfd-title block-title\" style=\"font-size: 20px; color: #ff1540 !important; line-height: 23px; \">Otros datos de contacto que ponemos a tu disposici\u00f3n:<\/div><\/div><\/div><\/div><script type=\"text\/javascript\">\r\n\t\t\t\t\t\t\t\t\t(function($) {\r\n\t\t\t\t\t\t\t\t\t\t$(\"head\").append(\"<style>.dfd-heading-69fcbf5b3dd53 .dfd-heading-module .widget-title {margin-bottom:10px;}.dfd-heading-69fcbf5b3dd53.dfd-heading-module-wrap .dfd-heading-module .dfd-heading-delimiter {margin-top:10px;margin-bottom:10px;}<\/style>\");\r\n\t\t\t\t\t\t\t\t\t})(jQuery);\r\n\t\t\t\t\t\t\t\t<\/script><\/div>[vc_column_text css_animation=\u00bbfadeIn\u00bb]<\/p>\n<ul>\n<li>Tel\u00e9fono: +34 943 12 06 00<\/li>\n<li>Correo electr\u00f3nico: <a href=\"mailto:jaz@jaz.es;\">jaz@jaz.es<\/a><\/li>\n<\/ul>\n<p>[\/vc_column_text]<div class=\"dfd-spacer-module\"  data-units=\"px\" data-wide_resolution=\"1280\" data-wide_size=\"40\" data-normal_resolution=\"1024\" data-normal_size=\"30\" data-tablet_resolution=\"800\" data-tablet_size=\"20\" data-mobile_resolution=\"480\" data-mobile_size=\"20\" style=\"height: 40px;\"><\/div>[vc_column_text css_animation=\u00bbfadeIn\u00bb]Los derechos de propiedad intelectual del sitio http:\/\/www.jaz.es\/ y de los distintos elementos en \u00e9l contenidos son titularidad de JAZ.<\/p>\n<p>Los textos, normativa y en general cualquier informaci\u00f3n contenida en las p\u00e1ginas de este sitio tienen car\u00e1cter meramente informativo, por lo que te sugerimos que, por favor, compruebes la vigencia y exactitud de los datos en las fuentes oficiales correspondientes.<\/p>\n<p>JAZ se reserva el derecho a realizar cambios en el sitio sin previo aviso, con el objeto de actualizar, corregir, modificar, a\u00f1adir o eliminar los contenidos del sitio o su dise\u00f1o.<\/p>\n<p>JAZ no garantiza la inexistencia de errores en el acceso al sitio, en su contenido, ni que \u00e9ste se encuentre oportunamente actualizado, aunque desarrollar\u00e1 los esfuerzos precisos para evitarlos y, en su caso, subsanarlos o actualizarlos a la mayor brevedad posible.<\/p>\n<p>Tanto el acceso al sitio, como el uso que pueda hacerse de la informaci\u00f3n contenida en el mismo, son de la exclusiva responsabilidad de quien lo realiza. JAZ no responder\u00e1 de ninguna consecuencia, da\u00f1o o perjuicio que pudieran derivarse de dicho acceso o uso de informaci\u00f3n, con excepci\u00f3n de todas aquellas actuaciones que resulten de la aplicaci\u00f3n de las disposiciones legales a las que deba someterse en el estricto ejercicio de sus competencias.<\/p>\n<p>Por favor abstente de emplear medios que puedan suprimir, alterar, eludir o manipular cualesquiera dispositivos de protecci\u00f3n o sistemas de seguridad que puedan estar instalados y que comporten un riesgo o da\u00f1o o inutilizaci\u00f3n del sitio Web y\/o sus contenidos.[\/vc_column_text]<div class=\"dfd-spacer-module\"  data-units=\"px\" data-wide_resolution=\"1280\" data-wide_size=\"70\" data-normal_resolution=\"1024\" data-normal_size=\"60\" data-tablet_resolution=\"800\" data-tablet_size=\"40\" data-mobile_resolution=\"480\" data-mobile_size=\"40\" style=\"height: 70px;\"><\/div>[\/vc_column][\/vc_row]<\/p>\n<\/div>","protected":false},"excerpt":{"rendered":"<p>[vc_row][vc_column][vc_column_text css_animation=\u00bbnone\u00bb] El dominio http:\/\/www.jaz.es\/ es titularidad de JAZ ZUBIAURRE, S.A.(en adelante JAZ), y se trata de un sitio web puesto a disposici\u00f3n de todo usuario con el objetivo de<\/p>\n","protected":false},"author":1,"featured_media":0,"parent":0,"menu_order":0,"comment_status":"closed","ping_status":"closed","template":"page-custom-with-header.php","meta":{"_acf_changed":false,"ngg_post_thumbnail":0,"footnotes":""},"class_list":["post-2708","page","type-page","status-publish","hentry"],"acf":[],"yoast_head":"<!-- This site is optimized with the Yoast SEO plugin v27.5 - https:\/\/yoast.com\/product\/yoast-seo-wordpress\/ -->\n<title>Aviso legal - Jaz<\/title>\n<meta name=\"robots\" content=\"index, follow, max-snippet:-1, max-image-preview:large, max-video-preview:-1\" \/>\n<link rel=\"canonical\" href=\"https:\/\/www.jazsurface.com\/es\/aviso-legal\/\" \/>\n<meta property=\"og:locale\" content=\"es_ES\" \/>\n<meta property=\"og:type\" content=\"article\" \/>\n<meta property=\"og:title\" content=\"Aviso legal - Jaz\" \/>\n<meta property=\"og:description\" content=\"[vc_row][vc_column][vc_column_text css_animation=\u00bbnone\u00bb] El dominio http:\/\/www.jaz.es\/ es titularidad de JAZ ZUBIAURRE, S.A.(en adelante JAZ), y se trata de un sitio web puesto a disposici\u00f3n de todo usuario con el objetivo de\" \/>\n<meta property=\"og:url\" content=\"https:\/\/www.jazsurface.com\/es\/aviso-legal\/\" \/>\n<meta property=\"og:site_name\" content=\"Jaz\" \/>\n<meta property=\"article:modified_time\" content=\"2019-04-23T13:46:55+00:00\" \/>\n<meta name=\"twitter:card\" content=\"summary_large_image\" \/>\n<meta name=\"twitter:label1\" content=\"Tiempo de lectura\" \/>\n\t<meta name=\"twitter:data1\" content=\"3 minutos\" \/>\n<script type=\"application\/ld+json\" class=\"yoast-schema-graph\">{\"@context\":\"https:\\\/\\\/schema.org\",\"@graph\":[{\"@type\":\"WebPage\",\"@id\":\"https:\\\/\\\/www.jazsurface.com\\\/es\\\/aviso-legal\\\/\",\"url\":\"https:\\\/\\\/www.jazsurface.com\\\/es\\\/aviso-legal\\\/\",\"name\":\"Aviso legal - Jaz\",\"isPartOf\":{\"@id\":\"https:\\\/\\\/www.jazsurface.com\\\/es\\\/#website\"},\"datePublished\":\"2019-04-23T13:20:04+00:00\",\"dateModified\":\"2019-04-23T13:46:55+00:00\",\"breadcrumb\":{\"@id\":\"https:\\\/\\\/www.jazsurface.com\\\/es\\\/aviso-legal\\\/#breadcrumb\"},\"inLanguage\":\"es\",\"potentialAction\":[{\"@type\":\"ReadAction\",\"target\":[\"https:\\\/\\\/www.jazsurface.com\\\/es\\\/aviso-legal\\\/\"]}]},{\"@type\":\"BreadcrumbList\",\"@id\":\"https:\\\/\\\/www.jazsurface.com\\\/es\\\/aviso-legal\\\/#breadcrumb\",\"itemListElement\":[{\"@type\":\"ListItem\",\"position\":1,\"name\":\"Portada\",\"item\":\"https:\\\/\\\/www.jazsurface.com\\\/es\\\/\"},{\"@type\":\"ListItem\",\"position\":2,\"name\":\"Aviso legal\"}]},{\"@type\":\"WebSite\",\"@id\":\"https:\\\/\\\/www.jazsurface.com\\\/es\\\/#website\",\"url\":\"https:\\\/\\\/www.jazsurface.com\\\/es\\\/\",\"name\":\"Jaz\",\"description\":\"Especialistas en el tratamiento de superficies\",\"potentialAction\":[{\"@type\":\"SearchAction\",\"target\":{\"@type\":\"EntryPoint\",\"urlTemplate\":\"https:\\\/\\\/www.jazsurface.com\\\/es\\\/?s={search_term_string}\"},\"query-input\":{\"@type\":\"PropertyValueSpecification\",\"valueRequired\":true,\"valueName\":\"search_term_string\"}}],\"inLanguage\":\"es\"}]}<\/script>\n<!-- \/ Yoast SEO plugin. -->","yoast_head_json":{"title":"Aviso legal - Jaz","robots":{"index":"index","follow":"follow","max-snippet":"max-snippet:-1","max-image-preview":"max-image-preview:large","max-video-preview":"max-video-preview:-1"},"canonical":"https:\/\/www.jazsurface.com\/es\/aviso-legal\/","og_locale":"es_ES","og_type":"article","og_title":"Aviso legal - Jaz","og_description":"[vc_row][vc_column][vc_column_text css_animation=\u00bbnone\u00bb] El dominio http:\/\/www.jaz.es\/ es titularidad de JAZ ZUBIAURRE, S.A.(en adelante JAZ), y se trata de un sitio web puesto a disposici\u00f3n de todo usuario con el objetivo de","og_url":"https:\/\/www.jazsurface.com\/es\/aviso-legal\/","og_site_name":"Jaz","article_modified_time":"2019-04-23T13:46:55+00:00","twitter_card":"summary_large_image","twitter_misc":{"Tiempo de lectura":"3 minutos"},"schema":{"@context":"https:\/\/schema.org","@graph":[{"@type":"WebPage","@id":"https:\/\/www.jazsurface.com\/es\/aviso-legal\/","url":"https:\/\/www.jazsurface.com\/es\/aviso-legal\/","name":"Aviso legal - Jaz","isPartOf":{"@id":"https:\/\/www.jazsurface.com\/es\/#website"},"datePublished":"2019-04-23T13:20:04+00:00","dateModified":"2019-04-23T13:46:55+00:00","breadcrumb":{"@id":"https:\/\/www.jazsurface.com\/es\/aviso-legal\/#breadcrumb"},"inLanguage":"es","potentialAction":[{"@type":"ReadAction","target":["https:\/\/www.jazsurface.com\/es\/aviso-legal\/"]}]},{"@type":"BreadcrumbList","@id":"https:\/\/www.jazsurface.com\/es\/aviso-legal\/#breadcrumb","itemListElement":[{"@type":"ListItem","position":1,"name":"Portada","item":"https:\/\/www.jazsurface.com\/es\/"},{"@type":"ListItem","position":2,"name":"Aviso legal"}]},{"@type":"WebSite","@id":"https:\/\/www.jazsurface.com\/es\/#website","url":"https:\/\/www.jazsurface.com\/es\/","name":"Jaz","description":"Especialistas en el tratamiento de superficies","potentialAction":[{"@type":"SearchAction","target":{"@type":"EntryPoint","urlTemplate":"https:\/\/www.jazsurface.com\/es\/?s={search_term_string}"},"query-input":{"@type":"PropertyValueSpecification","valueRequired":true,"valueName":"search_term_string"}}],"inLanguage":"es"}]}},"_links":{"self":[{"href":"https:\/\/www.jazsurface.com\/es\/wp-json\/wp\/v2\/pages\/2708","targetHints":{"allow":["GET"]}}],"collection":[{"href":"https:\/\/www.jazsurface.com\/es\/wp-json\/wp\/v2\/pages"}],"about":[{"href":"https:\/\/www.jazsurface.com\/es\/wp-json\/wp\/v2\/types\/page"}],"author":[{"embeddable":true,"href":"https:\/\/www.jazsurface.com\/es\/wp-json\/wp\/v2\/users\/1"}],"replies":[{"embeddable":true,"href":"https:\/\/www.jazsurface.com\/es\/wp-json\/wp\/v2\/comments?post=2708"}],"version-history":[{"count":12,"href":"https:\/\/www.jazsurface.com\/es\/wp-json\/wp\/v2\/pages\/2708\/revisions"}],"predecessor-version":[{"id":2722,"href":"https:\/\/www.jazsurface.com\/es\/wp-json\/wp\/v2\/pages\/2708\/revisions\/2722"}],"wp:attachment":[{"href":"https:\/\/www.jazsurface.com\/es\/wp-json\/wp\/v2\/media?parent=2708"}],"curies":[{"name":"wp","href":"https:\/\/api.w.org\/{rel}","templated":true}]}}