{"id":25004,"date":"2019-06-13T10:40:23","date_gmt":"2019-06-13T08:40:23","guid":{"rendered":"http:\/\/www.jazsurface.com\/?page_id=25004"},"modified":"2019-07-02T11:29:17","modified_gmt":"2019-07-02T09:29:17","slug":"descargas","status":"publish","type":"page","link":"https:\/\/www.jazsurface.com\/es\/descargas-documentacion-jaz-zubiaurre\/","title":{"rendered":"Descarga de documentaci\u00f3n de los productos Jaz-Zubiaurre"},"content":{"rendered":"<div class=\"wpb-content-wrapper\"><p>[vc_row][vc_column]<div class=\"dfd-spacer-module\"  data-units=\"px\" data-wide_resolution=\"1280\" data-wide_size=\"70\" data-normal_resolution=\"1024\" data-normal_size=\"60\" data-tablet_resolution=\"800\" data-tablet_size=\"40\" data-mobile_resolution=\"480\" data-mobile_size=\"30\" style=\"height: 70px;\"><\/div>[vc_row_inner][vc_column_inner el_class=\u00bbPagContenidosTablas\u00bb col_inner_shadow=\u00bbbox_shadow_enable:disable|shadow_horizontal:0|shadow_vertical:15|shadow_blur:50|shadow_spread:0|box_shadow_color:rgba(0%2C0%2C0%2C0.35)\u00bb col_inner_shadow_hover=\u00bbbox_shadow_enable:disable|shadow_horizontal:0|shadow_vertical:15|shadow_blur:50|shadow_spread:0|box_shadow_color:rgba(0%2C0%2C0%2C0.35)\u00bb][vc_raw_html]JTVCZG93bmxvYWRzJTIwY2F0ZWdvcnklM0RFUyUyMHRlbXBsYXRlJTNEamF6JTIwbG9vcF9zdGFydCUzRCUyMiUzQ3RhYmxlJTNFJTNDdGhlYWQlM0UlM0N0aCUyMGNsYXNzJTNEJTI3SXpxJTIwc3Vibml2ZWwzJTI3JTNFRG9jdW1lbnRvJTNDJTJGdGglM0UlM0N0aCUzRVRhbWElQzMlQjFvJTNDJTJGdGglM0UlM0N0aCUzRSUzQyUyRnRoJTNFJTNDJTJGdGhlYWQlM0UlM0N0Ym9keSUzRSUyMiUyMGxvb3BfZW5kJTNEJTNDJTJGdGJvZHklM0UlM0MlMkZ0YWJsZSUzRSUyMGJlZm9yZSUzRCUzQ3RyJTNFJTIwYWZ0ZXIlM0QlM0MlMkZ0ciUzRSUyMG9yZGVyYnklM0RkYXRlJTIwb3JkZXIlM0RERVNDJTVE[\/vc_raw_html][\/vc_column_inner][\/vc_row_inner]<div class=\"dfd-spacer-module\"  data-units=\"px\" data-wide_resolution=\"1280\" data-wide_size=\"70\" data-normal_resolution=\"1024\" data-normal_size=\"60\" data-tablet_resolution=\"800\" data-tablet_size=\"40\" data-mobile_resolution=\"480\" data-mobile_size=\"30\" style=\"height: 70px;\"><\/div>[\/vc_column][\/vc_row]<\/p>\n<\/div>","protected":false},"excerpt":{"rendered":"<p>[vc_row][vc_column][vc_row_inner][vc_column_inner el_class=\u00bbPagContenidosTablas\u00bb col_inner_shadow=\u00bbbox_shadow_enable:disable|shadow_horizontal:0|shadow_vertical:15|shadow_blur:50|shadow_spread:0|box_shadow_color:rgba(0%2C0%2C0%2C0.35)\u00bb col_inner_shadow_hover=\u00bbbox_shadow_enable:disable|shadow_horizontal:0|shadow_vertical:15|shadow_blur:50|shadow_spread:0|box_shadow_color:rgba(0%2C0%2C0%2C0.35)\u00bb][vc_raw_html]JTVCZG93bmxvYWRzJTIwY2F0ZWdvcnklM0RFUyUyMHRlbXBsYXRlJTNEamF6JTIwbG9vcF9zdGFydCUzRCUyMiUzQ3RhYmxlJTNFJTNDdGhlYWQlM0UlM0N0aCUyMGNsYXNzJTNEJTI3SXpxJTIwc3Vibml2ZWwzJTI3JTNFRG9jdW1lbnRvJTNDJTJGdGglM0UlM0N0aCUzRVRhbWElQzMlQjFvJTNDJTJGdGglM0UlM0N0aCUzRSUzQyUyRnRoJTNFJTNDJTJGdGhlYWQlM0UlM0N0Ym9keSUzRSUyMiUyMGxvb3BfZW5kJTNEJTNDJTJGdGJvZHklM0UlM0MlMkZ0YWJsZSUzRSUyMGJlZm9yZSUzRCUzQ3RyJTNFJTIwYWZ0ZXIlM0QlM0MlMkZ0ciUzRSUyMG9yZGVyYnklM0RkYXRlJTIwb3JkZXIlM0RERVNDJTVE[\/vc_raw_html][\/vc_column_inner][\/vc_row_inner][\/vc_column][\/vc_row]<\/p>\n","protected":false},"author":1,"featured_media":0,"parent":0,"menu_order":0,"comment_status":"closed","ping_status":"closed","template":"page-custom-with-header.php","meta":{"_acf_changed":false,"ngg_post_thumbnail":0,"footnotes":""},"class_list":["post-25004","page","type-page","status-publish","hentry"],"acf":[],"yoast_head":"<!-- This site is optimized with the Yoast SEO plugin v27.5 - https:\/\/yoast.com\/product\/yoast-seo-wordpress\/ -->\n<title>Descarga de documentaci\u00f3n de los productos Jaz-Zubiaurre - Jaz<\/title>\n<meta name=\"description\" content=\"P\u00e1gina para Descargar Documentaci\u00f3n referente a los productos de Jaz-Zubiaurre\" \/>\n<meta name=\"robots\" content=\"index, follow, max-snippet:-1, max-image-preview:large, max-video-preview:-1\" \/>\n<link rel=\"canonical\" href=\"https:\/\/www.jazsurface.com\/es\/descargas-documentacion-jaz-zubiaurre\/\" \/>\n<meta property=\"og:locale\" content=\"es_ES\" \/>\n<meta property=\"og:type\" content=\"article\" \/>\n<meta property=\"og:title\" content=\"Descarga de documentaci\u00f3n de los productos Jaz-Zubiaurre - Jaz\" \/>\n<meta property=\"og:description\" content=\"P\u00e1gina para Descargar Documentaci\u00f3n referente a los productos de Jaz-Zubiaurre\" \/>\n<meta property=\"og:url\" content=\"https:\/\/www.jazsurface.com\/es\/descargas-documentacion-jaz-zubiaurre\/\" \/>\n<meta property=\"og:site_name\" content=\"Jaz\" \/>\n<meta property=\"article:modified_time\" content=\"2019-07-02T09:29:17+00:00\" \/>\n<meta name=\"twitter:card\" content=\"summary_large_image\" \/>\n<meta name=\"twitter:label1\" content=\"Tiempo de lectura\" \/>\n\t<meta name=\"twitter:data1\" content=\"1 minuto\" \/>\n<script type=\"application\/ld+json\" class=\"yoast-schema-graph\">{\"@context\":\"https:\\\/\\\/schema.org\",\"@graph\":[{\"@type\":\"WebPage\",\"@id\":\"https:\\\/\\\/www.jazsurface.com\\\/es\\\/descargas-documentacion-jaz-zubiaurre\\\/\",\"url\":\"https:\\\/\\\/www.jazsurface.com\\\/es\\\/descargas-documentacion-jaz-zubiaurre\\\/\",\"name\":\"Descarga de documentaci\u00f3n de los productos Jaz-Zubiaurre - Jaz\",\"isPartOf\":{\"@id\":\"https:\\\/\\\/www.jazsurface.com\\\/es\\\/#website\"},\"datePublished\":\"2019-06-13T08:40:23+00:00\",\"dateModified\":\"2019-07-02T09:29:17+00:00\",\"description\":\"P\u00e1gina para Descargar Documentaci\u00f3n referente a los productos de Jaz-Zubiaurre\",\"breadcrumb\":{\"@id\":\"https:\\\/\\\/www.jazsurface.com\\\/es\\\/descargas-documentacion-jaz-zubiaurre\\\/#breadcrumb\"},\"inLanguage\":\"es\",\"potentialAction\":[{\"@type\":\"ReadAction\",\"target\":[\"https:\\\/\\\/www.jazsurface.com\\\/es\\\/descargas-documentacion-jaz-zubiaurre\\\/\"]}]},{\"@type\":\"BreadcrumbList\",\"@id\":\"https:\\\/\\\/www.jazsurface.com\\\/es\\\/descargas-documentacion-jaz-zubiaurre\\\/#breadcrumb\",\"itemListElement\":[{\"@type\":\"ListItem\",\"position\":1,\"name\":\"Portada\",\"item\":\"https:\\\/\\\/www.jazsurface.com\\\/es\\\/\"},{\"@type\":\"ListItem\",\"position\":2,\"name\":\"Descarga de documentaci\u00f3n de los productos Jaz-Zubiaurre\"}]},{\"@type\":\"WebSite\",\"@id\":\"https:\\\/\\\/www.jazsurface.com\\\/es\\\/#website\",\"url\":\"https:\\\/\\\/www.jazsurface.com\\\/es\\\/\",\"name\":\"Jaz\",\"description\":\"Especialistas en el tratamiento de superficies\",\"potentialAction\":[{\"@type\":\"SearchAction\",\"target\":{\"@type\":\"EntryPoint\",\"urlTemplate\":\"https:\\\/\\\/www.jazsurface.com\\\/es\\\/?s={search_term_string}\"},\"query-input\":{\"@type\":\"PropertyValueSpecification\",\"valueRequired\":true,\"valueName\":\"search_term_string\"}}],\"inLanguage\":\"es\"}]}<\/script>\n<!-- \/ Yoast SEO plugin. -->","yoast_head_json":{"title":"Descarga de documentaci\u00f3n de los productos Jaz-Zubiaurre - Jaz","description":"P\u00e1gina para Descargar Documentaci\u00f3n referente a los productos de Jaz-Zubiaurre","robots":{"index":"index","follow":"follow","max-snippet":"max-snippet:-1","max-image-preview":"max-image-preview:large","max-video-preview":"max-video-preview:-1"},"canonical":"https:\/\/www.jazsurface.com\/es\/descargas-documentacion-jaz-zubiaurre\/","og_locale":"es_ES","og_type":"article","og_title":"Descarga de documentaci\u00f3n de los productos Jaz-Zubiaurre - Jaz","og_description":"P\u00e1gina para Descargar Documentaci\u00f3n referente a los productos de Jaz-Zubiaurre","og_url":"https:\/\/www.jazsurface.com\/es\/descargas-documentacion-jaz-zubiaurre\/","og_site_name":"Jaz","article_modified_time":"2019-07-02T09:29:17+00:00","twitter_card":"summary_large_image","twitter_misc":{"Tiempo de lectura":"1 minuto"},"schema":{"@context":"https:\/\/schema.org","@graph":[{"@type":"WebPage","@id":"https:\/\/www.jazsurface.com\/es\/descargas-documentacion-jaz-zubiaurre\/","url":"https:\/\/www.jazsurface.com\/es\/descargas-documentacion-jaz-zubiaurre\/","name":"Descarga de documentaci\u00f3n de los productos Jaz-Zubiaurre - Jaz","isPartOf":{"@id":"https:\/\/www.jazsurface.com\/es\/#website"},"datePublished":"2019-06-13T08:40:23+00:00","dateModified":"2019-07-02T09:29:17+00:00","description":"P\u00e1gina para Descargar Documentaci\u00f3n referente a los productos de Jaz-Zubiaurre","breadcrumb":{"@id":"https:\/\/www.jazsurface.com\/es\/descargas-documentacion-jaz-zubiaurre\/#breadcrumb"},"inLanguage":"es","potentialAction":[{"@type":"ReadAction","target":["https:\/\/www.jazsurface.com\/es\/descargas-documentacion-jaz-zubiaurre\/"]}]},{"@type":"BreadcrumbList","@id":"https:\/\/www.jazsurface.com\/es\/descargas-documentacion-jaz-zubiaurre\/#breadcrumb","itemListElement":[{"@type":"ListItem","position":1,"name":"Portada","item":"https:\/\/www.jazsurface.com\/es\/"},{"@type":"ListItem","position":2,"name":"Descarga de documentaci\u00f3n de los productos Jaz-Zubiaurre"}]},{"@type":"WebSite","@id":"https:\/\/www.jazsurface.com\/es\/#website","url":"https:\/\/www.jazsurface.com\/es\/","name":"Jaz","description":"Especialistas en el tratamiento de superficies","potentialAction":[{"@type":"SearchAction","target":{"@type":"EntryPoint","urlTemplate":"https:\/\/www.jazsurface.com\/es\/?s={search_term_string}"},"query-input":{"@type":"PropertyValueSpecification","valueRequired":true,"valueName":"search_term_string"}}],"inLanguage":"es"}]}},"_links":{"self":[{"href":"https:\/\/www.jazsurface.com\/es\/wp-json\/wp\/v2\/pages\/25004","targetHints":{"allow":["GET"]}}],"collection":[{"href":"https:\/\/www.jazsurface.com\/es\/wp-json\/wp\/v2\/pages"}],"about":[{"href":"https:\/\/www.jazsurface.com\/es\/wp-json\/wp\/v2\/types\/page"}],"author":[{"embeddable":true,"href":"https:\/\/www.jazsurface.com\/es\/wp-json\/wp\/v2\/users\/1"}],"replies":[{"embeddable":true,"href":"https:\/\/www.jazsurface.com\/es\/wp-json\/wp\/v2\/comments?post=25004"}],"version-history":[{"count":27,"href":"https:\/\/www.jazsurface.com\/es\/wp-json\/wp\/v2\/pages\/25004\/revisions"}],"predecessor-version":[{"id":25793,"href":"https:\/\/www.jazsurface.com\/es\/wp-json\/wp\/v2\/pages\/25004\/revisions\/25793"}],"wp:attachment":[{"href":"https:\/\/www.jazsurface.com\/es\/wp-json\/wp\/v2\/media?parent=25004"}],"curies":[{"name":"wp","href":"https:\/\/api.w.org\/{rel}","templated":true}]}}