{"id":44761,"date":"2023-12-01T10:40:52","date_gmt":"2023-12-01T09:40:52","guid":{"rendered":"https:\/\/www.jazsurface.com\/?post_type=product&#038;p=44761"},"modified":"2024-01-25T10:18:20","modified_gmt":"2024-01-25T09:18:20","slug":"abrasive-mesh-brushes-and-sandpaper-with-shank","status":"publish","type":"product","link":"https:\/\/www.jazsurface.com\/en\/brushes-for-polishing\/abrasive-mesh-brushes-and-sandpaper-with-shank\/","title":{"rendered":"Abrasive Mesh Brushes and Sandpaper with Shank"},"content":{"rendered":"<div class=\"wpb-content-wrapper\"><p>[vc_row dfd_enable_overlay=&#8221;&#8221;][vc_column][vc_column_text el_class=&#8221;textDescripProducto&#8221;]Brushes with sheets of fleece and interspersed with sheets of sandpaper fabric with the aim of achieving a greater removal of material and a rougher finishing.[\/vc_column_text][\/vc_column][\/vc_row]<\/p>\n<\/div>","protected":false},"excerpt":{"rendered":"<p>[vc_row dfd_enable_overlay=&#8221;&#8221;][vc_column][vc_column_text el_class=&#8221;textDescripProducto&#8221;]Brushes with sheets of fleece and interspersed with sheets of sandpaper fabric with the aim of achieving a greater removal of material and a rougher finishing.[\/vc_column_text][\/vc_column][\/vc_row]<\/p>\n","protected":false},"featured_media":43260,"template":"","meta":{"_acf_changed":false,"ngg_post_thumbnail":0},"product_brand":[],"product_cat":[522,328,331],"product_tag":[],"class_list":{"0":"post-44761","1":"product","2":"type-product","3":"status-publish","4":"has-post-thumbnail","6":"product_cat-brushes-for-polishing","7":"product_cat-wheel-cup-and-end-brushes-for-bench-grinders","8":"product_cat-wheel-cup-end-brushes-for-drills","10":"first","11":"instock","12":"shipping-taxable","13":"product-type-simple"},"acf":[],"yoast_head":"<!-- This site is optimized with the Yoast SEO plugin v27.5 - https:\/\/yoast.com\/product\/yoast-seo-wordpress\/ -->\n<title>Abrasive Mesh Brushes and Sandpaper with Shank for surface treatment - Jaz<\/title>\n<meta name=\"description\" content=\"Los Cepillos BS para piezas de revoluci\u00f3n facilitan la limpieza de la pieza sin desmontarla. Ideal para trabajos de mantenimiento, eliminaci\u00f3n de rebabas, \u00f3xido, pintura, etc.\" \/>\n<meta name=\"robots\" content=\"index, follow, max-snippet:-1, max-image-preview:large, max-video-preview:-1\" \/>\n<link rel=\"canonical\" href=\"https:\/\/www.jazsurface.com\/en\/brushes-for-polishing\/abrasive-mesh-brushes-and-sandpaper-with-shank\/\" \/>\n<meta property=\"og:locale\" content=\"en_GB\" \/>\n<meta property=\"og:type\" content=\"article\" \/>\n<meta property=\"og:title\" content=\"Abrasive Mesh Brushes and Sandpaper with Shank for surface treatment - Jaz\" \/>\n<meta property=\"og:description\" content=\"Los Cepillos BS para piezas de revoluci\u00f3n facilitan la limpieza de la pieza sin desmontarla. Ideal para trabajos de mantenimiento, eliminaci\u00f3n de rebabas, \u00f3xido, pintura, etc.\" \/>\n<meta property=\"og:url\" content=\"https:\/\/www.jazsurface.com\/en\/brushes-for-polishing\/abrasive-mesh-brushes-and-sandpaper-with-shank\/\" \/>\n<meta property=\"og:site_name\" content=\"Jaz\" \/>\n<meta property=\"article:modified_time\" content=\"2024-01-25T09:18:20+00:00\" \/>\n<meta property=\"og:image\" content=\"https:\/\/www.jazsurface.com\/wp-content\/uploads\/2023\/11\/jaz-cepillos-pulidos-cepillos-malla-abrasiva-y-lija-con-espiga1.jpg\" \/>\n\t<meta property=\"og:image:width\" content=\"1000\" \/>\n\t<meta property=\"og:image:height\" content=\"1000\" \/>\n\t<meta property=\"og:image:type\" content=\"image\/jpeg\" \/>\n<meta name=\"twitter:card\" content=\"summary_large_image\" \/>\n<meta name=\"twitter:label1\" content=\"Estimated reading time\" \/>\n\t<meta name=\"twitter:data1\" content=\"1 minute\" \/>\n<script type=\"application\/ld+json\" class=\"yoast-schema-graph\">{\"@context\":\"https:\\\/\\\/schema.org\",\"@graph\":[{\"@type\":\"WebPage\",\"@id\":\"https:\\\/\\\/www.jazsurface.com\\\/en\\\/brushes-for-polishing\\\/abrasive-mesh-brushes-and-sandpaper-with-shank\\\/\",\"url\":\"https:\\\/\\\/www.jazsurface.com\\\/en\\\/brushes-for-polishing\\\/abrasive-mesh-brushes-and-sandpaper-with-shank\\\/\",\"name\":\"Abrasive Mesh Brushes and Sandpaper with Shank for surface treatment - Jaz\",\"isPartOf\":{\"@id\":\"https:\\\/\\\/www.jazsurface.com\\\/en\\\/#website\"},\"primaryImageOfPage\":{\"@id\":\"https:\\\/\\\/www.jazsurface.com\\\/en\\\/brushes-for-polishing\\\/abrasive-mesh-brushes-and-sandpaper-with-shank\\\/#primaryimage\"},\"image\":{\"@id\":\"https:\\\/\\\/www.jazsurface.com\\\/en\\\/brushes-for-polishing\\\/abrasive-mesh-brushes-and-sandpaper-with-shank\\\/#primaryimage\"},\"thumbnailUrl\":\"https:\\\/\\\/www.jazsurface.com\\\/wp-content\\\/uploads\\\/2023\\\/11\\\/jaz-cepillos-pulidos-cepillos-malla-abrasiva-y-lija-con-espiga1.jpg\",\"datePublished\":\"2023-12-01T09:40:52+00:00\",\"dateModified\":\"2024-01-25T09:18:20+00:00\",\"description\":\"Los Cepillos BS para piezas de revoluci\u00f3n facilitan la limpieza de la pieza sin desmontarla. Ideal para trabajos de mantenimiento, eliminaci\u00f3n de rebabas, \u00f3xido, pintura, etc.\",\"breadcrumb\":{\"@id\":\"https:\\\/\\\/www.jazsurface.com\\\/en\\\/brushes-for-polishing\\\/abrasive-mesh-brushes-and-sandpaper-with-shank\\\/#breadcrumb\"},\"inLanguage\":\"en-GB\",\"potentialAction\":[{\"@type\":\"ReadAction\",\"target\":[\"https:\\\/\\\/www.jazsurface.com\\\/en\\\/brushes-for-polishing\\\/abrasive-mesh-brushes-and-sandpaper-with-shank\\\/\"]}]},{\"@type\":\"ImageObject\",\"inLanguage\":\"en-GB\",\"@id\":\"https:\\\/\\\/www.jazsurface.com\\\/en\\\/brushes-for-polishing\\\/abrasive-mesh-brushes-and-sandpaper-with-shank\\\/#primaryimage\",\"url\":\"https:\\\/\\\/www.jazsurface.com\\\/wp-content\\\/uploads\\\/2023\\\/11\\\/jaz-cepillos-pulidos-cepillos-malla-abrasiva-y-lija-con-espiga1.jpg\",\"contentUrl\":\"https:\\\/\\\/www.jazsurface.com\\\/wp-content\\\/uploads\\\/2023\\\/11\\\/jaz-cepillos-pulidos-cepillos-malla-abrasiva-y-lija-con-espiga1.jpg\",\"width\":1000,\"height\":1000,\"caption\":\"JAZ ZUBIAURRE: Cepillos de Malla Abrasiva con espiga\"},{\"@type\":\"BreadcrumbList\",\"@id\":\"https:\\\/\\\/www.jazsurface.com\\\/en\\\/brushes-for-polishing\\\/abrasive-mesh-brushes-and-sandpaper-with-shank\\\/#breadcrumb\",\"itemListElement\":[{\"@type\":\"ListItem\",\"position\":1,\"name\":\"Portada\",\"item\":\"https:\\\/\\\/www.jazsurface.com\\\/en\\\/\"},{\"@type\":\"ListItem\",\"position\":2,\"name\":\"Products\",\"item\":\"https:\\\/\\\/www.jazsurface.com\\\/en\\\/products\\\/\"},{\"@type\":\"ListItem\",\"position\":3,\"name\":\"Abrasive Mesh Brushes and Sandpaper with Shank\"}]},{\"@type\":\"WebSite\",\"@id\":\"https:\\\/\\\/www.jazsurface.com\\\/en\\\/#website\",\"url\":\"https:\\\/\\\/www.jazsurface.com\\\/en\\\/\",\"name\":\"Jaz\",\"description\":\"Especialistas en el tratamiento de superficies\",\"potentialAction\":[{\"@type\":\"SearchAction\",\"target\":{\"@type\":\"EntryPoint\",\"urlTemplate\":\"https:\\\/\\\/www.jazsurface.com\\\/en\\\/?s={search_term_string}\"},\"query-input\":{\"@type\":\"PropertyValueSpecification\",\"valueRequired\":true,\"valueName\":\"search_term_string\"}}],\"inLanguage\":\"en-GB\"}]}<\/script>\n<!-- \/ Yoast SEO plugin. -->","yoast_head_json":{"title":"Abrasive Mesh Brushes and Sandpaper with Shank for surface treatment - Jaz","description":"Los Cepillos BS para piezas de revoluci\u00f3n facilitan la limpieza de la pieza sin desmontarla. Ideal para trabajos de mantenimiento, eliminaci\u00f3n de rebabas, \u00f3xido, pintura, etc.","robots":{"index":"index","follow":"follow","max-snippet":"max-snippet:-1","max-image-preview":"max-image-preview:large","max-video-preview":"max-video-preview:-1"},"canonical":"https:\/\/www.jazsurface.com\/en\/brushes-for-polishing\/abrasive-mesh-brushes-and-sandpaper-with-shank\/","og_locale":"en_GB","og_type":"article","og_title":"Abrasive Mesh Brushes and Sandpaper with Shank for surface treatment - Jaz","og_description":"Los Cepillos BS para piezas de revoluci\u00f3n facilitan la limpieza de la pieza sin desmontarla. Ideal para trabajos de mantenimiento, eliminaci\u00f3n de rebabas, \u00f3xido, pintura, etc.","og_url":"https:\/\/www.jazsurface.com\/en\/brushes-for-polishing\/abrasive-mesh-brushes-and-sandpaper-with-shank\/","og_site_name":"Jaz","article_modified_time":"2024-01-25T09:18:20+00:00","og_image":[{"width":1000,"height":1000,"url":"https:\/\/www.jazsurface.com\/wp-content\/uploads\/2023\/11\/jaz-cepillos-pulidos-cepillos-malla-abrasiva-y-lija-con-espiga1.jpg","type":"image\/jpeg"}],"twitter_card":"summary_large_image","twitter_misc":{"Estimated reading time":"1 minute"},"schema":{"@context":"https:\/\/schema.org","@graph":[{"@type":"WebPage","@id":"https:\/\/www.jazsurface.com\/en\/brushes-for-polishing\/abrasive-mesh-brushes-and-sandpaper-with-shank\/","url":"https:\/\/www.jazsurface.com\/en\/brushes-for-polishing\/abrasive-mesh-brushes-and-sandpaper-with-shank\/","name":"Abrasive Mesh Brushes and Sandpaper with Shank for surface treatment - Jaz","isPartOf":{"@id":"https:\/\/www.jazsurface.com\/en\/#website"},"primaryImageOfPage":{"@id":"https:\/\/www.jazsurface.com\/en\/brushes-for-polishing\/abrasive-mesh-brushes-and-sandpaper-with-shank\/#primaryimage"},"image":{"@id":"https:\/\/www.jazsurface.com\/en\/brushes-for-polishing\/abrasive-mesh-brushes-and-sandpaper-with-shank\/#primaryimage"},"thumbnailUrl":"https:\/\/www.jazsurface.com\/wp-content\/uploads\/2023\/11\/jaz-cepillos-pulidos-cepillos-malla-abrasiva-y-lija-con-espiga1.jpg","datePublished":"2023-12-01T09:40:52+00:00","dateModified":"2024-01-25T09:18:20+00:00","description":"Los Cepillos BS para piezas de revoluci\u00f3n facilitan la limpieza de la pieza sin desmontarla. Ideal para trabajos de mantenimiento, eliminaci\u00f3n de rebabas, \u00f3xido, pintura, etc.","breadcrumb":{"@id":"https:\/\/www.jazsurface.com\/en\/brushes-for-polishing\/abrasive-mesh-brushes-and-sandpaper-with-shank\/#breadcrumb"},"inLanguage":"en-GB","potentialAction":[{"@type":"ReadAction","target":["https:\/\/www.jazsurface.com\/en\/brushes-for-polishing\/abrasive-mesh-brushes-and-sandpaper-with-shank\/"]}]},{"@type":"ImageObject","inLanguage":"en-GB","@id":"https:\/\/www.jazsurface.com\/en\/brushes-for-polishing\/abrasive-mesh-brushes-and-sandpaper-with-shank\/#primaryimage","url":"https:\/\/www.jazsurface.com\/wp-content\/uploads\/2023\/11\/jaz-cepillos-pulidos-cepillos-malla-abrasiva-y-lija-con-espiga1.jpg","contentUrl":"https:\/\/www.jazsurface.com\/wp-content\/uploads\/2023\/11\/jaz-cepillos-pulidos-cepillos-malla-abrasiva-y-lija-con-espiga1.jpg","width":1000,"height":1000,"caption":"JAZ ZUBIAURRE: Cepillos de Malla Abrasiva con espiga"},{"@type":"BreadcrumbList","@id":"https:\/\/www.jazsurface.com\/en\/brushes-for-polishing\/abrasive-mesh-brushes-and-sandpaper-with-shank\/#breadcrumb","itemListElement":[{"@type":"ListItem","position":1,"name":"Portada","item":"https:\/\/www.jazsurface.com\/en\/"},{"@type":"ListItem","position":2,"name":"Products","item":"https:\/\/www.jazsurface.com\/en\/products\/"},{"@type":"ListItem","position":3,"name":"Abrasive Mesh Brushes and Sandpaper with Shank"}]},{"@type":"WebSite","@id":"https:\/\/www.jazsurface.com\/en\/#website","url":"https:\/\/www.jazsurface.com\/en\/","name":"Jaz","description":"Especialistas en el tratamiento de superficies","potentialAction":[{"@type":"SearchAction","target":{"@type":"EntryPoint","urlTemplate":"https:\/\/www.jazsurface.com\/en\/?s={search_term_string}"},"query-input":{"@type":"PropertyValueSpecification","valueRequired":true,"valueName":"search_term_string"}}],"inLanguage":"en-GB"}]}},"_links":{"self":[{"href":"https:\/\/www.jazsurface.com\/en\/wp-json\/wp\/v2\/product\/44761","targetHints":{"allow":["GET"]}}],"collection":[{"href":"https:\/\/www.jazsurface.com\/en\/wp-json\/wp\/v2\/product"}],"about":[{"href":"https:\/\/www.jazsurface.com\/en\/wp-json\/wp\/v2\/types\/product"}],"wp:featuredmedia":[{"embeddable":true,"href":"https:\/\/www.jazsurface.com\/en\/wp-json\/wp\/v2\/media\/43260"}],"wp:attachment":[{"href":"https:\/\/www.jazsurface.com\/en\/wp-json\/wp\/v2\/media?parent=44761"}],"wp:term":[{"taxonomy":"product_brand","embeddable":true,"href":"https:\/\/www.jazsurface.com\/en\/wp-json\/wp\/v2\/product_brand?post=44761"},{"taxonomy":"product_cat","embeddable":true,"href":"https:\/\/www.jazsurface.com\/en\/wp-json\/wp\/v2\/product_cat?post=44761"},{"taxonomy":"product_tag","embeddable":true,"href":"https:\/\/www.jazsurface.com\/en\/wp-json\/wp\/v2\/product_tag?post=44761"}],"curies":[{"name":"wp","href":"https:\/\/api.w.org\/{rel}","templated":true}]}}